{"id":972,"date":"2026-03-18T15:42:34","date_gmt":"2026-03-18T14:42:34","guid":{"rendered":"https:\/\/hotel.tribalt.agency\/?page_id=972"},"modified":"2026-04-05T15:55:10","modified_gmt":"2026-04-05T13:55:10","slug":"autour-du-96","status":"publish","type":"page","link":"https:\/\/hotel96.com\/index.php\/c-marseille-bb\/autour-du-96\/","title":{"rendered":"Autour du 96"},"content":{"rendered":"\t\t<div data-elementor-type=\"wp-page\" data-elementor-id=\"972\" class=\"elementor elementor-972\" data-elementor-post-type=\"page\">\n\t\t\t\t<div class=\"elementor-element elementor-element-533ce00 e-flex e-con-boxed e-con e-parent\" data-id=\"533ce00\" data-element_type=\"container\" data-e-type=\"container\" data-settings=\"{&quot;background_background&quot;:&quot;classic&quot;}\">\n\t\t\t\t\t<div class=\"e-con-inner\">\n\t\t\t\t<div class=\"elementor-element elementor-element-023ba44 elementor-widget elementor-widget-heading\" data-id=\"023ba44\" data-element_type=\"widget\" data-e-type=\"widget\" data-widget_type=\"heading.default\">\n\t\t\t\t\t<h2 class=\"elementor-heading-title elementor-size-default\">Autour du 96 <\/h2>\t\t\t\t<\/div>\n\t\t\t\t\t<\/div>\n\t\t\t\t<\/div>\n\t\t<div class=\"elementor-element elementor-element-5b209668 e-flex e-con-boxed e-con e-parent\" data-id=\"5b209668\" data-element_type=\"container\" data-e-type=\"container\" data-settings=\"{&quot;background_background&quot;:&quot;classic&quot;}\">\n\t\t\t\t\t<div class=\"e-con-inner\">\n\t\t<div class=\"elementor-element elementor-element-32ae7557 e-con-full e-flex e-con e-child\" data-id=\"32ae7557\" data-element_type=\"container\" data-e-type=\"container\">\n\t\t\t\t<div class=\"elementor-element elementor-element-724522b elementor-widget elementor-widget-image\" data-id=\"724522b\" data-element_type=\"widget\" data-e-type=\"widget\" data-widget_type=\"image.default\">\n\t\t\t\t\t\t\t\t\t\t\t\t\t\t\t<img fetchpriority=\"high\" decoding=\"async\" width=\"800\" height=\"629\" src=\"https:\/\/hotel96.com\/wp-content\/uploads\/2026\/03\/sormiuo-1024x805.png\" class=\"attachment-large size-large wp-image-983\" alt=\"\" srcset=\"https:\/\/hotel96.com\/wp-content\/uploads\/2026\/03\/sormiuo-1024x805.png 1024w, https:\/\/hotel96.com\/wp-content\/uploads\/2026\/03\/sormiuo-300x236.png 300w, https:\/\/hotel96.com\/wp-content\/uploads\/2026\/03\/sormiuo-768x604.png 768w, https:\/\/hotel96.com\/wp-content\/uploads\/2026\/03\/sormiuo.png 1051w\" sizes=\"(max-width: 800px) 100vw, 800px\" \/>\t\t\t\t\t\t\t\t\t\t\t\t\t\t\t<\/div>\n\t\t\t\t<\/div>\n\t\t\t\t\t<\/div>\n\t\t\t\t<\/div>\n\t\t<div class=\"elementor-element elementor-element-b2eb505 e-flex e-con-boxed e-con e-parent\" data-id=\"b2eb505\" data-element_type=\"container\" data-e-type=\"container\" data-settings=\"{&quot;background_background&quot;:&quot;classic&quot;}\">\n\t\t\t\t\t<div class=\"e-con-inner\">\n\t\t\t\t<div class=\"elementor-element elementor-element-b572cda elementor-widget elementor-widget-text-editor\" data-id=\"b572cda\" data-element_type=\"widget\" data-e-type=\"widget\" data-widget_type=\"text-editor.default\">\n\t\t\t\t\t\t\t\t\t<p><strong>Se balader sur les hauteurs de Sormiou et Morgiou <\/strong><\/p><p><em>A 2 km de l\u2019h\u00f4tel, se trouve le parking de Morgiou, point de d\u00e9part des sentiers qui m\u00e8nent \u00e0 Sormiou et Morgiou\u00a0! <\/em><\/p><p>Au d\u00e9part du parking, en 45 minutes de marche, vous arriverez \u00e0 la calanque de Sormiou. Par une jolie boucle vers le plateau de Morgiou, vous pourrez d\u00e9couvrir le c\u00f4t\u00e9 Est des calanques. Avec un beau temps vous verrez jusqu\u2019\u00e0 la Madrague des Lecques !<\/p><p>Sans descendre jusqu\u2019aux calanques, vous pourrez aussi r\u00e9aliser une petite boucle dans les hauteurs. Le sentier du feu qui relie les deux cols, Sormiou et Morgiou, offre une vue magnifique sur le massif des calanques d\u2019un c\u00f4t\u00e9 et sur la ville de Marseille de l\u2019autre. Une douce balade qui vous invite \u00e0 la m\u00e9ditation, notamment aux heures matinales lorsque tout est calme et que le ciel rev\u00eat des couleurs po\u00e9tiques.<\/p><p>Les plus sportifs \u00e0 la recherche pourront descendre jusqu\u2019aux calanques et m\u00eame rejoindre Sugiton ou Marseilleveyre. Dans notre salon, vous trouverez une grande collection de livres et de guides \u00e0 consulter et la carte IGN des Calanques est en vente dans notre boutique. L\u2019appli Mes Calanques pourra aussi vous aider.<\/p><p><strong>D\u00e9jeuner sur la terrasse de Chez Z\u00e9<\/strong><\/p><p>De retour au parking de Morgiou, vous \u00eates juste \u00e0 c\u00f4t\u00e9 d\u2019un restaurant tr\u00e8s appr\u00e9ci\u00e9s des locaux, une v\u00e9ritable institution marseillaise. Le restaurant Chez Z\u00e9 sert des pizzas cuites au feu de bois et des sp\u00e9cialit\u00e9s proven\u00e7ales, dans un cadre tr\u00e8s convivial. Une bonne adresse pour d\u00e9jeuner en terrasse avant de rentrer faire la sieste ou profiter de la piscine \u00e0 l\u2019h\u00f4tel.\u00a0<\/p><p><strong>Filer prendre un bain \u00e0 la plage <\/strong><\/p><p>Le Bain des Dames, \u00e0 Montredon, est un bon spot pour aller prendre un bain dans l\u2019eau de mer (compter 15 min en v\u00e9lo depuis l\u2019h\u00f4tel). Juste \u00e0 c\u00f4t\u00e9, l\u2019Abricotier et les Sablettes (acc\u00e8s par escaliers) sont des plages de sable o\u00f9 vous pouvez vous rendre avec les enfants.<\/p><p>\u00a0<\/p><p><strong>Visiter le MAC et la Cit\u00e9 Radieuse <\/strong><\/p><p>Le Mus\u00e9e d\u2019Art Contemporain de Marseille se situe dans le quartier de Bonneveine, entre l\u2019h\u00f4tel et les plages. Vous y acc\u00e9dez en 5 minutes \u00e0 v\u00e9lo depuis chez nous.<\/p><p>Pour une journ\u00e9e 100% arty, vous pouvez combiner la visite du MAC avec un tour \u00e0 la cit\u00e9 radieuse du Corbusier, qui se trouve \u00e0 2 km de ce dernier.<\/p><p><strong>Aller voir un match au V\u00e9lodrome <\/strong><\/p><p>Vous pr\u00e9voyez un s\u00e9jour au 96 \u00e0 l\u2019occasion d\u2019un \u00e9v\u00e9nement au V\u00e9lodrome\u00a0? Ou peut-\u00eatre souhaitez vous profiter de votre escapade \u00e0 Marseille pour aller visiter ce stade mythique\u00a0? Pour y acc\u00e9der depuis l\u2019h\u00f4tel, vous pourrez prendre le bus 22 ou 23, qui s\u2019arr\u00eatent tous les deux \u00e0 400 m\u00e8tres de chez nous et vous conduirons directement au stade. Comptez 20 minutes de trajet sans bouchons.<\/p><p><strong>Randonner pendant 2 jours sur le GR98-51 de Cassis \u00e0 Marseille <\/strong><\/p><p>La portion du GR 98-51 de Cassis \u00e0 Marseille est une randonn\u00e9e \u00e9poustouflante dans les calanques, offrant de magnifiques panoramas entre mer et montagne. Vous pouvez r\u00e9aliser cet itin\u00e9raire en deux jours et faire une escale \u00e0 l\u2019H\u00f4tel 96. Une fois sortis du parc, apr\u00e8s le col de Morgiou, il vous faudra parcourir 2 km, \u00e0 pied ou en bus, pour atteindre le 96\u00a0!\u00a0<\/p>\t\t\t\t\t\t\t\t<\/div>\n\t\t\t\t\t<\/div>\n\t\t\t\t<\/div>\n\t\t<div class=\"elementor-element elementor-element-95ef9a3 e-flex e-con-boxed e-con e-parent\" data-id=\"95ef9a3\" data-element_type=\"container\" data-e-type=\"container\" data-settings=\"{&quot;background_background&quot;:&quot;classic&quot;}\">\n\t\t\t\t\t<div class=\"e-con-inner\">\n\t\t\t\t<div class=\"elementor-element elementor-element-efda76c elementor-mobile-align-center elementor-align-center elementor-widget elementor-widget-global elementor-global-1319 elementor-widget-button\" data-id=\"efda76c\" data-element_type=\"widget\" data-e-type=\"widget\" data-widget_type=\"button.default\">\n\t\t\t\t\t\t\t\t\t\t<a class=\"elementor-button elementor-button-link elementor-size-sm\" href=\"https:\/\/hotel96.com\/index.php\/c-marseille-bb\/\">\n\t\t\t\t\t\t<span class=\"elementor-button-content-wrapper\">\n\t\t\t\t\t\t\t\t\t<span class=\"elementor-button-text\">Retour<\/span>\n\t\t\t\t\t<\/span>\n\t\t\t\t\t<\/a>\n\t\t\t\t\t\t\t\t<\/div>\n\t\t\t\t\t<\/div>\n\t\t\t\t<\/div>\n\t\t\t\t<\/div>\n\t\t","protected":false},"excerpt":{"rendered":"<p>Autour du 96 Se balader sur les hauteurs de Sormiou et Morgiou A 2 km de l\u2019h\u00f4tel, se trouve le parking de Morgiou, point de d\u00e9part des sentiers qui m\u00e8nent \u00e0 Sormiou et Morgiou\u00a0! Au d\u00e9part du parking, en 45 minutes de marche, vous arriverez \u00e0 la calanque de Sormiou. Par une jolie boucle vers [&hellip;]<\/p>\n","protected":false},"author":1,"featured_media":0,"parent":89,"menu_order":0,"comment_status":"closed","ping_status":"closed","template":"","meta":{"footnotes":""},"class_list":["post-972","page","type-page","status-publish","hentry"],"yoast_head":"<!-- This site is optimized with the Yoast SEO plugin v27.3 - https:\/\/yoast.com\/product\/yoast-seo-wordpress\/ -->\n<title>Autour du 96 - H\u00f4tel 96<\/title>\n<meta name=\"robots\" content=\"index, follow, max-snippet:-1, max-image-preview:large, max-video-preview:-1\" \/>\n<link rel=\"canonical\" href=\"https:\/\/hotel96.com\/index.php\/c-marseille-bb\/autour-du-96\/\" \/>\n<meta property=\"og:locale\" content=\"fr_FR\" \/>\n<meta property=\"og:type\" content=\"article\" \/>\n<meta property=\"og:title\" content=\"Autour du 96 - H\u00f4tel 96\" \/>\n<meta property=\"og:description\" content=\"Autour du 96 Se balader sur les hauteurs de Sormiou et Morgiou A 2 km de l\u2019h\u00f4tel, se trouve le parking de Morgiou, point de d\u00e9part des sentiers qui m\u00e8nent \u00e0 Sormiou et Morgiou\u00a0! Au d\u00e9part du parking, en 45 minutes de marche, vous arriverez \u00e0 la calanque de Sormiou. Par une jolie boucle vers [&hellip;]\" \/>\n<meta property=\"og:url\" content=\"https:\/\/hotel96.com\/index.php\/c-marseille-bb\/autour-du-96\/\" \/>\n<meta property=\"og:site_name\" content=\"H\u00f4tel 96\" \/>\n<meta property=\"article:publisher\" content=\"https:\/\/www.facebook.com\/Htel-96-301720049863669\/\" \/>\n<meta property=\"article:modified_time\" content=\"2026-04-05T13:55:10+00:00\" \/>\n<meta property=\"og:image\" content=\"https:\/\/hotel96.com\/wp-content\/uploads\/2026\/03\/sormiuo-1024x805.png\" \/>\n<meta name=\"twitter:card\" content=\"summary_large_image\" \/>\n<meta name=\"twitter:label1\" content=\"Dur\u00e9e de lecture estim\u00e9e\" \/>\n\t<meta name=\"twitter:data1\" content=\"3 minutes\" \/>\n<script type=\"application\/ld+json\" class=\"yoast-schema-graph\">{\"@context\":\"https:\\\/\\\/schema.org\",\"@graph\":[{\"@type\":\"WebPage\",\"@id\":\"https:\\\/\\\/hotel96.com\\\/index.php\\\/c-marseille-bb\\\/autour-du-96\\\/\",\"url\":\"https:\\\/\\\/hotel96.com\\\/index.php\\\/c-marseille-bb\\\/autour-du-96\\\/\",\"name\":\"Autour du 96 - H\u00f4tel 96\",\"isPartOf\":{\"@id\":\"https:\\\/\\\/hotel96.com\\\/#website\"},\"primaryImageOfPage\":{\"@id\":\"https:\\\/\\\/hotel96.com\\\/index.php\\\/c-marseille-bb\\\/autour-du-96\\\/#primaryimage\"},\"image\":{\"@id\":\"https:\\\/\\\/hotel96.com\\\/index.php\\\/c-marseille-bb\\\/autour-du-96\\\/#primaryimage\"},\"thumbnailUrl\":\"https:\\\/\\\/hotel96.com\\\/wp-content\\\/uploads\\\/2026\\\/03\\\/sormiuo-1024x805.png\",\"datePublished\":\"2026-03-18T14:42:34+00:00\",\"dateModified\":\"2026-04-05T13:55:10+00:00\",\"breadcrumb\":{\"@id\":\"https:\\\/\\\/hotel96.com\\\/index.php\\\/c-marseille-bb\\\/autour-du-96\\\/#breadcrumb\"},\"inLanguage\":\"fr-FR\",\"potentialAction\":[{\"@type\":\"ReadAction\",\"target\":[\"https:\\\/\\\/hotel96.com\\\/index.php\\\/c-marseille-bb\\\/autour-du-96\\\/\"]}]},{\"@type\":\"ImageObject\",\"inLanguage\":\"fr-FR\",\"@id\":\"https:\\\/\\\/hotel96.com\\\/index.php\\\/c-marseille-bb\\\/autour-du-96\\\/#primaryimage\",\"url\":\"https:\\\/\\\/hotel96.com\\\/wp-content\\\/uploads\\\/2026\\\/03\\\/sormiuo.png\",\"contentUrl\":\"https:\\\/\\\/hotel96.com\\\/wp-content\\\/uploads\\\/2026\\\/03\\\/sormiuo.png\",\"width\":1051,\"height\":826},{\"@type\":\"BreadcrumbList\",\"@id\":\"https:\\\/\\\/hotel96.com\\\/index.php\\\/c-marseille-bb\\\/autour-du-96\\\/#breadcrumb\",\"itemListElement\":[{\"@type\":\"ListItem\",\"position\":1,\"name\":\"Accueil\",\"item\":\"https:\\\/\\\/hotel96.com\\\/index.php\\\/fr\\\/accueil\\\/\"},{\"@type\":\"ListItem\",\"position\":2,\"name\":\"C \u00a0MARSEILLE \u00a0BB !!\",\"item\":\"https:\\\/\\\/hotel96.com\\\/index.php\\\/fr\\\/c-marseille-bb\\\/\"},{\"@type\":\"ListItem\",\"position\":3,\"name\":\"Autour du 96\"}]},{\"@type\":\"WebSite\",\"@id\":\"https:\\\/\\\/hotel96.com\\\/#website\",\"url\":\"https:\\\/\\\/hotel96.com\\\/\",\"name\":\"H\u00f4tel 96 - Marseille\",\"description\":\"\",\"publisher\":{\"@id\":\"https:\\\/\\\/hotel96.com\\\/#organization\"},\"potentialAction\":[{\"@type\":\"SearchAction\",\"target\":{\"@type\":\"EntryPoint\",\"urlTemplate\":\"https:\\\/\\\/hotel96.com\\\/?s={search_term_string}\"},\"query-input\":{\"@type\":\"PropertyValueSpecification\",\"valueRequired\":true,\"valueName\":\"search_term_string\"}}],\"inLanguage\":\"fr-FR\"},{\"@type\":\"Organization\",\"@id\":\"https:\\\/\\\/hotel96.com\\\/#organization\",\"name\":\"H\u00f4tel 96 - Mareille\",\"url\":\"https:\\\/\\\/hotel96.com\\\/\",\"logo\":{\"@type\":\"ImageObject\",\"inLanguage\":\"fr-FR\",\"@id\":\"https:\\\/\\\/hotel96.com\\\/#\\\/schema\\\/logo\\\/image\\\/\",\"url\":\"https:\\\/\\\/hotel96.com\\\/wp-content\\\/uploads\\\/2025\\\/12\\\/logo.png\",\"contentUrl\":\"https:\\\/\\\/hotel96.com\\\/wp-content\\\/uploads\\\/2025\\\/12\\\/logo.png\",\"width\":278,\"height\":85,\"caption\":\"H\u00f4tel 96 - Mareille\"},\"image\":{\"@id\":\"https:\\\/\\\/hotel96.com\\\/#\\\/schema\\\/logo\\\/image\\\/\"},\"sameAs\":[\"https:\\\/\\\/www.facebook.com\\\/Htel-96-301720049863669\\\/\",\"https:\\\/\\\/www.instagram.com\\\/hotel_96\\\/\",\"https:\\\/\\\/www.tripadvisor.fr\\\/Hotel_Review-g187253-d3802131-Reviews-Hotel_96-Marseille_Bouches_du_Rhone_Provence_Alpes_Cote_d_Azur.html\",\"https:\\\/\\\/www.linkedin.com\\\/company\\\/hotel-96\\\/\"]}]}<\/script>\n<!-- \/ Yoast SEO plugin. -->","yoast_head_json":{"title":"Autour du 96 - H\u00f4tel 96","robots":{"index":"index","follow":"follow","max-snippet":"max-snippet:-1","max-image-preview":"max-image-preview:large","max-video-preview":"max-video-preview:-1"},"canonical":"https:\/\/hotel96.com\/index.php\/c-marseille-bb\/autour-du-96\/","og_locale":"fr_FR","og_type":"article","og_title":"Autour du 96 - H\u00f4tel 96","og_description":"Autour du 96 Se balader sur les hauteurs de Sormiou et Morgiou A 2 km de l\u2019h\u00f4tel, se trouve le parking de Morgiou, point de d\u00e9part des sentiers qui m\u00e8nent \u00e0 Sormiou et Morgiou\u00a0! Au d\u00e9part du parking, en 45 minutes de marche, vous arriverez \u00e0 la calanque de Sormiou. Par une jolie boucle vers [&hellip;]","og_url":"https:\/\/hotel96.com\/index.php\/c-marseille-bb\/autour-du-96\/","og_site_name":"H\u00f4tel 96","article_publisher":"https:\/\/www.facebook.com\/Htel-96-301720049863669\/","article_modified_time":"2026-04-05T13:55:10+00:00","og_image":[{"url":"https:\/\/hotel96.com\/wp-content\/uploads\/2026\/03\/sormiuo-1024x805.png","type":"","width":"","height":""}],"twitter_card":"summary_large_image","twitter_misc":{"Dur\u00e9e de lecture estim\u00e9e":"3 minutes"},"schema":{"@context":"https:\/\/schema.org","@graph":[{"@type":"WebPage","@id":"https:\/\/hotel96.com\/index.php\/c-marseille-bb\/autour-du-96\/","url":"https:\/\/hotel96.com\/index.php\/c-marseille-bb\/autour-du-96\/","name":"Autour du 96 - H\u00f4tel 96","isPartOf":{"@id":"https:\/\/hotel96.com\/#website"},"primaryImageOfPage":{"@id":"https:\/\/hotel96.com\/index.php\/c-marseille-bb\/autour-du-96\/#primaryimage"},"image":{"@id":"https:\/\/hotel96.com\/index.php\/c-marseille-bb\/autour-du-96\/#primaryimage"},"thumbnailUrl":"https:\/\/hotel96.com\/wp-content\/uploads\/2026\/03\/sormiuo-1024x805.png","datePublished":"2026-03-18T14:42:34+00:00","dateModified":"2026-04-05T13:55:10+00:00","breadcrumb":{"@id":"https:\/\/hotel96.com\/index.php\/c-marseille-bb\/autour-du-96\/#breadcrumb"},"inLanguage":"fr-FR","potentialAction":[{"@type":"ReadAction","target":["https:\/\/hotel96.com\/index.php\/c-marseille-bb\/autour-du-96\/"]}]},{"@type":"ImageObject","inLanguage":"fr-FR","@id":"https:\/\/hotel96.com\/index.php\/c-marseille-bb\/autour-du-96\/#primaryimage","url":"https:\/\/hotel96.com\/wp-content\/uploads\/2026\/03\/sormiuo.png","contentUrl":"https:\/\/hotel96.com\/wp-content\/uploads\/2026\/03\/sormiuo.png","width":1051,"height":826},{"@type":"BreadcrumbList","@id":"https:\/\/hotel96.com\/index.php\/c-marseille-bb\/autour-du-96\/#breadcrumb","itemListElement":[{"@type":"ListItem","position":1,"name":"Accueil","item":"https:\/\/hotel96.com\/index.php\/fr\/accueil\/"},{"@type":"ListItem","position":2,"name":"C \u00a0MARSEILLE \u00a0BB !!","item":"https:\/\/hotel96.com\/index.php\/fr\/c-marseille-bb\/"},{"@type":"ListItem","position":3,"name":"Autour du 96"}]},{"@type":"WebSite","@id":"https:\/\/hotel96.com\/#website","url":"https:\/\/hotel96.com\/","name":"H\u00f4tel 96 - Marseille","description":"","publisher":{"@id":"https:\/\/hotel96.com\/#organization"},"potentialAction":[{"@type":"SearchAction","target":{"@type":"EntryPoint","urlTemplate":"https:\/\/hotel96.com\/?s={search_term_string}"},"query-input":{"@type":"PropertyValueSpecification","valueRequired":true,"valueName":"search_term_string"}}],"inLanguage":"fr-FR"},{"@type":"Organization","@id":"https:\/\/hotel96.com\/#organization","name":"H\u00f4tel 96 - Mareille","url":"https:\/\/hotel96.com\/","logo":{"@type":"ImageObject","inLanguage":"fr-FR","@id":"https:\/\/hotel96.com\/#\/schema\/logo\/image\/","url":"https:\/\/hotel96.com\/wp-content\/uploads\/2025\/12\/logo.png","contentUrl":"https:\/\/hotel96.com\/wp-content\/uploads\/2025\/12\/logo.png","width":278,"height":85,"caption":"H\u00f4tel 96 - Mareille"},"image":{"@id":"https:\/\/hotel96.com\/#\/schema\/logo\/image\/"},"sameAs":["https:\/\/www.facebook.com\/Htel-96-301720049863669\/","https:\/\/www.instagram.com\/hotel_96\/","https:\/\/www.tripadvisor.fr\/Hotel_Review-g187253-d3802131-Reviews-Hotel_96-Marseille_Bouches_du_Rhone_Provence_Alpes_Cote_d_Azur.html","https:\/\/www.linkedin.com\/company\/hotel-96\/"]}]}},"_links":{"self":[{"href":"https:\/\/hotel96.com\/index.php\/wp-json\/wp\/v2\/pages\/972","targetHints":{"allow":["GET"]}}],"collection":[{"href":"https:\/\/hotel96.com\/index.php\/wp-json\/wp\/v2\/pages"}],"about":[{"href":"https:\/\/hotel96.com\/index.php\/wp-json\/wp\/v2\/types\/page"}],"author":[{"embeddable":true,"href":"https:\/\/hotel96.com\/index.php\/wp-json\/wp\/v2\/users\/1"}],"replies":[{"embeddable":true,"href":"https:\/\/hotel96.com\/index.php\/wp-json\/wp\/v2\/comments?post=972"}],"version-history":[{"count":35,"href":"https:\/\/hotel96.com\/index.php\/wp-json\/wp\/v2\/pages\/972\/revisions"}],"predecessor-version":[{"id":2171,"href":"https:\/\/hotel96.com\/index.php\/wp-json\/wp\/v2\/pages\/972\/revisions\/2171"}],"up":[{"embeddable":true,"href":"https:\/\/hotel96.com\/index.php\/wp-json\/wp\/v2\/pages\/89"}],"wp:attachment":[{"href":"https:\/\/hotel96.com\/index.php\/wp-json\/wp\/v2\/media?parent=972"}],"curies":[{"name":"wp","href":"https:\/\/api.w.org\/{rel}","templated":true}]}}