{"id":2346,"date":"2026-04-06T13:57:10","date_gmt":"2026-04-06T11:57:10","guid":{"rendered":"https:\/\/hotel.tribalt.agency\/?page_id=2346"},"modified":"2026-04-06T13:58:38","modified_gmt":"2026-04-06T11:58:38","slug":"marsella-cara-al-mar","status":"publish","type":"page","link":"https:\/\/hotel96.com\/index.php\/es\/marsella-baby\/marsella-cara-al-mar\/","title":{"rendered":"Marsella cara al mar"},"content":{"rendered":"\t\t<div data-elementor-type=\"wp-page\" data-elementor-id=\"2346\" class=\"elementor elementor-2346\" data-elementor-post-type=\"page\">\n\t\t\t\t<div class=\"elementor-element elementor-element-664d810c e-flex e-con-boxed e-con e-parent\" data-id=\"664d810c\" data-element_type=\"container\" data-e-type=\"container\" data-settings=\"{&quot;background_background&quot;:&quot;classic&quot;}\">\n\t\t\t\t\t<div class=\"e-con-inner\">\n\t\t\t\t<div class=\"elementor-element elementor-element-14caaa71 elementor-widget elementor-widget-heading\" data-id=\"14caaa71\" data-element_type=\"widget\" data-e-type=\"widget\" data-widget_type=\"heading.default\">\n\t\t\t\t\t<h2 class=\"elementor-heading-title elementor-size-default\">Marsella cara al mar<\/h2>\t\t\t\t<\/div>\n\t\t\t\t\t<\/div>\n\t\t\t\t<\/div>\n\t\t<div class=\"elementor-element elementor-element-6e3b7829 e-con-full e-flex e-con e-parent\" data-id=\"6e3b7829\" data-element_type=\"container\" data-e-type=\"container\" data-settings=\"{&quot;background_background&quot;:&quot;classic&quot;}\">\n\t\t<div class=\"elementor-element elementor-element-2ab3febf e-con-full e-flex e-con e-child\" data-id=\"2ab3febf\" data-element_type=\"container\" data-e-type=\"container\">\n\t\t\t\t<div class=\"elementor-element elementor-element-3d727415 elementor-widget elementor-widget-image\" data-id=\"3d727415\" data-element_type=\"widget\" data-e-type=\"widget\" data-widget_type=\"image.default\">\n\t\t\t\t\t\t\t\t\t\t\t\t\t\t\t<img fetchpriority=\"high\" decoding=\"async\" width=\"800\" height=\"591\" src=\"https:\/\/hotel96.com\/wp-content\/uploads\/2026\/03\/voile-1024x756.png\" class=\"attachment-large size-large wp-image-1012\" alt=\"\" srcset=\"https:\/\/hotel96.com\/wp-content\/uploads\/2026\/03\/voile-1024x756.png 1024w, https:\/\/hotel96.com\/wp-content\/uploads\/2026\/03\/voile-300x221.png 300w, https:\/\/hotel96.com\/wp-content\/uploads\/2026\/03\/voile-768x567.png 768w, https:\/\/hotel96.com\/wp-content\/uploads\/2026\/03\/voile.png 1134w\" sizes=\"(max-width: 800px) 100vw, 800px\" \/>\t\t\t\t\t\t\t\t\t\t\t\t\t\t\t<\/div>\n\t\t\t\t<div class=\"elementor-element elementor-element-67e52770 elementor-widget elementor-widget-text-editor\" data-id=\"67e52770\" data-element_type=\"widget\" data-e-type=\"widget\" data-widget_type=\"text-editor.default\">\n\t\t\t\t\t\t\t\t\t<p><strong>Caminar por las calanques <\/strong><\/p><p>Las calanques m\u00e1s cercanas al hotel son Sormiou y Morgiou (consulta nuestra secci\u00f3n \u00abEn torno al 96\u00bb para obtener ideas de paseos por este lado del parque).<\/p><p>Tambi\u00e9n recomendamos Sugiton y Marseilleveyre en Marsella, y Port Pin y En-Vau en Cassis.<\/p><p>El acceso a la calanque de Sugiton est\u00e1 regulado durante la temporada alta: hay que inscribirse en l\u00ednea y el n\u00famero de personas por d\u00eda es limitado.<\/p><p>Como norma general, se recomienda pasear por las calanques a primera hora de la ma\u00f1ana, sobre todo si te vas en fin de semana. El paisaje es a\u00fan m\u00e1s bello y hay menos gente.\u00a0<\/p><p>Si deseas combinar tu paseo por las calanques con un descubrimiento de la flora, te recomendamos los servicios de Philippe, un gu\u00eda naturalista excepcional.<\/p><p>\u00a0<\/p><p><strong>Almorzar en Chez le Belge <\/strong><\/p><p>Si vas a la calanque de Marseilleveyre, \u00a1puedes comer Chez le Belge! Un restaurante totalmente at\u00edpico, sin electricidad ni agua corriente, y con 2\/3 platos a la carta. Aqu\u00ed podr\u00e1s tomarte tu tiempo y disfrutar de una buena comida en un lugar sencillamente fuera de lo com\u00fan.\u00a0<\/p><p>\u00a0<\/p><p><strong>Tomar un trago en el 20.000 Lieues sous la bi\u00e8re<\/strong><\/p><p>A la vuelta de un paseo por la calanque de Marseilleveyre o de un tramo del GR que termina en Callelongue, te recomendamos encarecidamente que hagas una parada en el 20.000 leguas bajo la cerveza. Podr\u00e1s disfrutar de una buena cerveza en un ambiente agradable. Magn\u00edficas puestas de sol.<\/p><p>\u00a0<\/p><p><strong>Explorar las calanques por mar con movilidad suave <\/strong>\u00a0<\/p><p>Si eres m\u00e1s de mar que de monta\u00f1a, \u00a1puedes navegar hasta las calanques! Destination Calanques y Raskas Kayak ofrecen inolvidables excursiones en kayak de media jornada o jornada completa.<\/p><p>Para excursiones en catamar\u00e1n, ponte en contacto con Bleu Evasion.\u00a0<\/p><p>\u00a0<\/p><p><strong>Disfrutar de las actividades n\u00e1uticas en la costa<\/strong><\/p><p>El Yachting Club de la Pointe Rouge ofrece clases y excursiones de vela, windsurf, hobie cat y kitesurf.\u00a0<\/p><p>Tambi\u00e9n puedes explorar el fondo marino buceando con Dune plong\u00e9e, situada en el puerto de la Pointe Rouge.<\/p>\t\t\t\t\t\t\t\t<\/div>\n\t\t\t\t<\/div>\n\t\t\t\t<\/div>\n\t\t<div class=\"elementor-element elementor-element-a81ee3f e-flex e-con-boxed e-con e-parent\" data-id=\"a81ee3f\" data-element_type=\"container\" data-e-type=\"container\" data-settings=\"{&quot;background_background&quot;:&quot;classic&quot;}\">\n\t\t\t\t\t<div class=\"e-con-inner\">\n\t\t\t\t<div class=\"elementor-element elementor-element-8bc1892 elementor-mobile-align-center elementor-align-center elementor-widget elementor-widget-button\" data-id=\"8bc1892\" data-element_type=\"widget\" data-e-type=\"widget\" data-widget_type=\"button.default\">\n\t\t\t\t\t\t\t\t\t\t<a class=\"elementor-button elementor-button-link elementor-size-sm\" href=\"https:\/\/hotel96.com\/index.php\/es\/marsella-baby\">\n\t\t\t\t\t\t<span class=\"elementor-button-content-wrapper\">\n\t\t\t\t\t\t\t\t\t<span class=\"elementor-button-text\">Atr\u00e1s<\/span>\n\t\t\t\t\t<\/span>\n\t\t\t\t\t<\/a>\n\t\t\t\t\t\t\t\t<\/div>\n\t\t\t\t\t<\/div>\n\t\t\t\t<\/div>\n\t\t\t\t<\/div>\n\t\t","protected":false},"excerpt":{"rendered":"<p>Marsella cara al mar Caminar por las calanques Las calanques m\u00e1s cercanas al hotel son Sormiou y Morgiou (consulta nuestra secci\u00f3n \u00abEn torno al 96\u00bb para obtener ideas de paseos por este lado del parque). Tambi\u00e9n recomendamos Sugiton y Marseilleveyre en Marsella, y Port Pin y En-Vau en Cassis. El acceso a la calanque de [&hellip;]<\/p>\n","protected":false},"author":1,"featured_media":0,"parent":2323,"menu_order":0,"comment_status":"closed","ping_status":"closed","template":"","meta":{"footnotes":""},"class_list":["post-2346","page","type-page","status-publish","hentry"],"yoast_head":"<!-- This site is optimized with the Yoast SEO plugin v27.3 - https:\/\/yoast.com\/product\/yoast-seo-wordpress\/ -->\n<title>Marsella cara al mar - H\u00f4tel 96<\/title>\n<meta name=\"robots\" content=\"index, follow, max-snippet:-1, max-image-preview:large, max-video-preview:-1\" \/>\n<link rel=\"canonical\" href=\"https:\/\/hotel96.com\/index.php\/es\/marsella-baby\/marsella-cara-al-mar\/\" \/>\n<meta property=\"og:locale\" content=\"fr_FR\" \/>\n<meta property=\"og:type\" content=\"article\" \/>\n<meta property=\"og:title\" content=\"Marsella cara al mar - H\u00f4tel 96\" \/>\n<meta property=\"og:description\" content=\"Marsella cara al mar Caminar por las calanques Las calanques m\u00e1s cercanas al hotel son Sormiou y Morgiou (consulta nuestra secci\u00f3n \u00abEn torno al 96\u00bb para obtener ideas de paseos por este lado del parque). Tambi\u00e9n recomendamos Sugiton y Marseilleveyre en Marsella, y Port Pin y En-Vau en Cassis. El acceso a la calanque de [&hellip;]\" \/>\n<meta property=\"og:url\" content=\"https:\/\/hotel96.com\/index.php\/es\/marsella-baby\/marsella-cara-al-mar\/\" \/>\n<meta property=\"og:site_name\" content=\"H\u00f4tel 96\" \/>\n<meta property=\"article:publisher\" content=\"https:\/\/www.facebook.com\/Htel-96-301720049863669\/\" \/>\n<meta property=\"article:modified_time\" content=\"2026-04-06T11:58:38+00:00\" \/>\n<meta property=\"og:image\" content=\"https:\/\/hotel96.com\/wp-content\/uploads\/2026\/03\/voile-1024x756.png\" \/>\n<meta name=\"twitter:card\" content=\"summary_large_image\" \/>\n<meta name=\"twitter:label1\" content=\"Dur\u00e9e de lecture estim\u00e9e\" \/>\n\t<meta name=\"twitter:data1\" content=\"2 minutes\" \/>\n<script type=\"application\/ld+json\" class=\"yoast-schema-graph\">{\"@context\":\"https:\\\/\\\/schema.org\",\"@graph\":[{\"@type\":\"WebPage\",\"@id\":\"https:\\\/\\\/hotel96.com\\\/index.php\\\/es\\\/marsella-baby\\\/marsella-cara-al-mar\\\/\",\"url\":\"https:\\\/\\\/hotel96.com\\\/index.php\\\/es\\\/marsella-baby\\\/marsella-cara-al-mar\\\/\",\"name\":\"Marsella cara al mar - H\u00f4tel 96\",\"isPartOf\":{\"@id\":\"https:\\\/\\\/hotel96.com\\\/#website\"},\"primaryImageOfPage\":{\"@id\":\"https:\\\/\\\/hotel96.com\\\/index.php\\\/es\\\/marsella-baby\\\/marsella-cara-al-mar\\\/#primaryimage\"},\"image\":{\"@id\":\"https:\\\/\\\/hotel96.com\\\/index.php\\\/es\\\/marsella-baby\\\/marsella-cara-al-mar\\\/#primaryimage\"},\"thumbnailUrl\":\"https:\\\/\\\/hotel96.com\\\/wp-content\\\/uploads\\\/2026\\\/03\\\/voile-1024x756.png\",\"datePublished\":\"2026-04-06T11:57:10+00:00\",\"dateModified\":\"2026-04-06T11:58:38+00:00\",\"breadcrumb\":{\"@id\":\"https:\\\/\\\/hotel96.com\\\/index.php\\\/es\\\/marsella-baby\\\/marsella-cara-al-mar\\\/#breadcrumb\"},\"inLanguage\":\"fr-FR\",\"potentialAction\":[{\"@type\":\"ReadAction\",\"target\":[\"https:\\\/\\\/hotel96.com\\\/index.php\\\/es\\\/marsella-baby\\\/marsella-cara-al-mar\\\/\"]}]},{\"@type\":\"ImageObject\",\"inLanguage\":\"fr-FR\",\"@id\":\"https:\\\/\\\/hotel96.com\\\/index.php\\\/es\\\/marsella-baby\\\/marsella-cara-al-mar\\\/#primaryimage\",\"url\":\"https:\\\/\\\/hotel96.com\\\/wp-content\\\/uploads\\\/2026\\\/03\\\/voile.png\",\"contentUrl\":\"https:\\\/\\\/hotel96.com\\\/wp-content\\\/uploads\\\/2026\\\/03\\\/voile.png\",\"width\":1134,\"height\":837},{\"@type\":\"BreadcrumbList\",\"@id\":\"https:\\\/\\\/hotel96.com\\\/index.php\\\/es\\\/marsella-baby\\\/marsella-cara-al-mar\\\/#breadcrumb\",\"itemListElement\":[{\"@type\":\"ListItem\",\"position\":1,\"name\":\"Accueil\",\"item\":\"https:\\\/\\\/hotel96.com\\\/index.php\\\/fr\\\/accueil\\\/\"},{\"@type\":\"ListItem\",\"position\":2,\"name\":\"MARSELLA, BABY !!\",\"item\":\"https:\\\/\\\/hotel96.com\\\/index.php\\\/es\\\/marsella-baby\\\/\"},{\"@type\":\"ListItem\",\"position\":3,\"name\":\"Marsella cara al mar\"}]},{\"@type\":\"WebSite\",\"@id\":\"https:\\\/\\\/hotel96.com\\\/#website\",\"url\":\"https:\\\/\\\/hotel96.com\\\/\",\"name\":\"H\u00f4tel 96 - Marseille\",\"description\":\"\",\"publisher\":{\"@id\":\"https:\\\/\\\/hotel96.com\\\/#organization\"},\"potentialAction\":[{\"@type\":\"SearchAction\",\"target\":{\"@type\":\"EntryPoint\",\"urlTemplate\":\"https:\\\/\\\/hotel96.com\\\/?s={search_term_string}\"},\"query-input\":{\"@type\":\"PropertyValueSpecification\",\"valueRequired\":true,\"valueName\":\"search_term_string\"}}],\"inLanguage\":\"fr-FR\"},{\"@type\":\"Organization\",\"@id\":\"https:\\\/\\\/hotel96.com\\\/#organization\",\"name\":\"H\u00f4tel 96 - Mareille\",\"url\":\"https:\\\/\\\/hotel96.com\\\/\",\"logo\":{\"@type\":\"ImageObject\",\"inLanguage\":\"fr-FR\",\"@id\":\"https:\\\/\\\/hotel96.com\\\/#\\\/schema\\\/logo\\\/image\\\/\",\"url\":\"https:\\\/\\\/hotel96.com\\\/wp-content\\\/uploads\\\/2025\\\/12\\\/logo.png\",\"contentUrl\":\"https:\\\/\\\/hotel96.com\\\/wp-content\\\/uploads\\\/2025\\\/12\\\/logo.png\",\"width\":278,\"height\":85,\"caption\":\"H\u00f4tel 96 - Mareille\"},\"image\":{\"@id\":\"https:\\\/\\\/hotel96.com\\\/#\\\/schema\\\/logo\\\/image\\\/\"},\"sameAs\":[\"https:\\\/\\\/www.facebook.com\\\/Htel-96-301720049863669\\\/\",\"https:\\\/\\\/www.instagram.com\\\/hotel_96\\\/\",\"https:\\\/\\\/www.tripadvisor.fr\\\/Hotel_Review-g187253-d3802131-Reviews-Hotel_96-Marseille_Bouches_du_Rhone_Provence_Alpes_Cote_d_Azur.html\",\"https:\\\/\\\/www.linkedin.com\\\/company\\\/hotel-96\\\/\"]}]}<\/script>\n<!-- \/ Yoast SEO plugin. -->","yoast_head_json":{"title":"Marsella cara al mar - H\u00f4tel 96","robots":{"index":"index","follow":"follow","max-snippet":"max-snippet:-1","max-image-preview":"max-image-preview:large","max-video-preview":"max-video-preview:-1"},"canonical":"https:\/\/hotel96.com\/index.php\/es\/marsella-baby\/marsella-cara-al-mar\/","og_locale":"fr_FR","og_type":"article","og_title":"Marsella cara al mar - H\u00f4tel 96","og_description":"Marsella cara al mar Caminar por las calanques Las calanques m\u00e1s cercanas al hotel son Sormiou y Morgiou (consulta nuestra secci\u00f3n \u00abEn torno al 96\u00bb para obtener ideas de paseos por este lado del parque). Tambi\u00e9n recomendamos Sugiton y Marseilleveyre en Marsella, y Port Pin y En-Vau en Cassis. El acceso a la calanque de [&hellip;]","og_url":"https:\/\/hotel96.com\/index.php\/es\/marsella-baby\/marsella-cara-al-mar\/","og_site_name":"H\u00f4tel 96","article_publisher":"https:\/\/www.facebook.com\/Htel-96-301720049863669\/","article_modified_time":"2026-04-06T11:58:38+00:00","og_image":[{"url":"https:\/\/hotel96.com\/wp-content\/uploads\/2026\/03\/voile-1024x756.png","type":"","width":"","height":""}],"twitter_card":"summary_large_image","twitter_misc":{"Dur\u00e9e de lecture estim\u00e9e":"2 minutes"},"schema":{"@context":"https:\/\/schema.org","@graph":[{"@type":"WebPage","@id":"https:\/\/hotel96.com\/index.php\/es\/marsella-baby\/marsella-cara-al-mar\/","url":"https:\/\/hotel96.com\/index.php\/es\/marsella-baby\/marsella-cara-al-mar\/","name":"Marsella cara al mar - H\u00f4tel 96","isPartOf":{"@id":"https:\/\/hotel96.com\/#website"},"primaryImageOfPage":{"@id":"https:\/\/hotel96.com\/index.php\/es\/marsella-baby\/marsella-cara-al-mar\/#primaryimage"},"image":{"@id":"https:\/\/hotel96.com\/index.php\/es\/marsella-baby\/marsella-cara-al-mar\/#primaryimage"},"thumbnailUrl":"https:\/\/hotel96.com\/wp-content\/uploads\/2026\/03\/voile-1024x756.png","datePublished":"2026-04-06T11:57:10+00:00","dateModified":"2026-04-06T11:58:38+00:00","breadcrumb":{"@id":"https:\/\/hotel96.com\/index.php\/es\/marsella-baby\/marsella-cara-al-mar\/#breadcrumb"},"inLanguage":"fr-FR","potentialAction":[{"@type":"ReadAction","target":["https:\/\/hotel96.com\/index.php\/es\/marsella-baby\/marsella-cara-al-mar\/"]}]},{"@type":"ImageObject","inLanguage":"fr-FR","@id":"https:\/\/hotel96.com\/index.php\/es\/marsella-baby\/marsella-cara-al-mar\/#primaryimage","url":"https:\/\/hotel96.com\/wp-content\/uploads\/2026\/03\/voile.png","contentUrl":"https:\/\/hotel96.com\/wp-content\/uploads\/2026\/03\/voile.png","width":1134,"height":837},{"@type":"BreadcrumbList","@id":"https:\/\/hotel96.com\/index.php\/es\/marsella-baby\/marsella-cara-al-mar\/#breadcrumb","itemListElement":[{"@type":"ListItem","position":1,"name":"Accueil","item":"https:\/\/hotel96.com\/index.php\/fr\/accueil\/"},{"@type":"ListItem","position":2,"name":"MARSELLA, BABY !!","item":"https:\/\/hotel96.com\/index.php\/es\/marsella-baby\/"},{"@type":"ListItem","position":3,"name":"Marsella cara al mar"}]},{"@type":"WebSite","@id":"https:\/\/hotel96.com\/#website","url":"https:\/\/hotel96.com\/","name":"H\u00f4tel 96 - Marseille","description":"","publisher":{"@id":"https:\/\/hotel96.com\/#organization"},"potentialAction":[{"@type":"SearchAction","target":{"@type":"EntryPoint","urlTemplate":"https:\/\/hotel96.com\/?s={search_term_string}"},"query-input":{"@type":"PropertyValueSpecification","valueRequired":true,"valueName":"search_term_string"}}],"inLanguage":"fr-FR"},{"@type":"Organization","@id":"https:\/\/hotel96.com\/#organization","name":"H\u00f4tel 96 - Mareille","url":"https:\/\/hotel96.com\/","logo":{"@type":"ImageObject","inLanguage":"fr-FR","@id":"https:\/\/hotel96.com\/#\/schema\/logo\/image\/","url":"https:\/\/hotel96.com\/wp-content\/uploads\/2025\/12\/logo.png","contentUrl":"https:\/\/hotel96.com\/wp-content\/uploads\/2025\/12\/logo.png","width":278,"height":85,"caption":"H\u00f4tel 96 - Mareille"},"image":{"@id":"https:\/\/hotel96.com\/#\/schema\/logo\/image\/"},"sameAs":["https:\/\/www.facebook.com\/Htel-96-301720049863669\/","https:\/\/www.instagram.com\/hotel_96\/","https:\/\/www.tripadvisor.fr\/Hotel_Review-g187253-d3802131-Reviews-Hotel_96-Marseille_Bouches_du_Rhone_Provence_Alpes_Cote_d_Azur.html","https:\/\/www.linkedin.com\/company\/hotel-96\/"]}]}},"_links":{"self":[{"href":"https:\/\/hotel96.com\/index.php\/wp-json\/wp\/v2\/pages\/2346","targetHints":{"allow":["GET"]}}],"collection":[{"href":"https:\/\/hotel96.com\/index.php\/wp-json\/wp\/v2\/pages"}],"about":[{"href":"https:\/\/hotel96.com\/index.php\/wp-json\/wp\/v2\/types\/page"}],"author":[{"embeddable":true,"href":"https:\/\/hotel96.com\/index.php\/wp-json\/wp\/v2\/users\/1"}],"replies":[{"embeddable":true,"href":"https:\/\/hotel96.com\/index.php\/wp-json\/wp\/v2\/comments?post=2346"}],"version-history":[{"count":4,"href":"https:\/\/hotel96.com\/index.php\/wp-json\/wp\/v2\/pages\/2346\/revisions"}],"predecessor-version":[{"id":2351,"href":"https:\/\/hotel96.com\/index.php\/wp-json\/wp\/v2\/pages\/2346\/revisions\/2351"}],"up":[{"embeddable":true,"href":"https:\/\/hotel96.com\/index.php\/wp-json\/wp\/v2\/pages\/2323"}],"wp:attachment":[{"href":"https:\/\/hotel96.com\/index.php\/wp-json\/wp\/v2\/media?parent=2346"}],"curies":[{"name":"wp","href":"https:\/\/api.w.org\/{rel}","templated":true}]}}