{"id":2338,"date":"2026-04-06T13:54:08","date_gmt":"2026-04-06T11:54:08","guid":{"rendered":"https:\/\/hotel.tribalt.agency\/?page_id=2338"},"modified":"2026-04-06T13:56:07","modified_gmt":"2026-04-06T11:56:07","slug":"escapada-al-centro-de-la-ciudad","status":"publish","type":"page","link":"https:\/\/hotel96.com\/index.php\/es\/marsella-baby\/escapada-al-centro-de-la-ciudad\/","title":{"rendered":"Escapada al centro de la ciudad"},"content":{"rendered":"\t\t<div data-elementor-type=\"wp-page\" data-elementor-id=\"2338\" class=\"elementor elementor-2338\" data-elementor-post-type=\"page\">\n\t\t\t\t<div class=\"elementor-element elementor-element-5527b901 e-flex e-con-boxed e-con e-parent\" data-id=\"5527b901\" data-element_type=\"container\" data-e-type=\"container\" data-settings=\"{&quot;background_background&quot;:&quot;classic&quot;}\">\n\t\t\t\t\t<div class=\"e-con-inner\">\n\t\t\t\t<div class=\"elementor-element elementor-element-13bb7bf0 elementor-widget elementor-widget-heading\" data-id=\"13bb7bf0\" data-element_type=\"widget\" data-e-type=\"widget\" data-widget_type=\"heading.default\">\n\t\t\t\t\t<h2 class=\"elementor-heading-title elementor-size-default\">Escapada al centro de la ciudad<\/h2>\t\t\t\t<\/div>\n\t\t\t\t\t<\/div>\n\t\t\t\t<\/div>\n\t\t<div class=\"elementor-element elementor-element-136927fb e-flex e-con-boxed e-con e-parent\" data-id=\"136927fb\" data-element_type=\"container\" data-e-type=\"container\" data-settings=\"{&quot;background_background&quot;:&quot;classic&quot;}\">\n\t\t\t\t\t<div class=\"e-con-inner\">\n\t\t<div class=\"elementor-element elementor-element-7650dfc6 e-con-full e-flex e-con e-child\" data-id=\"7650dfc6\" data-element_type=\"container\" data-e-type=\"container\">\n\t\t\t\t<div class=\"elementor-element elementor-element-267588c elementor-widget elementor-widget-image\" data-id=\"267588c\" data-element_type=\"widget\" data-e-type=\"widget\" data-widget_type=\"image.default\">\n\t\t\t\t\t\t\t\t\t\t\t\t\t\t\t<img fetchpriority=\"high\" decoding=\"async\" width=\"800\" height=\"445\" src=\"https:\/\/hotel96.com\/wp-content\/uploads\/2026\/03\/panier-1024x570.png\" class=\"attachment-large size-large wp-image-1026\" alt=\"\" srcset=\"https:\/\/hotel96.com\/wp-content\/uploads\/2026\/03\/panier-1024x570.png 1024w, https:\/\/hotel96.com\/wp-content\/uploads\/2026\/03\/panier-300x167.png 300w, https:\/\/hotel96.com\/wp-content\/uploads\/2026\/03\/panier-768x428.png 768w, https:\/\/hotel96.com\/wp-content\/uploads\/2026\/03\/panier.png 1052w\" sizes=\"(max-width: 800px) 100vw, 800px\" \/>\t\t\t\t\t\t\t\t\t\t\t\t\t\t\t<\/div>\n\t\t\t\t<\/div>\n\t\t\t\t\t<\/div>\n\t\t\t\t<\/div>\n\t\t<div class=\"elementor-element elementor-element-4da3eb07 e-con-full e-flex e-con e-parent\" data-id=\"4da3eb07\" data-element_type=\"container\" data-e-type=\"container\" data-settings=\"{&quot;background_background&quot;:&quot;classic&quot;}\">\n\t\t<div class=\"elementor-element elementor-element-7286c22b e-con-full e-flex e-con e-child\" data-id=\"7286c22b\" data-element_type=\"container\" data-e-type=\"container\">\n\t\t\t\t<div class=\"elementor-element elementor-element-625edfec elementor-widget elementor-widget-text-editor\" data-id=\"625edfec\" data-element_type=\"widget\" data-e-type=\"widget\" data-widget_type=\"text-editor.default\">\n\t\t\t\t\t\t\t\t\t<p><strong>Llegar al centro de la ciudad<\/strong><\/p><p>Durante tu estancia en el 96, podr\u00e1s pasear por la ciudad despu\u00e9s de desayunar en nuestro jard\u00edn, arrullado por el canto de los p\u00e1jaros.<\/p><p>Si tienes coche, el centro de la ciudad est\u00e1 a 20-30 minutos del hotel, dependiendo del tr\u00e1fico. Puedes aparcar en uno de los aparcamientos vigilados del Vieux Port y desplazarte a pie. Tambi\u00e9n puedes llegar al centro de la ciudad en transporte p\u00fablico. Las paradas de autob\u00fas 22 y 23 se encuentran a menos de 400 metros del hotel y te llevar\u00e1n hasta la rotonda del Prado. Desde aqu\u00ed, puedes optar por el metro para llegar r\u00e1pidamente al centro, o tomar el autob\u00fas 83 hasta el Viejo Puerto por la carretera panor\u00e1mica de la Corniche.<\/p><p>\u00a0<\/p><p><strong>Caminar del Mucem a la Bonne M\u00e8re, pasando por el barrio del Panier<\/strong><\/p><p>El Mucem es una visita obligada, tanto por sus vistas sobre el Puerto Viejo de Marsella como por su arquitectura. Tambi\u00e9n podr\u00e1s descubrir magn\u00edficas exposiciones, que a menudo rinden homenaje a las culturas mediterr\u00e1neas. La entrada al museo es gratuita si s\u00f3lo deseas pasear por sus terrazas y pasarelas para apreciar el contraste de estilos arquitect\u00f3nicos entre el Mucem y el hist\u00f3rico Fuerte Saint Jean.<\/p><p>Al lado se encuentra una cueva que es la r\u00e9plica de la Grotte Cosquer, una cueva submarina paleol\u00edtica cerca del Cap Morgiou. Una visita a la Grotte Cosquer es una actividad ideal para esos (raros) d\u00edas de lluvia en Marsella. Esta actividad est\u00e1 perfectamente adaptada a los ni\u00f1os, ya que la visita se realiza en carruaje.<\/p><p>Desde el Mucem, puedes pasear por el Panier, el barrio m\u00e1s antiguo de Marsella. La mejor manera de disfrutar de este barrio legendario es pasear y perderse por sus callejuelas. Es un lugar acogedor y de ambiente apacible. Con sus terrazas de caf\u00e9s, sus coloridas fachadas de arte callejero y sus peque\u00f1as boutiques de dise\u00f1o, no sabr\u00e1s d\u00f3nde meterte: \u00a1es un aut\u00e9ntico museo al aire libre! Tendr\u00e1s que estar en buena forma f\u00edsica para subir y bajar las escaleras, pero el esfuerzo se ver\u00e1 recompensado por la espontaneidad mediterr\u00e1nea de los habitantes de este barrio obrero y las impresionantes vistas sobre el mar azul.<\/p><p>Al salir del Panier, nos gusta pasear por el Puerto Viejo. Para llegar al otro lado del puerto y subir a la Bonne M\u00e8re, puedes tomar el Ferry Boat, que va de un lado a otro del puerto.<\/p><p>El autob\u00fas n\u00ba 60 va del Mucem a la Bonne M\u00e8re.<\/p><p>El trencito sale del H\u00f4tel de Ville y te lleva por la Corniche hasta la Bonne M\u00e8re.<\/p><p>\u00a0<\/p><p><strong>Visitar el Museo Cantini y pasear por el Cours Julien<\/strong><\/p><p>Si te gusta el arte moderno, te encantar\u00e1 el Museo Cantini, situado en pleno centro de la ciudad. Es un peque\u00f1o museo con hermosas obras permanentes y exposiciones temporales siempre interesantes. Mientras est\u00e9 en el centro, te recomendamos que pruebes un delicioso helado de Vanille Noire, frente a la \u00d3pera.<\/p><p>Si sales del Mus\u00e9e Cantini, estar\u00e1s a s\u00f3lo unos minutos caminando del Cours Julien, el barrio bohemio, donde podr\u00e1s regatear en busca de gangas y disfrutar al mismo tiempo de la tranquilidad. Este barrio es el m\u00e1s grande de Francia dedicado al arte callejero. D\u00e9jate llevar por las calles de este colorido barrio. Aqu\u00ed se respira un aut\u00e9ntico esp\u00edritu local y un ambiente muy particular, sobre todo cuando te topas con los famosos mercados del distrito: mercado de la plaine, mercado campesino, mercado de los creadores, mercado biol\u00f3gico, etc.\u00a0<\/p>\t\t\t\t\t\t\t\t<\/div>\n\t\t\t\t<\/div>\n\t\t\t\t<\/div>\n\t\t<div class=\"elementor-element elementor-element-96e5e61 e-flex e-con-boxed e-con e-parent\" data-id=\"96e5e61\" data-element_type=\"container\" data-e-type=\"container\" data-settings=\"{&quot;background_background&quot;:&quot;classic&quot;}\">\n\t\t\t\t\t<div class=\"e-con-inner\">\n\t\t\t\t<div class=\"elementor-element elementor-element-4e79838 elementor-mobile-align-center elementor-align-center elementor-widget elementor-widget-button\" data-id=\"4e79838\" data-element_type=\"widget\" data-e-type=\"widget\" data-widget_type=\"button.default\">\n\t\t\t\t\t\t\t\t\t\t<a class=\"elementor-button elementor-button-link elementor-size-sm\" href=\"https:\/\/hotel96.com\/index.php\/es\/marsella-baby\">\n\t\t\t\t\t\t<span class=\"elementor-button-content-wrapper\">\n\t\t\t\t\t\t\t\t\t<span class=\"elementor-button-text\">Atr\u00e1s<\/span>\n\t\t\t\t\t<\/span>\n\t\t\t\t\t<\/a>\n\t\t\t\t\t\t\t\t<\/div>\n\t\t\t\t\t<\/div>\n\t\t\t\t<\/div>\n\t\t\t\t<\/div>\n\t\t","protected":false},"excerpt":{"rendered":"<p>Escapada al centro de la ciudad Llegar al centro de la ciudad Durante tu estancia en el 96, podr\u00e1s pasear por la ciudad despu\u00e9s de desayunar en nuestro jard\u00edn, arrullado por el canto de los p\u00e1jaros. Si tienes coche, el centro de la ciudad est\u00e1 a 20-30 minutos del hotel, dependiendo del tr\u00e1fico. Puedes aparcar [&hellip;]<\/p>\n","protected":false},"author":1,"featured_media":0,"parent":2323,"menu_order":0,"comment_status":"closed","ping_status":"closed","template":"","meta":{"footnotes":""},"class_list":["post-2338","page","type-page","status-publish","hentry"],"yoast_head":"<!-- This site is optimized with the Yoast SEO plugin v27.3 - https:\/\/yoast.com\/product\/yoast-seo-wordpress\/ -->\n<title>Escapada al centro de la ciudad - H\u00f4tel 96<\/title>\n<meta name=\"robots\" content=\"index, follow, max-snippet:-1, max-image-preview:large, max-video-preview:-1\" \/>\n<link rel=\"canonical\" href=\"https:\/\/hotel96.com\/index.php\/es\/marsella-baby\/escapada-al-centro-de-la-ciudad\/\" \/>\n<meta property=\"og:locale\" content=\"fr_FR\" \/>\n<meta property=\"og:type\" content=\"article\" \/>\n<meta property=\"og:title\" content=\"Escapada al centro de la ciudad - H\u00f4tel 96\" \/>\n<meta property=\"og:description\" content=\"Escapada al centro de la ciudad Llegar al centro de la ciudad Durante tu estancia en el 96, podr\u00e1s pasear por la ciudad despu\u00e9s de desayunar en nuestro jard\u00edn, arrullado por el canto de los p\u00e1jaros. Si tienes coche, el centro de la ciudad est\u00e1 a 20-30 minutos del hotel, dependiendo del tr\u00e1fico. Puedes aparcar [&hellip;]\" \/>\n<meta property=\"og:url\" content=\"https:\/\/hotel96.com\/index.php\/es\/marsella-baby\/escapada-al-centro-de-la-ciudad\/\" \/>\n<meta property=\"og:site_name\" content=\"H\u00f4tel 96\" \/>\n<meta property=\"article:publisher\" content=\"https:\/\/www.facebook.com\/Htel-96-301720049863669\/\" \/>\n<meta property=\"article:modified_time\" content=\"2026-04-06T11:56:07+00:00\" \/>\n<meta property=\"og:image\" content=\"https:\/\/hotel96.com\/wp-content\/uploads\/2026\/03\/panier-1024x570.png\" \/>\n<meta name=\"twitter:card\" content=\"summary_large_image\" \/>\n<meta name=\"twitter:label1\" content=\"Dur\u00e9e de lecture estim\u00e9e\" \/>\n\t<meta name=\"twitter:data1\" content=\"3 minutes\" \/>\n<script type=\"application\/ld+json\" class=\"yoast-schema-graph\">{\"@context\":\"https:\\\/\\\/schema.org\",\"@graph\":[{\"@type\":\"WebPage\",\"@id\":\"https:\\\/\\\/hotel96.com\\\/index.php\\\/es\\\/marsella-baby\\\/escapada-al-centro-de-la-ciudad\\\/\",\"url\":\"https:\\\/\\\/hotel96.com\\\/index.php\\\/es\\\/marsella-baby\\\/escapada-al-centro-de-la-ciudad\\\/\",\"name\":\"Escapada al centro de la ciudad - H\u00f4tel 96\",\"isPartOf\":{\"@id\":\"https:\\\/\\\/hotel96.com\\\/#website\"},\"primaryImageOfPage\":{\"@id\":\"https:\\\/\\\/hotel96.com\\\/index.php\\\/es\\\/marsella-baby\\\/escapada-al-centro-de-la-ciudad\\\/#primaryimage\"},\"image\":{\"@id\":\"https:\\\/\\\/hotel96.com\\\/index.php\\\/es\\\/marsella-baby\\\/escapada-al-centro-de-la-ciudad\\\/#primaryimage\"},\"thumbnailUrl\":\"https:\\\/\\\/hotel96.com\\\/wp-content\\\/uploads\\\/2026\\\/03\\\/panier-1024x570.png\",\"datePublished\":\"2026-04-06T11:54:08+00:00\",\"dateModified\":\"2026-04-06T11:56:07+00:00\",\"breadcrumb\":{\"@id\":\"https:\\\/\\\/hotel96.com\\\/index.php\\\/es\\\/marsella-baby\\\/escapada-al-centro-de-la-ciudad\\\/#breadcrumb\"},\"inLanguage\":\"fr-FR\",\"potentialAction\":[{\"@type\":\"ReadAction\",\"target\":[\"https:\\\/\\\/hotel96.com\\\/index.php\\\/es\\\/marsella-baby\\\/escapada-al-centro-de-la-ciudad\\\/\"]}]},{\"@type\":\"ImageObject\",\"inLanguage\":\"fr-FR\",\"@id\":\"https:\\\/\\\/hotel96.com\\\/index.php\\\/es\\\/marsella-baby\\\/escapada-al-centro-de-la-ciudad\\\/#primaryimage\",\"url\":\"https:\\\/\\\/hotel96.com\\\/wp-content\\\/uploads\\\/2026\\\/03\\\/panier.png\",\"contentUrl\":\"https:\\\/\\\/hotel96.com\\\/wp-content\\\/uploads\\\/2026\\\/03\\\/panier.png\",\"width\":1052,\"height\":586},{\"@type\":\"BreadcrumbList\",\"@id\":\"https:\\\/\\\/hotel96.com\\\/index.php\\\/es\\\/marsella-baby\\\/escapada-al-centro-de-la-ciudad\\\/#breadcrumb\",\"itemListElement\":[{\"@type\":\"ListItem\",\"position\":1,\"name\":\"Accueil\",\"item\":\"https:\\\/\\\/hotel96.com\\\/index.php\\\/fr\\\/accueil\\\/\"},{\"@type\":\"ListItem\",\"position\":2,\"name\":\"MARSELLA, BABY !!\",\"item\":\"https:\\\/\\\/hotel96.com\\\/index.php\\\/es\\\/marsella-baby\\\/\"},{\"@type\":\"ListItem\",\"position\":3,\"name\":\"Escapada al centro de la ciudad\"}]},{\"@type\":\"WebSite\",\"@id\":\"https:\\\/\\\/hotel96.com\\\/#website\",\"url\":\"https:\\\/\\\/hotel96.com\\\/\",\"name\":\"H\u00f4tel 96 - Marseille\",\"description\":\"\",\"publisher\":{\"@id\":\"https:\\\/\\\/hotel96.com\\\/#organization\"},\"potentialAction\":[{\"@type\":\"SearchAction\",\"target\":{\"@type\":\"EntryPoint\",\"urlTemplate\":\"https:\\\/\\\/hotel96.com\\\/?s={search_term_string}\"},\"query-input\":{\"@type\":\"PropertyValueSpecification\",\"valueRequired\":true,\"valueName\":\"search_term_string\"}}],\"inLanguage\":\"fr-FR\"},{\"@type\":\"Organization\",\"@id\":\"https:\\\/\\\/hotel96.com\\\/#organization\",\"name\":\"H\u00f4tel 96 - Mareille\",\"url\":\"https:\\\/\\\/hotel96.com\\\/\",\"logo\":{\"@type\":\"ImageObject\",\"inLanguage\":\"fr-FR\",\"@id\":\"https:\\\/\\\/hotel96.com\\\/#\\\/schema\\\/logo\\\/image\\\/\",\"url\":\"https:\\\/\\\/hotel96.com\\\/wp-content\\\/uploads\\\/2025\\\/12\\\/logo.png\",\"contentUrl\":\"https:\\\/\\\/hotel96.com\\\/wp-content\\\/uploads\\\/2025\\\/12\\\/logo.png\",\"width\":278,\"height\":85,\"caption\":\"H\u00f4tel 96 - Mareille\"},\"image\":{\"@id\":\"https:\\\/\\\/hotel96.com\\\/#\\\/schema\\\/logo\\\/image\\\/\"},\"sameAs\":[\"https:\\\/\\\/www.facebook.com\\\/Htel-96-301720049863669\\\/\",\"https:\\\/\\\/www.instagram.com\\\/hotel_96\\\/\",\"https:\\\/\\\/www.tripadvisor.fr\\\/Hotel_Review-g187253-d3802131-Reviews-Hotel_96-Marseille_Bouches_du_Rhone_Provence_Alpes_Cote_d_Azur.html\",\"https:\\\/\\\/www.linkedin.com\\\/company\\\/hotel-96\\\/\"]}]}<\/script>\n<!-- \/ Yoast SEO plugin. -->","yoast_head_json":{"title":"Escapada al centro de la ciudad - H\u00f4tel 96","robots":{"index":"index","follow":"follow","max-snippet":"max-snippet:-1","max-image-preview":"max-image-preview:large","max-video-preview":"max-video-preview:-1"},"canonical":"https:\/\/hotel96.com\/index.php\/es\/marsella-baby\/escapada-al-centro-de-la-ciudad\/","og_locale":"fr_FR","og_type":"article","og_title":"Escapada al centro de la ciudad - H\u00f4tel 96","og_description":"Escapada al centro de la ciudad Llegar al centro de la ciudad Durante tu estancia en el 96, podr\u00e1s pasear por la ciudad despu\u00e9s de desayunar en nuestro jard\u00edn, arrullado por el canto de los p\u00e1jaros. Si tienes coche, el centro de la ciudad est\u00e1 a 20-30 minutos del hotel, dependiendo del tr\u00e1fico. Puedes aparcar [&hellip;]","og_url":"https:\/\/hotel96.com\/index.php\/es\/marsella-baby\/escapada-al-centro-de-la-ciudad\/","og_site_name":"H\u00f4tel 96","article_publisher":"https:\/\/www.facebook.com\/Htel-96-301720049863669\/","article_modified_time":"2026-04-06T11:56:07+00:00","og_image":[{"url":"https:\/\/hotel96.com\/wp-content\/uploads\/2026\/03\/panier-1024x570.png","type":"","width":"","height":""}],"twitter_card":"summary_large_image","twitter_misc":{"Dur\u00e9e de lecture estim\u00e9e":"3 minutes"},"schema":{"@context":"https:\/\/schema.org","@graph":[{"@type":"WebPage","@id":"https:\/\/hotel96.com\/index.php\/es\/marsella-baby\/escapada-al-centro-de-la-ciudad\/","url":"https:\/\/hotel96.com\/index.php\/es\/marsella-baby\/escapada-al-centro-de-la-ciudad\/","name":"Escapada al centro de la ciudad - H\u00f4tel 96","isPartOf":{"@id":"https:\/\/hotel96.com\/#website"},"primaryImageOfPage":{"@id":"https:\/\/hotel96.com\/index.php\/es\/marsella-baby\/escapada-al-centro-de-la-ciudad\/#primaryimage"},"image":{"@id":"https:\/\/hotel96.com\/index.php\/es\/marsella-baby\/escapada-al-centro-de-la-ciudad\/#primaryimage"},"thumbnailUrl":"https:\/\/hotel96.com\/wp-content\/uploads\/2026\/03\/panier-1024x570.png","datePublished":"2026-04-06T11:54:08+00:00","dateModified":"2026-04-06T11:56:07+00:00","breadcrumb":{"@id":"https:\/\/hotel96.com\/index.php\/es\/marsella-baby\/escapada-al-centro-de-la-ciudad\/#breadcrumb"},"inLanguage":"fr-FR","potentialAction":[{"@type":"ReadAction","target":["https:\/\/hotel96.com\/index.php\/es\/marsella-baby\/escapada-al-centro-de-la-ciudad\/"]}]},{"@type":"ImageObject","inLanguage":"fr-FR","@id":"https:\/\/hotel96.com\/index.php\/es\/marsella-baby\/escapada-al-centro-de-la-ciudad\/#primaryimage","url":"https:\/\/hotel96.com\/wp-content\/uploads\/2026\/03\/panier.png","contentUrl":"https:\/\/hotel96.com\/wp-content\/uploads\/2026\/03\/panier.png","width":1052,"height":586},{"@type":"BreadcrumbList","@id":"https:\/\/hotel96.com\/index.php\/es\/marsella-baby\/escapada-al-centro-de-la-ciudad\/#breadcrumb","itemListElement":[{"@type":"ListItem","position":1,"name":"Accueil","item":"https:\/\/hotel96.com\/index.php\/fr\/accueil\/"},{"@type":"ListItem","position":2,"name":"MARSELLA, BABY !!","item":"https:\/\/hotel96.com\/index.php\/es\/marsella-baby\/"},{"@type":"ListItem","position":3,"name":"Escapada al centro de la ciudad"}]},{"@type":"WebSite","@id":"https:\/\/hotel96.com\/#website","url":"https:\/\/hotel96.com\/","name":"H\u00f4tel 96 - Marseille","description":"","publisher":{"@id":"https:\/\/hotel96.com\/#organization"},"potentialAction":[{"@type":"SearchAction","target":{"@type":"EntryPoint","urlTemplate":"https:\/\/hotel96.com\/?s={search_term_string}"},"query-input":{"@type":"PropertyValueSpecification","valueRequired":true,"valueName":"search_term_string"}}],"inLanguage":"fr-FR"},{"@type":"Organization","@id":"https:\/\/hotel96.com\/#organization","name":"H\u00f4tel 96 - Mareille","url":"https:\/\/hotel96.com\/","logo":{"@type":"ImageObject","inLanguage":"fr-FR","@id":"https:\/\/hotel96.com\/#\/schema\/logo\/image\/","url":"https:\/\/hotel96.com\/wp-content\/uploads\/2025\/12\/logo.png","contentUrl":"https:\/\/hotel96.com\/wp-content\/uploads\/2025\/12\/logo.png","width":278,"height":85,"caption":"H\u00f4tel 96 - Mareille"},"image":{"@id":"https:\/\/hotel96.com\/#\/schema\/logo\/image\/"},"sameAs":["https:\/\/www.facebook.com\/Htel-96-301720049863669\/","https:\/\/www.instagram.com\/hotel_96\/","https:\/\/www.tripadvisor.fr\/Hotel_Review-g187253-d3802131-Reviews-Hotel_96-Marseille_Bouches_du_Rhone_Provence_Alpes_Cote_d_Azur.html","https:\/\/www.linkedin.com\/company\/hotel-96\/"]}]}},"_links":{"self":[{"href":"https:\/\/hotel96.com\/index.php\/wp-json\/wp\/v2\/pages\/2338","targetHints":{"allow":["GET"]}}],"collection":[{"href":"https:\/\/hotel96.com\/index.php\/wp-json\/wp\/v2\/pages"}],"about":[{"href":"https:\/\/hotel96.com\/index.php\/wp-json\/wp\/v2\/types\/page"}],"author":[{"embeddable":true,"href":"https:\/\/hotel96.com\/index.php\/wp-json\/wp\/v2\/users\/1"}],"replies":[{"embeddable":true,"href":"https:\/\/hotel96.com\/index.php\/wp-json\/wp\/v2\/comments?post=2338"}],"version-history":[{"count":4,"href":"https:\/\/hotel96.com\/index.php\/wp-json\/wp\/v2\/pages\/2338\/revisions"}],"predecessor-version":[{"id":2342,"href":"https:\/\/hotel96.com\/index.php\/wp-json\/wp\/v2\/pages\/2338\/revisions\/2342"}],"up":[{"embeddable":true,"href":"https:\/\/hotel96.com\/index.php\/wp-json\/wp\/v2\/pages\/2323"}],"wp:attachment":[{"href":"https:\/\/hotel96.com\/index.php\/wp-json\/wp\/v2\/media?parent=2338"}],"curies":[{"name":"wp","href":"https:\/\/api.w.org\/{rel}","templated":true}]}}