{"id":2326,"date":"2026-04-06T13:50:05","date_gmt":"2026-04-06T11:50:05","guid":{"rendered":"https:\/\/hotel.tribalt.agency\/?page_id=2326"},"modified":"2026-04-06T13:53:20","modified_gmt":"2026-04-06T11:53:20","slug":"alrededor-de-marsella","status":"publish","type":"page","link":"https:\/\/hotel96.com\/index.php\/es\/marsella-baby\/alrededor-de-marsella\/","title":{"rendered":"Alrededor de Marsella"},"content":{"rendered":"\t\t<div data-elementor-type=\"wp-page\" data-elementor-id=\"2326\" class=\"elementor elementor-2326\" data-elementor-post-type=\"page\">\n\t\t\t\t<div class=\"elementor-element elementor-element-60d81e5 e-flex e-con-boxed e-con e-parent\" data-id=\"60d81e5\" data-element_type=\"container\" data-e-type=\"container\" data-settings=\"{&quot;background_background&quot;:&quot;classic&quot;}\">\n\t\t\t\t\t<div class=\"e-con-inner\">\n\t\t\t\t<div class=\"elementor-element elementor-element-11c4b96 elementor-widget elementor-widget-heading\" data-id=\"11c4b96\" data-element_type=\"widget\" data-e-type=\"widget\" data-widget_type=\"heading.default\">\n\t\t\t\t\t<h2 class=\"elementor-heading-title elementor-size-default\">Alrededor de Marsella<\/h2>\t\t\t\t<\/div>\n\t\t\t\t\t<\/div>\n\t\t\t\t<\/div>\n\t\t<div class=\"elementor-element elementor-element-61108238 e-flex e-con-boxed e-con e-parent\" data-id=\"61108238\" data-element_type=\"container\" data-e-type=\"container\" data-settings=\"{&quot;background_background&quot;:&quot;classic&quot;}\">\n\t\t\t\t\t<div class=\"e-con-inner\">\n\t\t<div class=\"elementor-element elementor-element-3af45f7f e-con-full e-flex e-con e-child\" data-id=\"3af45f7f\" data-element_type=\"container\" data-e-type=\"container\">\n\t\t\t\t<div class=\"elementor-element elementor-element-6b243426 elementor-widget elementor-widget-image\" data-id=\"6b243426\" data-element_type=\"widget\" data-e-type=\"widget\" data-widget_type=\"image.default\">\n\t\t\t\t\t\t\t\t\t\t\t\t\t\t\t<img fetchpriority=\"high\" decoding=\"async\" width=\"800\" height=\"485\" src=\"https:\/\/hotel96.com\/wp-content\/uploads\/2026\/03\/cassis-1024x621.png\" class=\"attachment-large size-large wp-image-1037\" alt=\"\" srcset=\"https:\/\/hotel96.com\/wp-content\/uploads\/2026\/03\/cassis-1024x621.png 1024w, https:\/\/hotel96.com\/wp-content\/uploads\/2026\/03\/cassis-300x182.png 300w, https:\/\/hotel96.com\/wp-content\/uploads\/2026\/03\/cassis-768x466.png 768w, https:\/\/hotel96.com\/wp-content\/uploads\/2026\/03\/cassis.png 1052w\" sizes=\"(max-width: 800px) 100vw, 800px\" \/>\t\t\t\t\t\t\t\t\t\t\t\t\t\t\t<\/div>\n\t\t\t\t<\/div>\n\t\t<div class=\"elementor-element elementor-element-6f545c99 e-con-full e-flex e-con e-child\" data-id=\"6f545c99\" data-element_type=\"container\" data-e-type=\"container\">\n\t\t\t\t<div class=\"elementor-element elementor-element-9098bc8 elementor-widget elementor-widget-heading\" data-id=\"9098bc8\" data-element_type=\"widget\" data-e-type=\"widget\" data-widget_type=\"heading.default\">\n\t\t\t\t\t<h2 class=\"elementor-heading-title elementor-size-default\">Cassis<\/h2>\t\t\t\t<\/div>\n\t\t\t\t<div class=\"elementor-element elementor-element-647124c1 elementor-widget elementor-widget-text-editor\" data-id=\"647124c1\" data-element_type=\"widget\" data-e-type=\"widget\" data-widget_type=\"text-editor.default\">\n\t\t\t\t\t\t\t\t\t<p>El pueblo de Cassis y su peque\u00f1o y encantador puerto invitan a pasear. Disfruta de sus calles empedradas bordeadas de casitas de pescadores de colores, tiendas y acogedoras terrazas de caf\u00e9s y restaurantes. Al pasear por el pueblo, te topar\u00e1s con el horno comunal del siglo XVII, recuerdo de una \u00e9poca pasada. Los amantes del arte y la historia no pueden dejar de visitar el Museo Municipal Mediterr\u00e1neo de Artes y Tradiciones Populares.<\/p>\t\t\t\t\t\t\t\t<\/div>\n\t\t\t\t<\/div>\n\t\t\t\t\t<\/div>\n\t\t\t\t<\/div>\n\t\t<div class=\"elementor-element elementor-element-129154ee e-con-full e-flex e-con e-parent\" data-id=\"129154ee\" data-element_type=\"container\" data-e-type=\"container\" data-settings=\"{&quot;background_background&quot;:&quot;classic&quot;}\">\n\t\t<div class=\"elementor-element elementor-element-1b288b7f e-con-full e-flex e-con e-child\" data-id=\"1b288b7f\" data-element_type=\"container\" data-e-type=\"container\">\n\t\t\t\t<div class=\"elementor-element elementor-element-1a011cee elementor-widget elementor-widget-heading\" data-id=\"1a011cee\" data-element_type=\"widget\" data-e-type=\"widget\" data-widget_type=\"heading.default\">\n\t\t\t\t\t<h2 class=\"elementor-heading-title elementor-size-default\">Allauch, la Treille<\/h2>\t\t\t\t<\/div>\n\t\t\t\t<div class=\"elementor-element elementor-element-55585829 elementor-widget elementor-widget-text-editor\" data-id=\"55585829\" data-element_type=\"widget\" data-e-type=\"widget\" data-widget_type=\"text-editor.default\">\n\t\t\t\t\t\t\t\t\t<p>En las colinas, muy queridas por el c\u00e9lebre escritor Marcel Pagnol, pero tambi\u00e9n por los habitantes de Allauch, se han encontrado vestigios f\u00f3siles que atestiguan la presencia del hombre prehist\u00f3rico. Se cree que el Montadien, llamado as\u00ed por la cueva de Montade, en el vecino Plan de Cuques, vivi\u00f3 en Allauch. En el a\u00f1o 600 a.C., Marsella naci\u00f3 de un matrimonio entre Gyptis y Protis. Mientras que el joven era originario de F\u00f3cea, la joven y bella Gyptis era de Allauch.<\/p>\t\t\t\t\t\t\t\t<\/div>\n\t\t\t\t<\/div>\n\t\t<div class=\"elementor-element elementor-element-37c6caf e-con-full e-flex e-con e-child\" data-id=\"37c6caf\" data-element_type=\"container\" data-e-type=\"container\">\n\t\t\t\t<div class=\"elementor-element elementor-element-7efffd38 elementor-widget elementor-widget-image\" data-id=\"7efffd38\" data-element_type=\"widget\" data-e-type=\"widget\" data-widget_type=\"image.default\">\n\t\t\t\t\t\t\t\t\t\t\t\t\t\t\t<img decoding=\"async\" width=\"800\" height=\"465\" src=\"https:\/\/hotel96.com\/wp-content\/uploads\/2026\/03\/allauch-1024x595.png\" class=\"attachment-large size-large wp-image-1036\" alt=\"\" srcset=\"https:\/\/hotel96.com\/wp-content\/uploads\/2026\/03\/allauch-1024x595.png 1024w, https:\/\/hotel96.com\/wp-content\/uploads\/2026\/03\/allauch-300x174.png 300w, https:\/\/hotel96.com\/wp-content\/uploads\/2026\/03\/allauch-768x446.png 768w, https:\/\/hotel96.com\/wp-content\/uploads\/2026\/03\/allauch.png 1052w\" sizes=\"(max-width: 800px) 100vw, 800px\" \/>\t\t\t\t\t\t\t\t\t\t\t\t\t\t\t<\/div>\n\t\t\t\t<\/div>\n\t\t\t\t<\/div>\n\t\t<div class=\"elementor-element elementor-element-2a228dbf e-flex e-con-boxed e-con e-parent\" data-id=\"2a228dbf\" data-element_type=\"container\" data-e-type=\"container\" data-settings=\"{&quot;background_background&quot;:&quot;classic&quot;}\">\n\t\t\t\t\t<div class=\"e-con-inner\">\n\t\t<div class=\"elementor-element elementor-element-4b4edcee e-con-full e-flex e-con e-child\" data-id=\"4b4edcee\" data-element_type=\"container\" data-e-type=\"container\">\n\t\t\t\t<div class=\"elementor-element elementor-element-16453d9a elementor-widget elementor-widget-image\" data-id=\"16453d9a\" data-element_type=\"widget\" data-e-type=\"widget\" data-widget_type=\"image.default\">\n\t\t\t\t\t\t\t\t\t\t\t\t\t\t\t<img decoding=\"async\" width=\"800\" height=\"486\" src=\"https:\/\/hotel96.com\/wp-content\/uploads\/2026\/03\/aix-en-provence-1-1024x622.png\" class=\"attachment-large size-large wp-image-1035\" alt=\"\" srcset=\"https:\/\/hotel96.com\/wp-content\/uploads\/2026\/03\/aix-en-provence-1-1024x622.png 1024w, https:\/\/hotel96.com\/wp-content\/uploads\/2026\/03\/aix-en-provence-1-300x182.png 300w, https:\/\/hotel96.com\/wp-content\/uploads\/2026\/03\/aix-en-provence-1-768x466.png 768w, https:\/\/hotel96.com\/wp-content\/uploads\/2026\/03\/aix-en-provence-1.png 1052w\" sizes=\"(max-width: 800px) 100vw, 800px\" \/>\t\t\t\t\t\t\t\t\t\t\t\t\t\t\t<\/div>\n\t\t\t\t<\/div>\n\t\t<div class=\"elementor-element elementor-element-1b1c78a1 e-con-full e-flex e-con e-child\" data-id=\"1b1c78a1\" data-element_type=\"container\" data-e-type=\"container\">\n\t\t\t\t<div class=\"elementor-element elementor-element-7521c811 elementor-widget elementor-widget-heading\" data-id=\"7521c811\" data-element_type=\"widget\" data-e-type=\"widget\" data-widget_type=\"heading.default\">\n\t\t\t\t\t<h2 class=\"elementor-heading-title elementor-size-default\">Aix en Provence<\/h2>\t\t\t\t<\/div>\n\t\t\t\t<div class=\"elementor-element elementor-element-245b95a2 elementor-widget elementor-widget-text-editor\" data-id=\"245b95a2\" data-element_type=\"widget\" data-e-type=\"widget\" data-widget_type=\"text-editor.default\">\n\t\t\t\t\t\t\t\t\t<p>Visita la ciudad de Aix-en-Provence, famosa por su encanto distinguido y aristocr\u00e1tico. Sus habitantes alaban su apacible modo de vida. La arquitectura recuerda a un decorado teatral, y te puedes pasear por la ciudad con despreocupaci\u00f3n. Ciudad de fiestas, ciudad del agua, ciudad chic, Aix-en-Provence es codiciada tanto por extranjeros como por estudiantes. En la ciudad, pasea por el hist\u00f3rico barrio Mazarin, el Cours Mirabeau, o descubre sus numerosas fuentes y plazas en el centro peatonal de la ciudad.<\/p>\t\t\t\t\t\t\t\t<\/div>\n\t\t\t\t<\/div>\n\t\t\t\t\t<\/div>\n\t\t\t\t<\/div>\n\t\t<div class=\"elementor-element elementor-element-224ba696 e-con-full e-flex e-con e-parent\" data-id=\"224ba696\" data-element_type=\"container\" data-e-type=\"container\" data-settings=\"{&quot;background_background&quot;:&quot;classic&quot;}\">\n\t\t<div class=\"elementor-element elementor-element-6686203a e-con-full e-flex e-con e-child\" data-id=\"6686203a\" data-element_type=\"container\" data-e-type=\"container\">\n\t\t\t\t<div class=\"elementor-element elementor-element-7c0eb0a4 elementor-widget elementor-widget-heading\" data-id=\"7c0eb0a4\" data-element_type=\"widget\" data-e-type=\"widget\" data-widget_type=\"heading.default\">\n\t\t\t\t\t<h2 class=\"elementor-heading-title elementor-size-default\">La Costa Azul<\/h2>\t\t\t\t<\/div>\n\t\t\t\t<div class=\"elementor-element elementor-element-6691dac5 elementor-widget elementor-widget-text-editor\" data-id=\"6691dac5\" data-element_type=\"widget\" data-e-type=\"widget\" data-widget_type=\"text-editor.default\">\n\t\t\t\t\t\t\t\t\t<p>La Costa Azul es la fachada mar\u00edtima situada al norte de Marsella, despu\u00e9s del barrio de Estaque, y termina en Martigues. Su nombre hace referencia al color del agua. Est\u00e1 salpicada de varios pueblecitos: Le Rove, Ensu\u00e8s-la-Redonne, Carry-le-Rouet, Sausset-les-Pins, La Couronne, Carro&#8230; La C\u00f4te Bleue est\u00e1 formada por una sucesi\u00f3n de peque\u00f1os puertos, playas y calas bordeadas de pinos, a veces de dif\u00edcil acceso, pero eso es lo que la hace tan encantadora. Su belleza agreste ha inspirado a cineastas como Marcel Pagnol y Robert Gu\u00e9diguian para elegirla como escenario de sus pel\u00edculas. Los restos arqueol\u00f3gicos del abrigo de M\u00e9jean atestiguan la presencia del hombre prehist\u00f3rico en sus costas. Posteriormente, los caser\u00edos costeros fueron habitados por agricultores y pescadores. Fue la creaci\u00f3n de la l\u00ednea f\u00e9rrea Marsella-Miramas en 1915 la que abri\u00f3 las aldeas costeras. Para ba\u00f1arse en las calas, conviene llevar sandalias adecuadas para caminar por las playas, a menudo formadas por grandes guijarros, y evitar hacerse da\u00f1o bajo el agua con los erizos de mar que salpican los fondos rocosos. Erizos de mar, que podr\u00e1s probar los domingos de febrero en las Oursinades de Carry le Rouet y Sausset les Pins.<\/p>\t\t\t\t\t\t\t\t<\/div>\n\t\t\t\t<\/div>\n\t\t<div class=\"elementor-element elementor-element-57d34ed6 e-con-full e-flex e-con e-child\" data-id=\"57d34ed6\" data-element_type=\"container\" data-e-type=\"container\">\n\t\t\t\t<div class=\"elementor-element elementor-element-74948fa9 elementor-widget elementor-widget-image\" data-id=\"74948fa9\" data-element_type=\"widget\" data-e-type=\"widget\" data-widget_type=\"image.default\">\n\t\t\t\t\t\t\t\t\t\t\t\t\t\t\t<img loading=\"lazy\" decoding=\"async\" width=\"800\" height=\"590\" src=\"https:\/\/hotel96.com\/wp-content\/uploads\/2026\/03\/la-cote-bleue-1024x755.png\" class=\"attachment-large size-large wp-image-1038\" alt=\"\" srcset=\"https:\/\/hotel96.com\/wp-content\/uploads\/2026\/03\/la-cote-bleue-1024x755.png 1024w, https:\/\/hotel96.com\/wp-content\/uploads\/2026\/03\/la-cote-bleue-300x221.png 300w, https:\/\/hotel96.com\/wp-content\/uploads\/2026\/03\/la-cote-bleue-768x567.png 768w, https:\/\/hotel96.com\/wp-content\/uploads\/2026\/03\/la-cote-bleue.png 1052w\" sizes=\"(max-width: 800px) 100vw, 800px\" \/>\t\t\t\t\t\t\t\t\t\t\t\t\t\t\t<\/div>\n\t\t\t\t<\/div>\n\t\t\t\t<\/div>\n\t\t<div class=\"elementor-element elementor-element-dd91399 e-flex e-con-boxed e-con e-parent\" data-id=\"dd91399\" data-element_type=\"container\" data-e-type=\"container\" data-settings=\"{&quot;background_background&quot;:&quot;classic&quot;}\">\n\t\t\t\t\t<div class=\"e-con-inner\">\n\t\t\t\t<div class=\"elementor-element elementor-element-62f1817 elementor-mobile-align-center elementor-align-center elementor-widget elementor-widget-button\" data-id=\"62f1817\" data-element_type=\"widget\" data-e-type=\"widget\" data-widget_type=\"button.default\">\n\t\t\t\t\t\t\t\t\t\t<a class=\"elementor-button elementor-button-link elementor-size-sm\" href=\"https:\/\/hotel96.com\/index.php\/es\/marsella-baby\">\n\t\t\t\t\t\t<span class=\"elementor-button-content-wrapper\">\n\t\t\t\t\t\t\t\t\t<span class=\"elementor-button-text\">Atr\u00e1s<\/span>\n\t\t\t\t\t<\/span>\n\t\t\t\t\t<\/a>\n\t\t\t\t\t\t\t\t<\/div>\n\t\t\t\t\t<\/div>\n\t\t\t\t<\/div>\n\t\t\t\t<\/div>\n\t\t","protected":false},"excerpt":{"rendered":"<p>Alrededor de Marsella Cassis El pueblo de Cassis y su peque\u00f1o y encantador puerto invitan a pasear. Disfruta de sus calles empedradas bordeadas de casitas de pescadores de colores, tiendas y acogedoras terrazas de caf\u00e9s y restaurantes. Al pasear por el pueblo, te topar\u00e1s con el horno comunal del siglo XVII, recuerdo de una \u00e9poca [&hellip;]<\/p>\n","protected":false},"author":1,"featured_media":0,"parent":2323,"menu_order":0,"comment_status":"closed","ping_status":"closed","template":"","meta":{"footnotes":""},"class_list":["post-2326","page","type-page","status-publish","hentry"],"yoast_head":"<!-- This site is optimized with the Yoast SEO plugin v27.3 - https:\/\/yoast.com\/product\/yoast-seo-wordpress\/ -->\n<title>Alrededor de Marsella - H\u00f4tel 96<\/title>\n<meta name=\"robots\" content=\"index, follow, max-snippet:-1, max-image-preview:large, max-video-preview:-1\" \/>\n<link rel=\"canonical\" href=\"https:\/\/hotel96.com\/index.php\/es\/marsella-baby\/alrededor-de-marsella\/\" \/>\n<meta property=\"og:locale\" content=\"fr_FR\" \/>\n<meta property=\"og:type\" content=\"article\" \/>\n<meta property=\"og:title\" content=\"Alrededor de Marsella - H\u00f4tel 96\" \/>\n<meta property=\"og:description\" content=\"Alrededor de Marsella Cassis El pueblo de Cassis y su peque\u00f1o y encantador puerto invitan a pasear. Disfruta de sus calles empedradas bordeadas de casitas de pescadores de colores, tiendas y acogedoras terrazas de caf\u00e9s y restaurantes. Al pasear por el pueblo, te topar\u00e1s con el horno comunal del siglo XVII, recuerdo de una \u00e9poca [&hellip;]\" \/>\n<meta property=\"og:url\" content=\"https:\/\/hotel96.com\/index.php\/es\/marsella-baby\/alrededor-de-marsella\/\" \/>\n<meta property=\"og:site_name\" content=\"H\u00f4tel 96\" \/>\n<meta property=\"article:publisher\" content=\"https:\/\/www.facebook.com\/Htel-96-301720049863669\/\" \/>\n<meta property=\"article:modified_time\" content=\"2026-04-06T11:53:20+00:00\" \/>\n<meta property=\"og:image\" content=\"https:\/\/hotel96.com\/wp-content\/uploads\/2026\/03\/cassis-1024x621.png\" \/>\n<meta name=\"twitter:card\" content=\"summary_large_image\" \/>\n<meta name=\"twitter:label1\" content=\"Dur\u00e9e de lecture estim\u00e9e\" \/>\n\t<meta name=\"twitter:data1\" content=\"2 minutes\" \/>\n<script type=\"application\/ld+json\" class=\"yoast-schema-graph\">{\"@context\":\"https:\\\/\\\/schema.org\",\"@graph\":[{\"@type\":\"WebPage\",\"@id\":\"https:\\\/\\\/hotel96.com\\\/index.php\\\/es\\\/marsella-baby\\\/alrededor-de-marsella\\\/\",\"url\":\"https:\\\/\\\/hotel96.com\\\/index.php\\\/es\\\/marsella-baby\\\/alrededor-de-marsella\\\/\",\"name\":\"Alrededor de Marsella - H\u00f4tel 96\",\"isPartOf\":{\"@id\":\"https:\\\/\\\/hotel96.com\\\/#website\"},\"primaryImageOfPage\":{\"@id\":\"https:\\\/\\\/hotel96.com\\\/index.php\\\/es\\\/marsella-baby\\\/alrededor-de-marsella\\\/#primaryimage\"},\"image\":{\"@id\":\"https:\\\/\\\/hotel96.com\\\/index.php\\\/es\\\/marsella-baby\\\/alrededor-de-marsella\\\/#primaryimage\"},\"thumbnailUrl\":\"https:\\\/\\\/hotel96.com\\\/wp-content\\\/uploads\\\/2026\\\/03\\\/cassis-1024x621.png\",\"datePublished\":\"2026-04-06T11:50:05+00:00\",\"dateModified\":\"2026-04-06T11:53:20+00:00\",\"breadcrumb\":{\"@id\":\"https:\\\/\\\/hotel96.com\\\/index.php\\\/es\\\/marsella-baby\\\/alrededor-de-marsella\\\/#breadcrumb\"},\"inLanguage\":\"fr-FR\",\"potentialAction\":[{\"@type\":\"ReadAction\",\"target\":[\"https:\\\/\\\/hotel96.com\\\/index.php\\\/es\\\/marsella-baby\\\/alrededor-de-marsella\\\/\"]}]},{\"@type\":\"ImageObject\",\"inLanguage\":\"fr-FR\",\"@id\":\"https:\\\/\\\/hotel96.com\\\/index.php\\\/es\\\/marsella-baby\\\/alrededor-de-marsella\\\/#primaryimage\",\"url\":\"https:\\\/\\\/hotel96.com\\\/wp-content\\\/uploads\\\/2026\\\/03\\\/cassis.png\",\"contentUrl\":\"https:\\\/\\\/hotel96.com\\\/wp-content\\\/uploads\\\/2026\\\/03\\\/cassis.png\",\"width\":1052,\"height\":638},{\"@type\":\"BreadcrumbList\",\"@id\":\"https:\\\/\\\/hotel96.com\\\/index.php\\\/es\\\/marsella-baby\\\/alrededor-de-marsella\\\/#breadcrumb\",\"itemListElement\":[{\"@type\":\"ListItem\",\"position\":1,\"name\":\"Accueil\",\"item\":\"https:\\\/\\\/hotel96.com\\\/index.php\\\/fr\\\/accueil\\\/\"},{\"@type\":\"ListItem\",\"position\":2,\"name\":\"MARSELLA, BABY !!\",\"item\":\"https:\\\/\\\/hotel96.com\\\/index.php\\\/es\\\/marsella-baby\\\/\"},{\"@type\":\"ListItem\",\"position\":3,\"name\":\"Alrededor de Marsella\"}]},{\"@type\":\"WebSite\",\"@id\":\"https:\\\/\\\/hotel96.com\\\/#website\",\"url\":\"https:\\\/\\\/hotel96.com\\\/\",\"name\":\"H\u00f4tel 96 - Marseille\",\"description\":\"\",\"publisher\":{\"@id\":\"https:\\\/\\\/hotel96.com\\\/#organization\"},\"potentialAction\":[{\"@type\":\"SearchAction\",\"target\":{\"@type\":\"EntryPoint\",\"urlTemplate\":\"https:\\\/\\\/hotel96.com\\\/?s={search_term_string}\"},\"query-input\":{\"@type\":\"PropertyValueSpecification\",\"valueRequired\":true,\"valueName\":\"search_term_string\"}}],\"inLanguage\":\"fr-FR\"},{\"@type\":\"Organization\",\"@id\":\"https:\\\/\\\/hotel96.com\\\/#organization\",\"name\":\"H\u00f4tel 96 - Mareille\",\"url\":\"https:\\\/\\\/hotel96.com\\\/\",\"logo\":{\"@type\":\"ImageObject\",\"inLanguage\":\"fr-FR\",\"@id\":\"https:\\\/\\\/hotel96.com\\\/#\\\/schema\\\/logo\\\/image\\\/\",\"url\":\"https:\\\/\\\/hotel96.com\\\/wp-content\\\/uploads\\\/2025\\\/12\\\/logo.png\",\"contentUrl\":\"https:\\\/\\\/hotel96.com\\\/wp-content\\\/uploads\\\/2025\\\/12\\\/logo.png\",\"width\":278,\"height\":85,\"caption\":\"H\u00f4tel 96 - Mareille\"},\"image\":{\"@id\":\"https:\\\/\\\/hotel96.com\\\/#\\\/schema\\\/logo\\\/image\\\/\"},\"sameAs\":[\"https:\\\/\\\/www.facebook.com\\\/Htel-96-301720049863669\\\/\",\"https:\\\/\\\/www.instagram.com\\\/hotel_96\\\/\",\"https:\\\/\\\/www.tripadvisor.fr\\\/Hotel_Review-g187253-d3802131-Reviews-Hotel_96-Marseille_Bouches_du_Rhone_Provence_Alpes_Cote_d_Azur.html\",\"https:\\\/\\\/www.linkedin.com\\\/company\\\/hotel-96\\\/\"]}]}<\/script>\n<!-- \/ Yoast SEO plugin. -->","yoast_head_json":{"title":"Alrededor de Marsella - H\u00f4tel 96","robots":{"index":"index","follow":"follow","max-snippet":"max-snippet:-1","max-image-preview":"max-image-preview:large","max-video-preview":"max-video-preview:-1"},"canonical":"https:\/\/hotel96.com\/index.php\/es\/marsella-baby\/alrededor-de-marsella\/","og_locale":"fr_FR","og_type":"article","og_title":"Alrededor de Marsella - H\u00f4tel 96","og_description":"Alrededor de Marsella Cassis El pueblo de Cassis y su peque\u00f1o y encantador puerto invitan a pasear. Disfruta de sus calles empedradas bordeadas de casitas de pescadores de colores, tiendas y acogedoras terrazas de caf\u00e9s y restaurantes. Al pasear por el pueblo, te topar\u00e1s con el horno comunal del siglo XVII, recuerdo de una \u00e9poca [&hellip;]","og_url":"https:\/\/hotel96.com\/index.php\/es\/marsella-baby\/alrededor-de-marsella\/","og_site_name":"H\u00f4tel 96","article_publisher":"https:\/\/www.facebook.com\/Htel-96-301720049863669\/","article_modified_time":"2026-04-06T11:53:20+00:00","og_image":[{"url":"https:\/\/hotel96.com\/wp-content\/uploads\/2026\/03\/cassis-1024x621.png","type":"","width":"","height":""}],"twitter_card":"summary_large_image","twitter_misc":{"Dur\u00e9e de lecture estim\u00e9e":"2 minutes"},"schema":{"@context":"https:\/\/schema.org","@graph":[{"@type":"WebPage","@id":"https:\/\/hotel96.com\/index.php\/es\/marsella-baby\/alrededor-de-marsella\/","url":"https:\/\/hotel96.com\/index.php\/es\/marsella-baby\/alrededor-de-marsella\/","name":"Alrededor de Marsella - H\u00f4tel 96","isPartOf":{"@id":"https:\/\/hotel96.com\/#website"},"primaryImageOfPage":{"@id":"https:\/\/hotel96.com\/index.php\/es\/marsella-baby\/alrededor-de-marsella\/#primaryimage"},"image":{"@id":"https:\/\/hotel96.com\/index.php\/es\/marsella-baby\/alrededor-de-marsella\/#primaryimage"},"thumbnailUrl":"https:\/\/hotel96.com\/wp-content\/uploads\/2026\/03\/cassis-1024x621.png","datePublished":"2026-04-06T11:50:05+00:00","dateModified":"2026-04-06T11:53:20+00:00","breadcrumb":{"@id":"https:\/\/hotel96.com\/index.php\/es\/marsella-baby\/alrededor-de-marsella\/#breadcrumb"},"inLanguage":"fr-FR","potentialAction":[{"@type":"ReadAction","target":["https:\/\/hotel96.com\/index.php\/es\/marsella-baby\/alrededor-de-marsella\/"]}]},{"@type":"ImageObject","inLanguage":"fr-FR","@id":"https:\/\/hotel96.com\/index.php\/es\/marsella-baby\/alrededor-de-marsella\/#primaryimage","url":"https:\/\/hotel96.com\/wp-content\/uploads\/2026\/03\/cassis.png","contentUrl":"https:\/\/hotel96.com\/wp-content\/uploads\/2026\/03\/cassis.png","width":1052,"height":638},{"@type":"BreadcrumbList","@id":"https:\/\/hotel96.com\/index.php\/es\/marsella-baby\/alrededor-de-marsella\/#breadcrumb","itemListElement":[{"@type":"ListItem","position":1,"name":"Accueil","item":"https:\/\/hotel96.com\/index.php\/fr\/accueil\/"},{"@type":"ListItem","position":2,"name":"MARSELLA, BABY !!","item":"https:\/\/hotel96.com\/index.php\/es\/marsella-baby\/"},{"@type":"ListItem","position":3,"name":"Alrededor de Marsella"}]},{"@type":"WebSite","@id":"https:\/\/hotel96.com\/#website","url":"https:\/\/hotel96.com\/","name":"H\u00f4tel 96 - Marseille","description":"","publisher":{"@id":"https:\/\/hotel96.com\/#organization"},"potentialAction":[{"@type":"SearchAction","target":{"@type":"EntryPoint","urlTemplate":"https:\/\/hotel96.com\/?s={search_term_string}"},"query-input":{"@type":"PropertyValueSpecification","valueRequired":true,"valueName":"search_term_string"}}],"inLanguage":"fr-FR"},{"@type":"Organization","@id":"https:\/\/hotel96.com\/#organization","name":"H\u00f4tel 96 - Mareille","url":"https:\/\/hotel96.com\/","logo":{"@type":"ImageObject","inLanguage":"fr-FR","@id":"https:\/\/hotel96.com\/#\/schema\/logo\/image\/","url":"https:\/\/hotel96.com\/wp-content\/uploads\/2025\/12\/logo.png","contentUrl":"https:\/\/hotel96.com\/wp-content\/uploads\/2025\/12\/logo.png","width":278,"height":85,"caption":"H\u00f4tel 96 - Mareille"},"image":{"@id":"https:\/\/hotel96.com\/#\/schema\/logo\/image\/"},"sameAs":["https:\/\/www.facebook.com\/Htel-96-301720049863669\/","https:\/\/www.instagram.com\/hotel_96\/","https:\/\/www.tripadvisor.fr\/Hotel_Review-g187253-d3802131-Reviews-Hotel_96-Marseille_Bouches_du_Rhone_Provence_Alpes_Cote_d_Azur.html","https:\/\/www.linkedin.com\/company\/hotel-96\/"]}]}},"_links":{"self":[{"href":"https:\/\/hotel96.com\/index.php\/wp-json\/wp\/v2\/pages\/2326","targetHints":{"allow":["GET"]}}],"collection":[{"href":"https:\/\/hotel96.com\/index.php\/wp-json\/wp\/v2\/pages"}],"about":[{"href":"https:\/\/hotel96.com\/index.php\/wp-json\/wp\/v2\/types\/page"}],"author":[{"embeddable":true,"href":"https:\/\/hotel96.com\/index.php\/wp-json\/wp\/v2\/users\/1"}],"replies":[{"embeddable":true,"href":"https:\/\/hotel96.com\/index.php\/wp-json\/wp\/v2\/comments?post=2326"}],"version-history":[{"count":10,"href":"https:\/\/hotel96.com\/index.php\/wp-json\/wp\/v2\/pages\/2326\/revisions"}],"predecessor-version":[{"id":2337,"href":"https:\/\/hotel96.com\/index.php\/wp-json\/wp\/v2\/pages\/2326\/revisions\/2337"}],"up":[{"embeddable":true,"href":"https:\/\/hotel96.com\/index.php\/wp-json\/wp\/v2\/pages\/2323"}],"wp:attachment":[{"href":"https:\/\/hotel96.com\/index.php\/wp-json\/wp\/v2\/media?parent=2326"}],"curies":[{"name":"wp","href":"https:\/\/api.w.org\/{rel}","templated":true}]}}