{"id":1963,"date":"2026-04-02T11:05:48","date_gmt":"2026-04-02T09:05:48","guid":{"rendered":"https:\/\/hotel.tribalt.agency\/?page_id=1963"},"modified":"2026-04-06T15:18:39","modified_gmt":"2026-04-06T13:18:39","slug":"nuestra-guia-de-supervivencia-room-directory","status":"publish","type":"page","link":"https:\/\/hotel96.com\/index.php\/es\/contacto\/nuestra-guia-de-supervivencia-room-directory\/","title":{"rendered":"Nuestra gu\u00eda de supervivencia \u2013 Room Directory"},"content":{"rendered":"\t\t<div data-elementor-type=\"wp-page\" data-elementor-id=\"1963\" class=\"elementor elementor-1963\" data-elementor-post-type=\"page\">\n\t\t\t\t<div class=\"elementor-element elementor-element-6c88d8d9 e-flex e-con-boxed e-con e-parent\" data-id=\"6c88d8d9\" data-element_type=\"container\" data-e-type=\"container\">\n\t\t\t\t\t<div class=\"e-con-inner\">\n\t\t\t\t<div class=\"elementor-element elementor-element-3f147f8d elementor-widget elementor-widget-image\" data-id=\"3f147f8d\" data-element_type=\"widget\" data-e-type=\"widget\" data-widget_type=\"image.default\">\n\t\t\t\t\t\t\t\t\t\t\t\t\t\t\t<img fetchpriority=\"high\" decoding=\"async\" width=\"800\" height=\"470\" src=\"https:\/\/hotel96.com\/wp-content\/uploads\/2026\/03\/survival-guide-1024x602.png\" class=\"attachment-large size-large wp-image-1103\" alt=\"\" srcset=\"https:\/\/hotel96.com\/wp-content\/uploads\/2026\/03\/survival-guide-1024x602.png 1024w, https:\/\/hotel96.com\/wp-content\/uploads\/2026\/03\/survival-guide-300x176.png 300w, https:\/\/hotel96.com\/wp-content\/uploads\/2026\/03\/survival-guide-768x451.png 768w, https:\/\/hotel96.com\/wp-content\/uploads\/2026\/03\/survival-guide-1536x903.png 1536w, https:\/\/hotel96.com\/wp-content\/uploads\/2026\/03\/survival-guide-2048x1204.png 2048w\" sizes=\"(max-width: 800px) 100vw, 800px\" \/>\t\t\t\t\t\t\t\t\t\t\t\t\t\t\t<\/div>\n\t\t\t\t\t<\/div>\n\t\t\t\t<\/div>\n\t\t<div class=\"elementor-element elementor-element-3aeab9b2 e-flex e-con-boxed e-con e-parent\" data-id=\"3aeab9b2\" data-element_type=\"container\" data-e-type=\"container\">\n\t\t\t\t\t<div class=\"e-con-inner\">\n\t\t\t\t<div class=\"elementor-element elementor-element-6e44b5f5 elementor-widget elementor-widget-heading\" data-id=\"6e44b5f5\" data-element_type=\"widget\" data-e-type=\"widget\" data-widget_type=\"heading.default\">\n\t\t\t\t\t<h2 class=\"elementor-heading-title elementor-size-default\">Nuestra gu\u00eda de supervivencia <\/h2>\t\t\t\t<\/div>\n\t\t\t\t\t<\/div>\n\t\t\t\t<\/div>\n\t\t<div class=\"elementor-element elementor-element-77ff71c9 e-flex e-con-boxed e-con e-parent\" data-id=\"77ff71c9\" data-element_type=\"container\" data-e-type=\"container\">\n\t\t\t\t\t<div class=\"e-con-inner\">\n\t\t<div class=\"elementor-element elementor-element-6d442f9 e-con-full e-flex e-con e-child\" data-id=\"6d442f9\" data-element_type=\"container\" data-e-type=\"container\">\n\t\t\t\t<div class=\"elementor-element elementor-element-632d557f elementor-widget elementor-widget-image\" data-id=\"632d557f\" data-element_type=\"widget\" data-e-type=\"widget\" data-widget_type=\"image.default\">\n\t\t\t\t\t\t\t\t\t\t\t\t\t\t\t<img decoding=\"async\" width=\"800\" height=\"796\" src=\"https:\/\/hotel96.com\/wp-content\/uploads\/2026\/03\/potager.jpg\" class=\"attachment-large size-large wp-image-876\" alt=\"\" srcset=\"https:\/\/hotel96.com\/wp-content\/uploads\/2026\/03\/potager.jpg 997w, https:\/\/hotel96.com\/wp-content\/uploads\/2026\/03\/potager-300x298.jpg 300w, https:\/\/hotel96.com\/wp-content\/uploads\/2026\/03\/potager-150x150.jpg 150w, https:\/\/hotel96.com\/wp-content\/uploads\/2026\/03\/potager-768x764.jpg 768w\" sizes=\"(max-width: 800px) 100vw, 800px\" \/>\t\t\t\t\t\t\t\t\t\t\t\t\t\t\t<\/div>\n\t\t\t\t<div class=\"elementor-element elementor-element-fbb9c75 elementor-mobile-align-center elementor-widget elementor-widget-button\" data-id=\"fbb9c75\" data-element_type=\"widget\" data-e-type=\"widget\" data-widget_type=\"button.default\">\n\t\t\t\t\t\t\t\t\t\t<a class=\"elementor-button elementor-button-link elementor-size-sm\" href=\"https:\/\/hotel96.com\/index.php\/es\/contacto\/\">\n\t\t\t\t\t\t<span class=\"elementor-button-content-wrapper\">\n\t\t\t\t\t\t\t\t\t<span class=\"elementor-button-text\">Atr\u00e1s<\/span>\n\t\t\t\t\t<\/span>\n\t\t\t\t\t<\/a>\n\t\t\t\t\t\t\t\t<\/div>\n\t\t\t\t<\/div>\n\t\t<div class=\"elementor-element elementor-element-40abeb58 e-con-full e-flex e-con e-child\" data-id=\"40abeb58\" data-element_type=\"container\" data-e-type=\"container\">\n\t\t\t\t<div class=\"elementor-element elementor-element-7f0ee03f elementor-widget elementor-widget-text-editor\" data-id=\"7f0ee03f\" data-element_type=\"widget\" data-e-type=\"widget\" data-widget_type=\"text-editor.default\">\n\t\t\t\t\t\t\t\t\t<p>Toda la informaci\u00f3n que necesita sobre el Hotel 96 se encuentra en esta gu\u00eda.<\/p><p>Est\u00e1 disponible en su habitaci\u00f3n, sobre el escritorio, o:<\/p>\t\t\t\t\t\t\t\t<\/div>\n\t\t\t\t<div class=\"elementor-element elementor-element-2e899b2f elementor-mobile-align-center elementor-widget elementor-widget-button\" data-id=\"2e899b2f\" data-element_type=\"widget\" data-e-type=\"widget\" data-widget_type=\"button.default\">\n\t\t\t\t\t\t\t\t\t\t<a class=\"elementor-button elementor-button-link elementor-size-sm\" href=\"https:\/\/hotel96.com\/wp-content\/uploads\/2026\/03\/RoomDirectory.pdf\" target=\"_blank\">\n\t\t\t\t\t\t<span class=\"elementor-button-content-wrapper\">\n\t\t\t\t\t\t\t\t\t<span class=\"elementor-button-text\">Haz clic aqu\u00ed<\/span>\n\t\t\t\t\t<\/span>\n\t\t\t\t\t<\/a>\n\t\t\t\t\t\t\t\t<\/div>\n\t\t\t\t<\/div>\n\t\t\t\t\t<\/div>\n\t\t\t\t<\/div>\n\t\t\t\t<\/div>\n\t\t","protected":false},"excerpt":{"rendered":"<p>Nuestra gu\u00eda de supervivencia Atr\u00e1s Toda la informaci\u00f3n que necesita sobre el Hotel 96 se encuentra en esta gu\u00eda. Est\u00e1 disponible en su habitaci\u00f3n, sobre el escritorio, o: Haz clic aqu\u00ed<\/p>\n","protected":false},"author":1,"featured_media":0,"parent":1940,"menu_order":0,"comment_status":"closed","ping_status":"closed","template":"","meta":{"footnotes":""},"class_list":["post-1963","page","type-page","status-publish","hentry"],"yoast_head":"<!-- This site is optimized with the Yoast SEO plugin v27.3 - https:\/\/yoast.com\/product\/yoast-seo-wordpress\/ -->\n<title>Nuestra gu\u00eda de supervivencia \u2013 Room Directory - H\u00f4tel 96<\/title>\n<meta name=\"robots\" content=\"index, follow, max-snippet:-1, max-image-preview:large, max-video-preview:-1\" \/>\n<link rel=\"canonical\" href=\"https:\/\/hotel96.com\/index.php\/es\/contacto\/nuestra-guia-de-supervivencia-room-directory\/\" \/>\n<meta property=\"og:locale\" content=\"fr_FR\" \/>\n<meta property=\"og:type\" content=\"article\" \/>\n<meta property=\"og:title\" content=\"Nuestra gu\u00eda de supervivencia \u2013 Room Directory - H\u00f4tel 96\" \/>\n<meta property=\"og:description\" content=\"Nuestra gu\u00eda de supervivencia Atr\u00e1s Toda la informaci\u00f3n que necesita sobre el Hotel 96 se encuentra en esta gu\u00eda. Est\u00e1 disponible en su habitaci\u00f3n, sobre el escritorio, o: Haz clic aqu\u00ed\" \/>\n<meta property=\"og:url\" content=\"https:\/\/hotel96.com\/index.php\/es\/contacto\/nuestra-guia-de-supervivencia-room-directory\/\" \/>\n<meta property=\"og:site_name\" content=\"H\u00f4tel 96\" \/>\n<meta property=\"article:publisher\" content=\"https:\/\/www.facebook.com\/Htel-96-301720049863669\/\" \/>\n<meta property=\"article:modified_time\" content=\"2026-04-06T13:18:39+00:00\" \/>\n<meta property=\"og:image\" content=\"https:\/\/hotel96.com\/wp-content\/uploads\/2026\/03\/survival-guide-1024x602.png\" \/>\n<meta name=\"twitter:card\" content=\"summary_large_image\" \/>\n<script type=\"application\/ld+json\" class=\"yoast-schema-graph\">{\"@context\":\"https:\\\/\\\/schema.org\",\"@graph\":[{\"@type\":\"WebPage\",\"@id\":\"https:\\\/\\\/hotel96.com\\\/index.php\\\/es\\\/contacto\\\/nuestra-guia-de-supervivencia-room-directory\\\/\",\"url\":\"https:\\\/\\\/hotel96.com\\\/index.php\\\/es\\\/contacto\\\/nuestra-guia-de-supervivencia-room-directory\\\/\",\"name\":\"Nuestra gu\u00eda de supervivencia \u2013 Room Directory - H\u00f4tel 96\",\"isPartOf\":{\"@id\":\"https:\\\/\\\/hotel96.com\\\/#website\"},\"primaryImageOfPage\":{\"@id\":\"https:\\\/\\\/hotel96.com\\\/index.php\\\/es\\\/contacto\\\/nuestra-guia-de-supervivencia-room-directory\\\/#primaryimage\"},\"image\":{\"@id\":\"https:\\\/\\\/hotel96.com\\\/index.php\\\/es\\\/contacto\\\/nuestra-guia-de-supervivencia-room-directory\\\/#primaryimage\"},\"thumbnailUrl\":\"https:\\\/\\\/hotel96.com\\\/wp-content\\\/uploads\\\/2026\\\/03\\\/survival-guide-1024x602.png\",\"datePublished\":\"2026-04-02T09:05:48+00:00\",\"dateModified\":\"2026-04-06T13:18:39+00:00\",\"breadcrumb\":{\"@id\":\"https:\\\/\\\/hotel96.com\\\/index.php\\\/es\\\/contacto\\\/nuestra-guia-de-supervivencia-room-directory\\\/#breadcrumb\"},\"inLanguage\":\"fr-FR\",\"potentialAction\":[{\"@type\":\"ReadAction\",\"target\":[\"https:\\\/\\\/hotel96.com\\\/index.php\\\/es\\\/contacto\\\/nuestra-guia-de-supervivencia-room-directory\\\/\"]}]},{\"@type\":\"ImageObject\",\"inLanguage\":\"fr-FR\",\"@id\":\"https:\\\/\\\/hotel96.com\\\/index.php\\\/es\\\/contacto\\\/nuestra-guia-de-supervivencia-room-directory\\\/#primaryimage\",\"url\":\"https:\\\/\\\/hotel96.com\\\/wp-content\\\/uploads\\\/2026\\\/03\\\/survival-guide.png\",\"contentUrl\":\"https:\\\/\\\/hotel96.com\\\/wp-content\\\/uploads\\\/2026\\\/03\\\/survival-guide.png\",\"width\":2181,\"height\":1282},{\"@type\":\"BreadcrumbList\",\"@id\":\"https:\\\/\\\/hotel96.com\\\/index.php\\\/es\\\/contacto\\\/nuestra-guia-de-supervivencia-room-directory\\\/#breadcrumb\",\"itemListElement\":[{\"@type\":\"ListItem\",\"position\":1,\"name\":\"Accueil\",\"item\":\"https:\\\/\\\/hotel96.com\\\/index.php\\\/fr\\\/accueil\\\/\"},{\"@type\":\"ListItem\",\"position\":2,\"name\":\"CONTACTO\",\"item\":\"https:\\\/\\\/hotel96.com\\\/index.php\\\/es\\\/contacto\\\/\"},{\"@type\":\"ListItem\",\"position\":3,\"name\":\"Nuestra gu\u00eda de supervivencia \u2013 Room Directory\"}]},{\"@type\":\"WebSite\",\"@id\":\"https:\\\/\\\/hotel96.com\\\/#website\",\"url\":\"https:\\\/\\\/hotel96.com\\\/\",\"name\":\"H\u00f4tel 96 - Marseille\",\"description\":\"\",\"publisher\":{\"@id\":\"https:\\\/\\\/hotel96.com\\\/#organization\"},\"potentialAction\":[{\"@type\":\"SearchAction\",\"target\":{\"@type\":\"EntryPoint\",\"urlTemplate\":\"https:\\\/\\\/hotel96.com\\\/?s={search_term_string}\"},\"query-input\":{\"@type\":\"PropertyValueSpecification\",\"valueRequired\":true,\"valueName\":\"search_term_string\"}}],\"inLanguage\":\"fr-FR\"},{\"@type\":\"Organization\",\"@id\":\"https:\\\/\\\/hotel96.com\\\/#organization\",\"name\":\"H\u00f4tel 96 - Mareille\",\"url\":\"https:\\\/\\\/hotel96.com\\\/\",\"logo\":{\"@type\":\"ImageObject\",\"inLanguage\":\"fr-FR\",\"@id\":\"https:\\\/\\\/hotel96.com\\\/#\\\/schema\\\/logo\\\/image\\\/\",\"url\":\"https:\\\/\\\/hotel96.com\\\/wp-content\\\/uploads\\\/2025\\\/12\\\/logo.png\",\"contentUrl\":\"https:\\\/\\\/hotel96.com\\\/wp-content\\\/uploads\\\/2025\\\/12\\\/logo.png\",\"width\":278,\"height\":85,\"caption\":\"H\u00f4tel 96 - Mareille\"},\"image\":{\"@id\":\"https:\\\/\\\/hotel96.com\\\/#\\\/schema\\\/logo\\\/image\\\/\"},\"sameAs\":[\"https:\\\/\\\/www.facebook.com\\\/Htel-96-301720049863669\\\/\",\"https:\\\/\\\/www.instagram.com\\\/hotel_96\\\/\",\"https:\\\/\\\/www.tripadvisor.fr\\\/Hotel_Review-g187253-d3802131-Reviews-Hotel_96-Marseille_Bouches_du_Rhone_Provence_Alpes_Cote_d_Azur.html\",\"https:\\\/\\\/www.linkedin.com\\\/company\\\/hotel-96\\\/\"]}]}<\/script>\n<!-- \/ Yoast SEO plugin. -->","yoast_head_json":{"title":"Nuestra gu\u00eda de supervivencia \u2013 Room Directory - H\u00f4tel 96","robots":{"index":"index","follow":"follow","max-snippet":"max-snippet:-1","max-image-preview":"max-image-preview:large","max-video-preview":"max-video-preview:-1"},"canonical":"https:\/\/hotel96.com\/index.php\/es\/contacto\/nuestra-guia-de-supervivencia-room-directory\/","og_locale":"fr_FR","og_type":"article","og_title":"Nuestra gu\u00eda de supervivencia \u2013 Room Directory - H\u00f4tel 96","og_description":"Nuestra gu\u00eda de supervivencia Atr\u00e1s Toda la informaci\u00f3n que necesita sobre el Hotel 96 se encuentra en esta gu\u00eda. Est\u00e1 disponible en su habitaci\u00f3n, sobre el escritorio, o: Haz clic aqu\u00ed","og_url":"https:\/\/hotel96.com\/index.php\/es\/contacto\/nuestra-guia-de-supervivencia-room-directory\/","og_site_name":"H\u00f4tel 96","article_publisher":"https:\/\/www.facebook.com\/Htel-96-301720049863669\/","article_modified_time":"2026-04-06T13:18:39+00:00","og_image":[{"url":"https:\/\/hotel96.com\/wp-content\/uploads\/2026\/03\/survival-guide-1024x602.png","type":"","width":"","height":""}],"twitter_card":"summary_large_image","schema":{"@context":"https:\/\/schema.org","@graph":[{"@type":"WebPage","@id":"https:\/\/hotel96.com\/index.php\/es\/contacto\/nuestra-guia-de-supervivencia-room-directory\/","url":"https:\/\/hotel96.com\/index.php\/es\/contacto\/nuestra-guia-de-supervivencia-room-directory\/","name":"Nuestra gu\u00eda de supervivencia \u2013 Room Directory - H\u00f4tel 96","isPartOf":{"@id":"https:\/\/hotel96.com\/#website"},"primaryImageOfPage":{"@id":"https:\/\/hotel96.com\/index.php\/es\/contacto\/nuestra-guia-de-supervivencia-room-directory\/#primaryimage"},"image":{"@id":"https:\/\/hotel96.com\/index.php\/es\/contacto\/nuestra-guia-de-supervivencia-room-directory\/#primaryimage"},"thumbnailUrl":"https:\/\/hotel96.com\/wp-content\/uploads\/2026\/03\/survival-guide-1024x602.png","datePublished":"2026-04-02T09:05:48+00:00","dateModified":"2026-04-06T13:18:39+00:00","breadcrumb":{"@id":"https:\/\/hotel96.com\/index.php\/es\/contacto\/nuestra-guia-de-supervivencia-room-directory\/#breadcrumb"},"inLanguage":"fr-FR","potentialAction":[{"@type":"ReadAction","target":["https:\/\/hotel96.com\/index.php\/es\/contacto\/nuestra-guia-de-supervivencia-room-directory\/"]}]},{"@type":"ImageObject","inLanguage":"fr-FR","@id":"https:\/\/hotel96.com\/index.php\/es\/contacto\/nuestra-guia-de-supervivencia-room-directory\/#primaryimage","url":"https:\/\/hotel96.com\/wp-content\/uploads\/2026\/03\/survival-guide.png","contentUrl":"https:\/\/hotel96.com\/wp-content\/uploads\/2026\/03\/survival-guide.png","width":2181,"height":1282},{"@type":"BreadcrumbList","@id":"https:\/\/hotel96.com\/index.php\/es\/contacto\/nuestra-guia-de-supervivencia-room-directory\/#breadcrumb","itemListElement":[{"@type":"ListItem","position":1,"name":"Accueil","item":"https:\/\/hotel96.com\/index.php\/fr\/accueil\/"},{"@type":"ListItem","position":2,"name":"CONTACTO","item":"https:\/\/hotel96.com\/index.php\/es\/contacto\/"},{"@type":"ListItem","position":3,"name":"Nuestra gu\u00eda de supervivencia \u2013 Room Directory"}]},{"@type":"WebSite","@id":"https:\/\/hotel96.com\/#website","url":"https:\/\/hotel96.com\/","name":"H\u00f4tel 96 - Marseille","description":"","publisher":{"@id":"https:\/\/hotel96.com\/#organization"},"potentialAction":[{"@type":"SearchAction","target":{"@type":"EntryPoint","urlTemplate":"https:\/\/hotel96.com\/?s={search_term_string}"},"query-input":{"@type":"PropertyValueSpecification","valueRequired":true,"valueName":"search_term_string"}}],"inLanguage":"fr-FR"},{"@type":"Organization","@id":"https:\/\/hotel96.com\/#organization","name":"H\u00f4tel 96 - Mareille","url":"https:\/\/hotel96.com\/","logo":{"@type":"ImageObject","inLanguage":"fr-FR","@id":"https:\/\/hotel96.com\/#\/schema\/logo\/image\/","url":"https:\/\/hotel96.com\/wp-content\/uploads\/2025\/12\/logo.png","contentUrl":"https:\/\/hotel96.com\/wp-content\/uploads\/2025\/12\/logo.png","width":278,"height":85,"caption":"H\u00f4tel 96 - Mareille"},"image":{"@id":"https:\/\/hotel96.com\/#\/schema\/logo\/image\/"},"sameAs":["https:\/\/www.facebook.com\/Htel-96-301720049863669\/","https:\/\/www.instagram.com\/hotel_96\/","https:\/\/www.tripadvisor.fr\/Hotel_Review-g187253-d3802131-Reviews-Hotel_96-Marseille_Bouches_du_Rhone_Provence_Alpes_Cote_d_Azur.html","https:\/\/www.linkedin.com\/company\/hotel-96\/"]}]}},"_links":{"self":[{"href":"https:\/\/hotel96.com\/index.php\/wp-json\/wp\/v2\/pages\/1963","targetHints":{"allow":["GET"]}}],"collection":[{"href":"https:\/\/hotel96.com\/index.php\/wp-json\/wp\/v2\/pages"}],"about":[{"href":"https:\/\/hotel96.com\/index.php\/wp-json\/wp\/v2\/types\/page"}],"author":[{"embeddable":true,"href":"https:\/\/hotel96.com\/index.php\/wp-json\/wp\/v2\/users\/1"}],"replies":[{"embeddable":true,"href":"https:\/\/hotel96.com\/index.php\/wp-json\/wp\/v2\/comments?post=1963"}],"version-history":[{"count":7,"href":"https:\/\/hotel96.com\/index.php\/wp-json\/wp\/v2\/pages\/1963\/revisions"}],"predecessor-version":[{"id":2369,"href":"https:\/\/hotel96.com\/index.php\/wp-json\/wp\/v2\/pages\/1963\/revisions\/2369"}],"up":[{"embeddable":true,"href":"https:\/\/hotel96.com\/index.php\/wp-json\/wp\/v2\/pages\/1940"}],"wp:attachment":[{"href":"https:\/\/hotel96.com\/index.php\/wp-json\/wp\/v2\/media?parent=1963"}],"curies":[{"name":"wp","href":"https:\/\/api.w.org\/{rel}","templated":true}]}}