{"id":1888,"date":"2026-04-02T10:13:12","date_gmt":"2026-04-02T08:13:12","guid":{"rendered":"https:\/\/hotel.tribalt.agency\/?page_id=1888"},"modified":"2026-04-02T10:14:10","modified_gmt":"2026-04-02T08:14:10","slug":"compromisos-ecoresponsables","status":"publish","type":"page","link":"https:\/\/hotel96.com\/index.php\/es\/los-pequenos-extras\/compromisos-ecoresponsables\/","title":{"rendered":"Compromisos Ecoresponsables"},"content":{"rendered":"\t\t<div data-elementor-type=\"wp-page\" data-elementor-id=\"1888\" class=\"elementor elementor-1888\" data-elementor-post-type=\"page\">\n\t\t\t\t<div class=\"elementor-element elementor-element-4dc1a277 e-flex e-con-boxed e-con e-parent\" data-id=\"4dc1a277\" data-element_type=\"container\" data-e-type=\"container\">\n\t\t\t\t\t<div class=\"e-con-inner\">\n\t\t\t\t<div class=\"elementor-element elementor-element-6353f222 elementor-skin-carousel elementor-arrows-yes elementor-pagination-type-bullets elementor-pagination-position-outside elementor-widget elementor-widget-media-carousel\" data-id=\"6353f222\" data-element_type=\"widget\" data-e-type=\"widget\" data-settings=\"{&quot;effect&quot;:&quot;fade&quot;,&quot;skin&quot;:&quot;carousel&quot;,&quot;show_arrows&quot;:&quot;yes&quot;,&quot;pagination&quot;:&quot;bullets&quot;,&quot;speed&quot;:500,&quot;autoplay&quot;:&quot;yes&quot;,&quot;autoplay_speed&quot;:5000,&quot;loop&quot;:&quot;yes&quot;,&quot;pause_on_hover&quot;:&quot;yes&quot;,&quot;pause_on_interaction&quot;:&quot;yes&quot;,&quot;space_between&quot;:{&quot;unit&quot;:&quot;px&quot;,&quot;size&quot;:10,&quot;sizes&quot;:[]},&quot;space_between_tablet&quot;:{&quot;unit&quot;:&quot;px&quot;,&quot;size&quot;:10,&quot;sizes&quot;:[]},&quot;space_between_mobile&quot;:{&quot;unit&quot;:&quot;px&quot;,&quot;size&quot;:10,&quot;sizes&quot;:[]}}\" data-widget_type=\"media-carousel.default\">\n\t\t\t\t\t\t\t\t\t\t<div class=\"elementor-main-swiper swiper\" role=\"region\" aria-roledescription=\"carousel\" aria-label=\"Slides\">\n\t\t\t\t<div class=\"swiper-wrapper\">\n\t\t\t\t\t\t\t\t\t\t\t<div class=\"swiper-slide\" role=\"group\" aria-roledescription=\"slide\">\n\t\t\t\t\t\t\t\t\t<div class=\"elementor-carousel-image\" role=\"img\" aria-label=\"ecorespons\" style=\"background-image: url(&#039;https:\/\/hotel96.com\/wp-content\/uploads\/2026\/03\/ecorespons.jpg&#039;)\">\n\n\t\t\t\n\t\t\t\t\t<\/div>\n\t\t\t\t\t\t\t\t<\/div>\n\t\t\t\t\t\t\t\t\t\t\t<div class=\"swiper-slide\" role=\"group\" aria-roledescription=\"slide\">\n\t\t\t\t\t\t\t\t\t<div class=\"elementor-carousel-image\" role=\"img\" aria-label=\"engagement01\" style=\"background-image: url(&#039;https:\/\/hotel96.com\/wp-content\/uploads\/2026\/03\/engagement01.jpg&#039;)\">\n\n\t\t\t\n\t\t\t\t\t<\/div>\n\t\t\t\t\t\t\t\t<\/div>\n\t\t\t\t\t\t\t\t\t\t\t<div class=\"swiper-slide\" role=\"group\" aria-roledescription=\"slide\">\n\t\t\t\t\t\t\t\t\t<div class=\"elementor-carousel-image\" role=\"img\" aria-label=\"engagement02\" style=\"background-image: url(&#039;https:\/\/hotel96.com\/wp-content\/uploads\/2026\/03\/engagement02-scaled.jpg&#039;)\">\n\n\t\t\t\n\t\t\t\t\t<\/div>\n\t\t\t\t\t\t\t\t<\/div>\n\t\t\t\t\t\t\t\t\t\t\t<div class=\"swiper-slide\" role=\"group\" aria-roledescription=\"slide\">\n\t\t\t\t\t\t\t\t\t<div class=\"elementor-carousel-image\" role=\"img\" aria-label=\"engagement04\" style=\"background-image: url(&#039;https:\/\/hotel96.com\/wp-content\/uploads\/2026\/03\/engagement04.jpg&#039;)\">\n\n\t\t\t\n\t\t\t\t\t<\/div>\n\t\t\t\t\t\t\t\t<\/div>\n\t\t\t\t\t\t\t\t\t<\/div>\n\t\t\t\t\t\t\t\t\t\t\t\t\t\t\t<div class=\"elementor-swiper-button elementor-swiper-button-prev\" role=\"button\" tabindex=\"0\" aria-label=\"Anterior\">\n\t\t\t\t\t\t\t<svg aria-hidden=\"true\" class=\"e-font-icon-svg e-eicon-chevron-left\" viewBox=\"0 0 1000 1000\" xmlns=\"http:\/\/www.w3.org\/2000\/svg\"><path d=\"M646 125C629 125 613 133 604 142L308 442C296 454 292 471 292 487 292 504 296 521 308 533L604 854C617 867 629 875 646 875 663 875 679 871 692 858 704 846 713 829 713 812 713 796 708 779 692 767L438 487 692 225C700 217 708 204 708 187 708 171 704 154 692 142 675 129 663 125 646 125Z\"><\/path><\/svg>\t\t\t\t\t\t<\/div>\n\t\t\t\t\t\t<div class=\"elementor-swiper-button elementor-swiper-button-next\" role=\"button\" tabindex=\"0\" aria-label=\"Siguiente\">\n\t\t\t\t\t\t\t<svg aria-hidden=\"true\" class=\"e-font-icon-svg e-eicon-chevron-right\" viewBox=\"0 0 1000 1000\" xmlns=\"http:\/\/www.w3.org\/2000\/svg\"><path d=\"M696 533C708 521 713 504 713 487 713 471 708 454 696 446L400 146C388 133 375 125 354 125 338 125 325 129 313 142 300 154 292 171 292 187 292 204 296 221 308 233L563 492 304 771C292 783 288 800 288 817 288 833 296 850 308 863 321 871 338 875 354 875 371 875 388 867 400 854L696 533Z\"><\/path><\/svg>\t\t\t\t\t\t<\/div>\n\t\t\t\t\t\t\t\t\t\t\t\t\t\t\t\t<div class=\"swiper-pagination\"><\/div>\n\t\t\t\t\t\t\t\t\t\t\t\t<\/div>\n\t\t\t\t\t\t\t\t<\/div>\n\t\t\t\t\t<\/div>\n\t\t\t\t<\/div>\n\t\t<div class=\"elementor-element elementor-element-26f51b9e e-flex e-con-boxed e-con e-parent\" data-id=\"26f51b9e\" data-element_type=\"container\" data-e-type=\"container\">\n\t\t\t\t\t<div class=\"e-con-inner\">\n\t\t\t\t<div class=\"elementor-element elementor-element-5748912 elementor-widget elementor-widget-heading\" data-id=\"5748912\" data-element_type=\"widget\" data-e-type=\"widget\" data-widget_type=\"heading.default\">\n\t\t\t\t\t<h2 class=\"elementor-heading-title elementor-size-default\">Compromisos Ecoresponsables<\/h2>\t\t\t\t<\/div>\n\t\t\t\t\t<\/div>\n\t\t\t\t<\/div>\n\t\t<div class=\"elementor-element elementor-element-55b1da83 e-flex e-con-boxed e-con e-parent\" data-id=\"55b1da83\" data-element_type=\"container\" data-e-type=\"container\">\n\t\t\t\t\t<div class=\"e-con-inner\">\n\t\t<div class=\"elementor-element elementor-element-3cc7f160 e-con-full e-flex e-con e-child\" data-id=\"3cc7f160\" data-element_type=\"container\" data-e-type=\"container\">\n\t\t\t\t<div class=\"elementor-element elementor-element-4fdb52a7 elementor-widget elementor-widget-image\" data-id=\"4fdb52a7\" data-element_type=\"widget\" data-e-type=\"widget\" data-widget_type=\"image.default\">\n\t\t\t\t\t\t\t\t\t\t\t\t\t\t\t<img fetchpriority=\"high\" decoding=\"async\" width=\"800\" height=\"796\" src=\"https:\/\/hotel96.com\/wp-content\/uploads\/2026\/03\/potager.jpg\" class=\"attachment-large size-large wp-image-876\" alt=\"\" srcset=\"https:\/\/hotel96.com\/wp-content\/uploads\/2026\/03\/potager.jpg 997w, https:\/\/hotel96.com\/wp-content\/uploads\/2026\/03\/potager-300x298.jpg 300w, https:\/\/hotel96.com\/wp-content\/uploads\/2026\/03\/potager-150x150.jpg 150w, https:\/\/hotel96.com\/wp-content\/uploads\/2026\/03\/potager-768x764.jpg 768w\" sizes=\"(max-width: 800px) 100vw, 800px\" \/>\t\t\t\t\t\t\t\t\t\t\t\t\t\t\t<\/div>\n\t\t\t\t<div class=\"elementor-element elementor-element-a9bd530 elementor-mobile-align-center elementor-widget elementor-widget-button\" data-id=\"a9bd530\" data-element_type=\"widget\" data-e-type=\"widget\" data-widget_type=\"button.default\">\n\t\t\t\t\t\t\t\t\t\t<a class=\"elementor-button elementor-button-link elementor-size-sm\" href=\"https:\/\/hotel96.com\/index.php\/es\/los-pequenos-extras\">\n\t\t\t\t\t\t<span class=\"elementor-button-content-wrapper\">\n\t\t\t\t\t\t\t\t\t<span class=\"elementor-button-text\">Atr\u00e1s<\/span>\n\t\t\t\t\t<\/span>\n\t\t\t\t\t<\/a>\n\t\t\t\t\t\t\t\t<\/div>\n\t\t\t\t<\/div>\n\t\t<div class=\"elementor-element elementor-element-7b75e407 e-con-full e-flex e-con e-child\" data-id=\"7b75e407\" data-element_type=\"container\" data-e-type=\"container\">\n\t\t\t\t<div class=\"elementor-element elementor-element-73f36640 elementor-widget elementor-widget-text-editor\" data-id=\"73f36640\" data-element_type=\"widget\" data-e-type=\"widget\" data-widget_type=\"text-editor.default\">\n\t\t\t\t\t\t\t\t\t<p>Nuestro establecimiento est\u00e1 construido en un entorno verde y, desde su apertura, se ha comprometido con un enfoque ecoresponsable para preservarlo. Cada d\u00eda, nos esforzamos por aumentar nuestro compromiso. Nuestro compromiso est\u00e1 reconocido por la etiqueta Cl\u00e9 Verte, que hemos obtenido en 2021 y que conservamos hasta ahora.<\/p><p>Cuando te alojas con nosotros, aqu\u00ed tienes algunas peque\u00f1as cosas que puedes hacer:\u00a0<\/p><p>&#8211; No olvides tu botella de agua: te ofrecemos agua filtrada ilimitada.\u00a0<\/p><p>&#8211; Servicio de limpieza a petici\u00f3n si te alojas varias noches<\/p><p>&#8211; Recogida selectiva de residuos en tu habitaci\u00f3n con nuestros cubos especialmente adaptados\u00a0<\/p><p>&#8211; Disfruta de nuestro jard\u00edn y descubre nuestro huerto florido y la biodiversidad que lo habita<\/p><p>&#8211; Desayuno a petici\u00f3n para evitar el desperdicio de alimentos<\/p><p>&#8211; Toma el tren si vienes de Francia o de un pa\u00eds vecino\u00a0<\/p><p>\u00a0<\/p><p>Preservar nuestro medio ambiente es un reto para todos, como individuos y como empresas. Peque\u00f1os gestos a gran escala pueden marcar una gran diferencia. Cada uno, a su nivel, puede adoptar medidas sencillas para invertir la tendencia.<\/p>\t\t\t\t\t\t\t\t<\/div>\n\t\t\t\t<div class=\"elementor-element elementor-element-6942f5f4 elementor-mobile-align-center elementor-widget elementor-widget-button\" data-id=\"6942f5f4\" data-element_type=\"widget\" data-e-type=\"widget\" data-widget_type=\"button.default\">\n\t\t\t\t\t\t\t\t\t\t<a class=\"elementor-button elementor-button-link elementor-size-sm\" href=\"https:\/\/hotel96.com\/wp-content\/uploads\/2026\/03\/Chartre-Environnementale-2024.pdf\" target=\"_blank\">\n\t\t\t\t\t\t<span class=\"elementor-button-content-wrapper\">\n\t\t\t\t\t\t\t\t\t<span class=\"elementor-button-text\">Charte Environnementale <\/span>\n\t\t\t\t\t<\/span>\n\t\t\t\t\t<\/a>\n\t\t\t\t\t\t\t\t<\/div>\n\t\t\t\t<\/div>\n\t\t\t\t\t<\/div>\n\t\t\t\t<\/div>\n\t\t\t\t<\/div>\n\t\t","protected":false},"excerpt":{"rendered":"<p>Compromisos Ecoresponsables Atr\u00e1s Nuestro establecimiento est\u00e1 construido en un entorno verde y, desde su apertura, se ha comprometido con un enfoque ecoresponsable para preservarlo. Cada d\u00eda, nos esforzamos por aumentar nuestro compromiso. Nuestro compromiso est\u00e1 reconocido por la etiqueta Cl\u00e9 Verte, que hemos obtenido en 2021 y que conservamos hasta ahora. Cuando te alojas con [&hellip;]<\/p>\n","protected":false},"author":1,"featured_media":0,"parent":1828,"menu_order":0,"comment_status":"closed","ping_status":"closed","template":"","meta":{"footnotes":""},"class_list":["post-1888","page","type-page","status-publish","hentry"],"yoast_head":"<!-- This site is optimized with the Yoast SEO plugin v27.3 - https:\/\/yoast.com\/product\/yoast-seo-wordpress\/ -->\n<title>Compromisos Ecoresponsables - H\u00f4tel 96<\/title>\n<meta name=\"robots\" content=\"index, follow, max-snippet:-1, max-image-preview:large, max-video-preview:-1\" \/>\n<link rel=\"canonical\" href=\"https:\/\/hotel96.com\/index.php\/es\/los-pequenos-extras\/compromisos-ecoresponsables\/\" \/>\n<meta property=\"og:locale\" content=\"fr_FR\" \/>\n<meta property=\"og:type\" content=\"article\" \/>\n<meta property=\"og:title\" content=\"Compromisos Ecoresponsables - H\u00f4tel 96\" \/>\n<meta property=\"og:description\" content=\"Compromisos Ecoresponsables Atr\u00e1s Nuestro establecimiento est\u00e1 construido en un entorno verde y, desde su apertura, se ha comprometido con un enfoque ecoresponsable para preservarlo. Cada d\u00eda, nos esforzamos por aumentar nuestro compromiso. Nuestro compromiso est\u00e1 reconocido por la etiqueta Cl\u00e9 Verte, que hemos obtenido en 2021 y que conservamos hasta ahora. Cuando te alojas con [&hellip;]\" \/>\n<meta property=\"og:url\" content=\"https:\/\/hotel96.com\/index.php\/es\/los-pequenos-extras\/compromisos-ecoresponsables\/\" \/>\n<meta property=\"og:site_name\" content=\"H\u00f4tel 96\" \/>\n<meta property=\"article:publisher\" content=\"https:\/\/www.facebook.com\/Htel-96-301720049863669\/\" \/>\n<meta property=\"article:modified_time\" content=\"2026-04-02T08:14:10+00:00\" \/>\n<meta property=\"og:image\" content=\"https:\/\/hotel96.com\/wp-content\/uploads\/2026\/03\/potager.jpg\" \/>\n<meta name=\"twitter:card\" content=\"summary_large_image\" \/>\n<meta name=\"twitter:label1\" content=\"Dur\u00e9e de lecture estim\u00e9e\" \/>\n\t<meta name=\"twitter:data1\" content=\"1 minute\" \/>\n<script type=\"application\/ld+json\" class=\"yoast-schema-graph\">{\"@context\":\"https:\\\/\\\/schema.org\",\"@graph\":[{\"@type\":\"WebPage\",\"@id\":\"https:\\\/\\\/hotel96.com\\\/index.php\\\/es\\\/los-pequenos-extras\\\/compromisos-ecoresponsables\\\/\",\"url\":\"https:\\\/\\\/hotel96.com\\\/index.php\\\/es\\\/los-pequenos-extras\\\/compromisos-ecoresponsables\\\/\",\"name\":\"Compromisos Ecoresponsables - H\u00f4tel 96\",\"isPartOf\":{\"@id\":\"https:\\\/\\\/hotel96.com\\\/#website\"},\"primaryImageOfPage\":{\"@id\":\"https:\\\/\\\/hotel96.com\\\/index.php\\\/es\\\/los-pequenos-extras\\\/compromisos-ecoresponsables\\\/#primaryimage\"},\"image\":{\"@id\":\"https:\\\/\\\/hotel96.com\\\/index.php\\\/es\\\/los-pequenos-extras\\\/compromisos-ecoresponsables\\\/#primaryimage\"},\"thumbnailUrl\":\"https:\\\/\\\/hotel96.com\\\/wp-content\\\/uploads\\\/2026\\\/03\\\/potager.jpg\",\"datePublished\":\"2026-04-02T08:13:12+00:00\",\"dateModified\":\"2026-04-02T08:14:10+00:00\",\"breadcrumb\":{\"@id\":\"https:\\\/\\\/hotel96.com\\\/index.php\\\/es\\\/los-pequenos-extras\\\/compromisos-ecoresponsables\\\/#breadcrumb\"},\"inLanguage\":\"fr-FR\",\"potentialAction\":[{\"@type\":\"ReadAction\",\"target\":[\"https:\\\/\\\/hotel96.com\\\/index.php\\\/es\\\/los-pequenos-extras\\\/compromisos-ecoresponsables\\\/\"]}]},{\"@type\":\"ImageObject\",\"inLanguage\":\"fr-FR\",\"@id\":\"https:\\\/\\\/hotel96.com\\\/index.php\\\/es\\\/los-pequenos-extras\\\/compromisos-ecoresponsables\\\/#primaryimage\",\"url\":\"https:\\\/\\\/hotel96.com\\\/wp-content\\\/uploads\\\/2026\\\/03\\\/potager.jpg\",\"contentUrl\":\"https:\\\/\\\/hotel96.com\\\/wp-content\\\/uploads\\\/2026\\\/03\\\/potager.jpg\",\"width\":997,\"height\":992},{\"@type\":\"BreadcrumbList\",\"@id\":\"https:\\\/\\\/hotel96.com\\\/index.php\\\/es\\\/los-pequenos-extras\\\/compromisos-ecoresponsables\\\/#breadcrumb\",\"itemListElement\":[{\"@type\":\"ListItem\",\"position\":1,\"name\":\"Accueil\",\"item\":\"https:\\\/\\\/hotel96.com\\\/index.php\\\/fr\\\/accueil\\\/\"},{\"@type\":\"ListItem\",\"position\":2,\"name\":\"LOS PEQUE\u00d1OS EXTRAS\",\"item\":\"https:\\\/\\\/hotel96.com\\\/index.php\\\/es\\\/los-pequenos-extras\\\/\"},{\"@type\":\"ListItem\",\"position\":3,\"name\":\"Compromisos Ecoresponsables\"}]},{\"@type\":\"WebSite\",\"@id\":\"https:\\\/\\\/hotel96.com\\\/#website\",\"url\":\"https:\\\/\\\/hotel96.com\\\/\",\"name\":\"H\u00f4tel 96 - Marseille\",\"description\":\"\",\"publisher\":{\"@id\":\"https:\\\/\\\/hotel96.com\\\/#organization\"},\"potentialAction\":[{\"@type\":\"SearchAction\",\"target\":{\"@type\":\"EntryPoint\",\"urlTemplate\":\"https:\\\/\\\/hotel96.com\\\/?s={search_term_string}\"},\"query-input\":{\"@type\":\"PropertyValueSpecification\",\"valueRequired\":true,\"valueName\":\"search_term_string\"}}],\"inLanguage\":\"fr-FR\"},{\"@type\":\"Organization\",\"@id\":\"https:\\\/\\\/hotel96.com\\\/#organization\",\"name\":\"H\u00f4tel 96 - Mareille\",\"url\":\"https:\\\/\\\/hotel96.com\\\/\",\"logo\":{\"@type\":\"ImageObject\",\"inLanguage\":\"fr-FR\",\"@id\":\"https:\\\/\\\/hotel96.com\\\/#\\\/schema\\\/logo\\\/image\\\/\",\"url\":\"https:\\\/\\\/hotel96.com\\\/wp-content\\\/uploads\\\/2025\\\/12\\\/logo.png\",\"contentUrl\":\"https:\\\/\\\/hotel96.com\\\/wp-content\\\/uploads\\\/2025\\\/12\\\/logo.png\",\"width\":278,\"height\":85,\"caption\":\"H\u00f4tel 96 - Mareille\"},\"image\":{\"@id\":\"https:\\\/\\\/hotel96.com\\\/#\\\/schema\\\/logo\\\/image\\\/\"},\"sameAs\":[\"https:\\\/\\\/www.facebook.com\\\/Htel-96-301720049863669\\\/\",\"https:\\\/\\\/www.instagram.com\\\/hotel_96\\\/\",\"https:\\\/\\\/www.tripadvisor.fr\\\/Hotel_Review-g187253-d3802131-Reviews-Hotel_96-Marseille_Bouches_du_Rhone_Provence_Alpes_Cote_d_Azur.html\",\"https:\\\/\\\/www.linkedin.com\\\/company\\\/hotel-96\\\/\"]}]}<\/script>\n<!-- \/ Yoast SEO plugin. -->","yoast_head_json":{"title":"Compromisos Ecoresponsables - H\u00f4tel 96","robots":{"index":"index","follow":"follow","max-snippet":"max-snippet:-1","max-image-preview":"max-image-preview:large","max-video-preview":"max-video-preview:-1"},"canonical":"https:\/\/hotel96.com\/index.php\/es\/los-pequenos-extras\/compromisos-ecoresponsables\/","og_locale":"fr_FR","og_type":"article","og_title":"Compromisos Ecoresponsables - H\u00f4tel 96","og_description":"Compromisos Ecoresponsables Atr\u00e1s Nuestro establecimiento est\u00e1 construido en un entorno verde y, desde su apertura, se ha comprometido con un enfoque ecoresponsable para preservarlo. Cada d\u00eda, nos esforzamos por aumentar nuestro compromiso. Nuestro compromiso est\u00e1 reconocido por la etiqueta Cl\u00e9 Verte, que hemos obtenido en 2021 y que conservamos hasta ahora. Cuando te alojas con [&hellip;]","og_url":"https:\/\/hotel96.com\/index.php\/es\/los-pequenos-extras\/compromisos-ecoresponsables\/","og_site_name":"H\u00f4tel 96","article_publisher":"https:\/\/www.facebook.com\/Htel-96-301720049863669\/","article_modified_time":"2026-04-02T08:14:10+00:00","og_image":[{"url":"https:\/\/hotel96.com\/wp-content\/uploads\/2026\/03\/potager.jpg","type":"","width":"","height":""}],"twitter_card":"summary_large_image","twitter_misc":{"Dur\u00e9e de lecture estim\u00e9e":"1 minute"},"schema":{"@context":"https:\/\/schema.org","@graph":[{"@type":"WebPage","@id":"https:\/\/hotel96.com\/index.php\/es\/los-pequenos-extras\/compromisos-ecoresponsables\/","url":"https:\/\/hotel96.com\/index.php\/es\/los-pequenos-extras\/compromisos-ecoresponsables\/","name":"Compromisos Ecoresponsables - H\u00f4tel 96","isPartOf":{"@id":"https:\/\/hotel96.com\/#website"},"primaryImageOfPage":{"@id":"https:\/\/hotel96.com\/index.php\/es\/los-pequenos-extras\/compromisos-ecoresponsables\/#primaryimage"},"image":{"@id":"https:\/\/hotel96.com\/index.php\/es\/los-pequenos-extras\/compromisos-ecoresponsables\/#primaryimage"},"thumbnailUrl":"https:\/\/hotel96.com\/wp-content\/uploads\/2026\/03\/potager.jpg","datePublished":"2026-04-02T08:13:12+00:00","dateModified":"2026-04-02T08:14:10+00:00","breadcrumb":{"@id":"https:\/\/hotel96.com\/index.php\/es\/los-pequenos-extras\/compromisos-ecoresponsables\/#breadcrumb"},"inLanguage":"fr-FR","potentialAction":[{"@type":"ReadAction","target":["https:\/\/hotel96.com\/index.php\/es\/los-pequenos-extras\/compromisos-ecoresponsables\/"]}]},{"@type":"ImageObject","inLanguage":"fr-FR","@id":"https:\/\/hotel96.com\/index.php\/es\/los-pequenos-extras\/compromisos-ecoresponsables\/#primaryimage","url":"https:\/\/hotel96.com\/wp-content\/uploads\/2026\/03\/potager.jpg","contentUrl":"https:\/\/hotel96.com\/wp-content\/uploads\/2026\/03\/potager.jpg","width":997,"height":992},{"@type":"BreadcrumbList","@id":"https:\/\/hotel96.com\/index.php\/es\/los-pequenos-extras\/compromisos-ecoresponsables\/#breadcrumb","itemListElement":[{"@type":"ListItem","position":1,"name":"Accueil","item":"https:\/\/hotel96.com\/index.php\/fr\/accueil\/"},{"@type":"ListItem","position":2,"name":"LOS PEQUE\u00d1OS EXTRAS","item":"https:\/\/hotel96.com\/index.php\/es\/los-pequenos-extras\/"},{"@type":"ListItem","position":3,"name":"Compromisos Ecoresponsables"}]},{"@type":"WebSite","@id":"https:\/\/hotel96.com\/#website","url":"https:\/\/hotel96.com\/","name":"H\u00f4tel 96 - Marseille","description":"","publisher":{"@id":"https:\/\/hotel96.com\/#organization"},"potentialAction":[{"@type":"SearchAction","target":{"@type":"EntryPoint","urlTemplate":"https:\/\/hotel96.com\/?s={search_term_string}"},"query-input":{"@type":"PropertyValueSpecification","valueRequired":true,"valueName":"search_term_string"}}],"inLanguage":"fr-FR"},{"@type":"Organization","@id":"https:\/\/hotel96.com\/#organization","name":"H\u00f4tel 96 - Mareille","url":"https:\/\/hotel96.com\/","logo":{"@type":"ImageObject","inLanguage":"fr-FR","@id":"https:\/\/hotel96.com\/#\/schema\/logo\/image\/","url":"https:\/\/hotel96.com\/wp-content\/uploads\/2025\/12\/logo.png","contentUrl":"https:\/\/hotel96.com\/wp-content\/uploads\/2025\/12\/logo.png","width":278,"height":85,"caption":"H\u00f4tel 96 - Mareille"},"image":{"@id":"https:\/\/hotel96.com\/#\/schema\/logo\/image\/"},"sameAs":["https:\/\/www.facebook.com\/Htel-96-301720049863669\/","https:\/\/www.instagram.com\/hotel_96\/","https:\/\/www.tripadvisor.fr\/Hotel_Review-g187253-d3802131-Reviews-Hotel_96-Marseille_Bouches_du_Rhone_Provence_Alpes_Cote_d_Azur.html","https:\/\/www.linkedin.com\/company\/hotel-96\/"]}]}},"_links":{"self":[{"href":"https:\/\/hotel96.com\/index.php\/wp-json\/wp\/v2\/pages\/1888","targetHints":{"allow":["GET"]}}],"collection":[{"href":"https:\/\/hotel96.com\/index.php\/wp-json\/wp\/v2\/pages"}],"about":[{"href":"https:\/\/hotel96.com\/index.php\/wp-json\/wp\/v2\/types\/page"}],"author":[{"embeddable":true,"href":"https:\/\/hotel96.com\/index.php\/wp-json\/wp\/v2\/users\/1"}],"replies":[{"embeddable":true,"href":"https:\/\/hotel96.com\/index.php\/wp-json\/wp\/v2\/comments?post=1888"}],"version-history":[{"count":7,"href":"https:\/\/hotel96.com\/index.php\/wp-json\/wp\/v2\/pages\/1888\/revisions"}],"predecessor-version":[{"id":1895,"href":"https:\/\/hotel96.com\/index.php\/wp-json\/wp\/v2\/pages\/1888\/revisions\/1895"}],"up":[{"embeddable":true,"href":"https:\/\/hotel96.com\/index.php\/wp-json\/wp\/v2\/pages\/1828"}],"wp:attachment":[{"href":"https:\/\/hotel96.com\/index.php\/wp-json\/wp\/v2\/media?parent=1888"}],"curies":[{"name":"wp","href":"https:\/\/api.w.org\/{rel}","templated":true}]}}