{"id":1843,"date":"2026-04-02T10:04:16","date_gmt":"2026-04-02T08:04:16","guid":{"rendered":"https:\/\/hotel.tribalt.agency\/?page_id=1843"},"modified":"2026-04-02T10:05:06","modified_gmt":"2026-04-02T08:05:06","slug":"piscina","status":"publish","type":"page","link":"https:\/\/hotel96.com\/index.php\/es\/los-pequenos-extras\/piscina\/","title":{"rendered":"Piscina"},"content":{"rendered":"\t\t<div data-elementor-type=\"wp-page\" data-elementor-id=\"1843\" class=\"elementor elementor-1843\" data-elementor-post-type=\"page\">\n\t\t\t\t<div class=\"elementor-element elementor-element-447ccad0 e-flex e-con-boxed e-con e-parent\" data-id=\"447ccad0\" data-element_type=\"container\" data-e-type=\"container\">\n\t\t\t\t\t<div class=\"e-con-inner\">\n\t\t\t\t<div class=\"elementor-element elementor-element-3f24c04a elementor-skin-carousel elementor-arrows-yes elementor-pagination-type-bullets elementor-pagination-position-outside elementor-widget elementor-widget-media-carousel\" data-id=\"3f24c04a\" data-element_type=\"widget\" data-e-type=\"widget\" data-settings=\"{&quot;effect&quot;:&quot;fade&quot;,&quot;skin&quot;:&quot;carousel&quot;,&quot;show_arrows&quot;:&quot;yes&quot;,&quot;pagination&quot;:&quot;bullets&quot;,&quot;speed&quot;:500,&quot;autoplay&quot;:&quot;yes&quot;,&quot;autoplay_speed&quot;:5000,&quot;loop&quot;:&quot;yes&quot;,&quot;pause_on_hover&quot;:&quot;yes&quot;,&quot;pause_on_interaction&quot;:&quot;yes&quot;,&quot;space_between&quot;:{&quot;unit&quot;:&quot;px&quot;,&quot;size&quot;:10,&quot;sizes&quot;:[]},&quot;space_between_tablet&quot;:{&quot;unit&quot;:&quot;px&quot;,&quot;size&quot;:10,&quot;sizes&quot;:[]},&quot;space_between_mobile&quot;:{&quot;unit&quot;:&quot;px&quot;,&quot;size&quot;:10,&quot;sizes&quot;:[]}}\" data-widget_type=\"media-carousel.default\">\n\t\t\t\t\t\t\t\t\t\t<div class=\"elementor-main-swiper swiper\" role=\"region\" aria-roledescription=\"carousel\" aria-label=\"Slides\">\n\t\t\t\t<div class=\"swiper-wrapper\">\n\t\t\t\t\t\t\t\t\t\t\t<div class=\"swiper-slide\" role=\"group\" aria-roledescription=\"slide\">\n\t\t\t\t\t\t\t\t\t<div class=\"elementor-carousel-image\" role=\"img\" aria-label=\"piscine-hotel-marseille\" style=\"background-image: url(&#039;https:\/\/hotel96.com\/wp-content\/uploads\/2026\/03\/piscine-hotel-marseille.jpg&#039;)\">\n\n\t\t\t\n\t\t\t\t\t<\/div>\n\t\t\t\t\t\t\t\t<\/div>\n\t\t\t\t\t\t\t\t\t\t\t<div class=\"swiper-slide\" role=\"group\" aria-roledescription=\"slide\">\n\t\t\t\t\t\t\t\t\t<div class=\"elementor-carousel-image\" role=\"img\" aria-label=\"hotel96home\" style=\"background-image: url(&#039;https:\/\/hotel96.com\/wp-content\/uploads\/2026\/03\/hotel96home.jpg&#039;)\">\n\n\t\t\t\n\t\t\t\t\t<\/div>\n\t\t\t\t\t\t\t\t<\/div>\n\t\t\t\t\t\t\t\t\t<\/div>\n\t\t\t\t\t\t\t\t\t\t\t\t\t\t\t<div class=\"elementor-swiper-button elementor-swiper-button-prev\" role=\"button\" tabindex=\"0\" aria-label=\"Anterior\">\n\t\t\t\t\t\t\t<svg aria-hidden=\"true\" class=\"e-font-icon-svg e-eicon-chevron-left\" viewBox=\"0 0 1000 1000\" xmlns=\"http:\/\/www.w3.org\/2000\/svg\"><path d=\"M646 125C629 125 613 133 604 142L308 442C296 454 292 471 292 487 292 504 296 521 308 533L604 854C617 867 629 875 646 875 663 875 679 871 692 858 704 846 713 829 713 812 713 796 708 779 692 767L438 487 692 225C700 217 708 204 708 187 708 171 704 154 692 142 675 129 663 125 646 125Z\"><\/path><\/svg>\t\t\t\t\t\t<\/div>\n\t\t\t\t\t\t<div class=\"elementor-swiper-button elementor-swiper-button-next\" role=\"button\" tabindex=\"0\" aria-label=\"Siguiente\">\n\t\t\t\t\t\t\t<svg aria-hidden=\"true\" class=\"e-font-icon-svg e-eicon-chevron-right\" viewBox=\"0 0 1000 1000\" xmlns=\"http:\/\/www.w3.org\/2000\/svg\"><path d=\"M696 533C708 521 713 504 713 487 713 471 708 454 696 446L400 146C388 133 375 125 354 125 338 125 325 129 313 142 300 154 292 171 292 187 292 204 296 221 308 233L563 492 304 771C292 783 288 800 288 817 288 833 296 850 308 863 321 871 338 875 354 875 371 875 388 867 400 854L696 533Z\"><\/path><\/svg>\t\t\t\t\t\t<\/div>\n\t\t\t\t\t\t\t\t\t\t\t\t\t\t\t\t<div class=\"swiper-pagination\"><\/div>\n\t\t\t\t\t\t\t\t\t\t\t\t<\/div>\n\t\t\t\t\t\t\t\t<\/div>\n\t\t\t\t\t<\/div>\n\t\t\t\t<\/div>\n\t\t<div class=\"elementor-element elementor-element-488e3a8e e-flex e-con-boxed e-con e-parent\" data-id=\"488e3a8e\" data-element_type=\"container\" data-e-type=\"container\">\n\t\t\t\t\t<div class=\"e-con-inner\">\n\t\t\t\t<div class=\"elementor-element elementor-element-400d61e7 elementor-widget elementor-widget-heading\" data-id=\"400d61e7\" data-element_type=\"widget\" data-e-type=\"widget\" data-widget_type=\"heading.default\">\n\t\t\t\t\t<h2 class=\"elementor-heading-title elementor-size-default\">Piscina<\/h2>\t\t\t\t<\/div>\n\t\t\t\t\t<\/div>\n\t\t\t\t<\/div>\n\t\t<div class=\"elementor-element elementor-element-64325c5e e-flex e-con-boxed e-con e-parent\" data-id=\"64325c5e\" data-element_type=\"container\" data-e-type=\"container\">\n\t\t\t\t\t<div class=\"e-con-inner\">\n\t\t<div class=\"elementor-element elementor-element-7e133ce e-con-full e-flex e-con e-child\" data-id=\"7e133ce\" data-element_type=\"container\" data-e-type=\"container\">\n\t\t\t\t<div class=\"elementor-element elementor-element-4b0fb830 elementor-widget elementor-widget-image\" data-id=\"4b0fb830\" data-element_type=\"widget\" data-e-type=\"widget\" data-widget_type=\"image.default\">\n\t\t\t\t\t\t\t\t\t\t\t\t\t\t\t<img fetchpriority=\"high\" decoding=\"async\" width=\"790\" height=\"790\" src=\"https:\/\/hotel96.com\/wp-content\/uploads\/2026\/03\/piscine2.jpg\" class=\"attachment-large size-large wp-image-815\" alt=\"\" srcset=\"https:\/\/hotel96.com\/wp-content\/uploads\/2026\/03\/piscine2.jpg 790w, https:\/\/hotel96.com\/wp-content\/uploads\/2026\/03\/piscine2-300x300.jpg 300w, https:\/\/hotel96.com\/wp-content\/uploads\/2026\/03\/piscine2-150x150.jpg 150w, https:\/\/hotel96.com\/wp-content\/uploads\/2026\/03\/piscine2-768x768.jpg 768w\" sizes=\"(max-width: 790px) 100vw, 790px\" \/>\t\t\t\t\t\t\t\t\t\t\t\t\t\t\t<\/div>\n\t\t\t\t<div class=\"elementor-element elementor-element-113bd5f3 elementor-mobile-align-center elementor-widget elementor-widget-button\" data-id=\"113bd5f3\" data-element_type=\"widget\" data-e-type=\"widget\" data-widget_type=\"button.default\">\n\t\t\t\t\t\t\t\t\t\t<a class=\"elementor-button elementor-button-link elementor-size-sm\" href=\"https:\/\/hotel96.com\/index.php\/es\/los-pequenos-extras\">\n\t\t\t\t\t\t<span class=\"elementor-button-content-wrapper\">\n\t\t\t\t\t\t\t\t\t<span class=\"elementor-button-text\">Atr\u00e1s<\/span>\n\t\t\t\t\t<\/span>\n\t\t\t\t\t<\/a>\n\t\t\t\t\t\t\t\t<\/div>\n\t\t\t\t<\/div>\n\t\t<div class=\"elementor-element elementor-element-78f7f063 e-con-full e-flex e-con e-child\" data-id=\"78f7f063\" data-element_type=\"container\" data-e-type=\"container\">\n\t\t\t\t<div class=\"elementor-element elementor-element-16db48ec elementor-widget elementor-widget-text-editor\" data-id=\"16db48ec\" data-element_type=\"widget\" data-e-type=\"widget\" data-widget_type=\"text-editor.default\">\n\t\t\t\t\t\t\t\t\t<p>La <strong>piscina ajardinada <\/strong>del hotel est\u00e1 abierta durante la temporada de calor y no est\u00e1 climatizada.<\/p><p>Junto a la piscina se encuentra una ducha para refrescarse antes de darse un chapuz\u00f3n. <strong>Tumbonas<\/strong> para descansar&#8230;<\/p><p>En la piscina, los ni\u00f1os son responsabilidad exclusiva de sus padres.<\/p><p>Un lugar tranquilo bajo suntuosos robles, con <strong>el sonido de las cigarras y los p\u00e1jaros<\/strong>&#8230; y sin embargo en Marsella&#8230;<\/p>\t\t\t\t\t\t\t\t<\/div>\n\t\t\t\t<\/div>\n\t\t\t\t\t<\/div>\n\t\t\t\t<\/div>\n\t\t\t\t<\/div>\n\t\t","protected":false},"excerpt":{"rendered":"<p>Piscina Atr\u00e1s La piscina ajardinada del hotel est\u00e1 abierta durante la temporada de calor y no est\u00e1 climatizada. Junto a la piscina se encuentra una ducha para refrescarse antes de darse un chapuz\u00f3n. Tumbonas para descansar&#8230; En la piscina, los ni\u00f1os son responsabilidad exclusiva de sus padres. Un lugar tranquilo bajo suntuosos robles, con el [&hellip;]<\/p>\n","protected":false},"author":1,"featured_media":0,"parent":1828,"menu_order":0,"comment_status":"closed","ping_status":"closed","template":"","meta":{"footnotes":""},"class_list":["post-1843","page","type-page","status-publish","hentry"],"yoast_head":"<!-- This site is optimized with the Yoast SEO plugin v27.3 - https:\/\/yoast.com\/product\/yoast-seo-wordpress\/ -->\n<title>Piscina - H\u00f4tel 96<\/title>\n<meta name=\"robots\" content=\"index, follow, max-snippet:-1, max-image-preview:large, max-video-preview:-1\" \/>\n<link rel=\"canonical\" href=\"https:\/\/hotel96.com\/index.php\/es\/los-pequenos-extras\/piscina\/\" \/>\n<meta property=\"og:locale\" content=\"fr_FR\" \/>\n<meta property=\"og:type\" content=\"article\" \/>\n<meta property=\"og:title\" content=\"Piscina - H\u00f4tel 96\" \/>\n<meta property=\"og:description\" content=\"Piscina Atr\u00e1s La piscina ajardinada del hotel est\u00e1 abierta durante la temporada de calor y no est\u00e1 climatizada. Junto a la piscina se encuentra una ducha para refrescarse antes de darse un chapuz\u00f3n. Tumbonas para descansar&#8230; En la piscina, los ni\u00f1os son responsabilidad exclusiva de sus padres. Un lugar tranquilo bajo suntuosos robles, con el [&hellip;]\" \/>\n<meta property=\"og:url\" content=\"https:\/\/hotel96.com\/index.php\/es\/los-pequenos-extras\/piscina\/\" \/>\n<meta property=\"og:site_name\" content=\"H\u00f4tel 96\" \/>\n<meta property=\"article:publisher\" content=\"https:\/\/www.facebook.com\/Htel-96-301720049863669\/\" \/>\n<meta property=\"article:modified_time\" content=\"2026-04-02T08:05:06+00:00\" \/>\n<meta property=\"og:image\" content=\"https:\/\/hotel96.com\/wp-content\/uploads\/2026\/03\/piscine2.jpg\" \/>\n<meta name=\"twitter:card\" content=\"summary_large_image\" \/>\n<script type=\"application\/ld+json\" class=\"yoast-schema-graph\">{\"@context\":\"https:\\\/\\\/schema.org\",\"@graph\":[{\"@type\":\"WebPage\",\"@id\":\"https:\\\/\\\/hotel96.com\\\/index.php\\\/es\\\/los-pequenos-extras\\\/piscina\\\/\",\"url\":\"https:\\\/\\\/hotel96.com\\\/index.php\\\/es\\\/los-pequenos-extras\\\/piscina\\\/\",\"name\":\"Piscina - H\u00f4tel 96\",\"isPartOf\":{\"@id\":\"https:\\\/\\\/hotel96.com\\\/#website\"},\"primaryImageOfPage\":{\"@id\":\"https:\\\/\\\/hotel96.com\\\/index.php\\\/es\\\/los-pequenos-extras\\\/piscina\\\/#primaryimage\"},\"image\":{\"@id\":\"https:\\\/\\\/hotel96.com\\\/index.php\\\/es\\\/los-pequenos-extras\\\/piscina\\\/#primaryimage\"},\"thumbnailUrl\":\"https:\\\/\\\/hotel96.com\\\/wp-content\\\/uploads\\\/2026\\\/03\\\/piscine2.jpg\",\"datePublished\":\"2026-04-02T08:04:16+00:00\",\"dateModified\":\"2026-04-02T08:05:06+00:00\",\"breadcrumb\":{\"@id\":\"https:\\\/\\\/hotel96.com\\\/index.php\\\/es\\\/los-pequenos-extras\\\/piscina\\\/#breadcrumb\"},\"inLanguage\":\"fr-FR\",\"potentialAction\":[{\"@type\":\"ReadAction\",\"target\":[\"https:\\\/\\\/hotel96.com\\\/index.php\\\/es\\\/los-pequenos-extras\\\/piscina\\\/\"]}]},{\"@type\":\"ImageObject\",\"inLanguage\":\"fr-FR\",\"@id\":\"https:\\\/\\\/hotel96.com\\\/index.php\\\/es\\\/los-pequenos-extras\\\/piscina\\\/#primaryimage\",\"url\":\"https:\\\/\\\/hotel96.com\\\/wp-content\\\/uploads\\\/2026\\\/03\\\/piscine2.jpg\",\"contentUrl\":\"https:\\\/\\\/hotel96.com\\\/wp-content\\\/uploads\\\/2026\\\/03\\\/piscine2.jpg\",\"width\":790,\"height\":790},{\"@type\":\"BreadcrumbList\",\"@id\":\"https:\\\/\\\/hotel96.com\\\/index.php\\\/es\\\/los-pequenos-extras\\\/piscina\\\/#breadcrumb\",\"itemListElement\":[{\"@type\":\"ListItem\",\"position\":1,\"name\":\"Accueil\",\"item\":\"https:\\\/\\\/hotel96.com\\\/index.php\\\/fr\\\/accueil\\\/\"},{\"@type\":\"ListItem\",\"position\":2,\"name\":\"LOS PEQUE\u00d1OS EXTRAS\",\"item\":\"https:\\\/\\\/hotel96.com\\\/index.php\\\/es\\\/los-pequenos-extras\\\/\"},{\"@type\":\"ListItem\",\"position\":3,\"name\":\"Piscina\"}]},{\"@type\":\"WebSite\",\"@id\":\"https:\\\/\\\/hotel96.com\\\/#website\",\"url\":\"https:\\\/\\\/hotel96.com\\\/\",\"name\":\"H\u00f4tel 96 - Marseille\",\"description\":\"\",\"publisher\":{\"@id\":\"https:\\\/\\\/hotel96.com\\\/#organization\"},\"potentialAction\":[{\"@type\":\"SearchAction\",\"target\":{\"@type\":\"EntryPoint\",\"urlTemplate\":\"https:\\\/\\\/hotel96.com\\\/?s={search_term_string}\"},\"query-input\":{\"@type\":\"PropertyValueSpecification\",\"valueRequired\":true,\"valueName\":\"search_term_string\"}}],\"inLanguage\":\"fr-FR\"},{\"@type\":\"Organization\",\"@id\":\"https:\\\/\\\/hotel96.com\\\/#organization\",\"name\":\"H\u00f4tel 96 - Mareille\",\"url\":\"https:\\\/\\\/hotel96.com\\\/\",\"logo\":{\"@type\":\"ImageObject\",\"inLanguage\":\"fr-FR\",\"@id\":\"https:\\\/\\\/hotel96.com\\\/#\\\/schema\\\/logo\\\/image\\\/\",\"url\":\"https:\\\/\\\/hotel96.com\\\/wp-content\\\/uploads\\\/2025\\\/12\\\/logo.png\",\"contentUrl\":\"https:\\\/\\\/hotel96.com\\\/wp-content\\\/uploads\\\/2025\\\/12\\\/logo.png\",\"width\":278,\"height\":85,\"caption\":\"H\u00f4tel 96 - Mareille\"},\"image\":{\"@id\":\"https:\\\/\\\/hotel96.com\\\/#\\\/schema\\\/logo\\\/image\\\/\"},\"sameAs\":[\"https:\\\/\\\/www.facebook.com\\\/Htel-96-301720049863669\\\/\",\"https:\\\/\\\/www.instagram.com\\\/hotel_96\\\/\",\"https:\\\/\\\/www.tripadvisor.fr\\\/Hotel_Review-g187253-d3802131-Reviews-Hotel_96-Marseille_Bouches_du_Rhone_Provence_Alpes_Cote_d_Azur.html\",\"https:\\\/\\\/www.linkedin.com\\\/company\\\/hotel-96\\\/\"]}]}<\/script>\n<!-- \/ Yoast SEO plugin. -->","yoast_head_json":{"title":"Piscina - H\u00f4tel 96","robots":{"index":"index","follow":"follow","max-snippet":"max-snippet:-1","max-image-preview":"max-image-preview:large","max-video-preview":"max-video-preview:-1"},"canonical":"https:\/\/hotel96.com\/index.php\/es\/los-pequenos-extras\/piscina\/","og_locale":"fr_FR","og_type":"article","og_title":"Piscina - H\u00f4tel 96","og_description":"Piscina Atr\u00e1s La piscina ajardinada del hotel est\u00e1 abierta durante la temporada de calor y no est\u00e1 climatizada. Junto a la piscina se encuentra una ducha para refrescarse antes de darse un chapuz\u00f3n. Tumbonas para descansar&#8230; En la piscina, los ni\u00f1os son responsabilidad exclusiva de sus padres. Un lugar tranquilo bajo suntuosos robles, con el [&hellip;]","og_url":"https:\/\/hotel96.com\/index.php\/es\/los-pequenos-extras\/piscina\/","og_site_name":"H\u00f4tel 96","article_publisher":"https:\/\/www.facebook.com\/Htel-96-301720049863669\/","article_modified_time":"2026-04-02T08:05:06+00:00","og_image":[{"url":"https:\/\/hotel96.com\/wp-content\/uploads\/2026\/03\/piscine2.jpg","type":"","width":"","height":""}],"twitter_card":"summary_large_image","schema":{"@context":"https:\/\/schema.org","@graph":[{"@type":"WebPage","@id":"https:\/\/hotel96.com\/index.php\/es\/los-pequenos-extras\/piscina\/","url":"https:\/\/hotel96.com\/index.php\/es\/los-pequenos-extras\/piscina\/","name":"Piscina - H\u00f4tel 96","isPartOf":{"@id":"https:\/\/hotel96.com\/#website"},"primaryImageOfPage":{"@id":"https:\/\/hotel96.com\/index.php\/es\/los-pequenos-extras\/piscina\/#primaryimage"},"image":{"@id":"https:\/\/hotel96.com\/index.php\/es\/los-pequenos-extras\/piscina\/#primaryimage"},"thumbnailUrl":"https:\/\/hotel96.com\/wp-content\/uploads\/2026\/03\/piscine2.jpg","datePublished":"2026-04-02T08:04:16+00:00","dateModified":"2026-04-02T08:05:06+00:00","breadcrumb":{"@id":"https:\/\/hotel96.com\/index.php\/es\/los-pequenos-extras\/piscina\/#breadcrumb"},"inLanguage":"fr-FR","potentialAction":[{"@type":"ReadAction","target":["https:\/\/hotel96.com\/index.php\/es\/los-pequenos-extras\/piscina\/"]}]},{"@type":"ImageObject","inLanguage":"fr-FR","@id":"https:\/\/hotel96.com\/index.php\/es\/los-pequenos-extras\/piscina\/#primaryimage","url":"https:\/\/hotel96.com\/wp-content\/uploads\/2026\/03\/piscine2.jpg","contentUrl":"https:\/\/hotel96.com\/wp-content\/uploads\/2026\/03\/piscine2.jpg","width":790,"height":790},{"@type":"BreadcrumbList","@id":"https:\/\/hotel96.com\/index.php\/es\/los-pequenos-extras\/piscina\/#breadcrumb","itemListElement":[{"@type":"ListItem","position":1,"name":"Accueil","item":"https:\/\/hotel96.com\/index.php\/fr\/accueil\/"},{"@type":"ListItem","position":2,"name":"LOS PEQUE\u00d1OS EXTRAS","item":"https:\/\/hotel96.com\/index.php\/es\/los-pequenos-extras\/"},{"@type":"ListItem","position":3,"name":"Piscina"}]},{"@type":"WebSite","@id":"https:\/\/hotel96.com\/#website","url":"https:\/\/hotel96.com\/","name":"H\u00f4tel 96 - Marseille","description":"","publisher":{"@id":"https:\/\/hotel96.com\/#organization"},"potentialAction":[{"@type":"SearchAction","target":{"@type":"EntryPoint","urlTemplate":"https:\/\/hotel96.com\/?s={search_term_string}"},"query-input":{"@type":"PropertyValueSpecification","valueRequired":true,"valueName":"search_term_string"}}],"inLanguage":"fr-FR"},{"@type":"Organization","@id":"https:\/\/hotel96.com\/#organization","name":"H\u00f4tel 96 - Mareille","url":"https:\/\/hotel96.com\/","logo":{"@type":"ImageObject","inLanguage":"fr-FR","@id":"https:\/\/hotel96.com\/#\/schema\/logo\/image\/","url":"https:\/\/hotel96.com\/wp-content\/uploads\/2025\/12\/logo.png","contentUrl":"https:\/\/hotel96.com\/wp-content\/uploads\/2025\/12\/logo.png","width":278,"height":85,"caption":"H\u00f4tel 96 - Mareille"},"image":{"@id":"https:\/\/hotel96.com\/#\/schema\/logo\/image\/"},"sameAs":["https:\/\/www.facebook.com\/Htel-96-301720049863669\/","https:\/\/www.instagram.com\/hotel_96\/","https:\/\/www.tripadvisor.fr\/Hotel_Review-g187253-d3802131-Reviews-Hotel_96-Marseille_Bouches_du_Rhone_Provence_Alpes_Cote_d_Azur.html","https:\/\/www.linkedin.com\/company\/hotel-96\/"]}]}},"_links":{"self":[{"href":"https:\/\/hotel96.com\/index.php\/wp-json\/wp\/v2\/pages\/1843","targetHints":{"allow":["GET"]}}],"collection":[{"href":"https:\/\/hotel96.com\/index.php\/wp-json\/wp\/v2\/pages"}],"about":[{"href":"https:\/\/hotel96.com\/index.php\/wp-json\/wp\/v2\/types\/page"}],"author":[{"embeddable":true,"href":"https:\/\/hotel96.com\/index.php\/wp-json\/wp\/v2\/users\/1"}],"replies":[{"embeddable":true,"href":"https:\/\/hotel96.com\/index.php\/wp-json\/wp\/v2\/comments?post=1843"}],"version-history":[{"count":4,"href":"https:\/\/hotel96.com\/index.php\/wp-json\/wp\/v2\/pages\/1843\/revisions"}],"predecessor-version":[{"id":1850,"href":"https:\/\/hotel96.com\/index.php\/wp-json\/wp\/v2\/pages\/1843\/revisions\/1850"}],"up":[{"embeddable":true,"href":"https:\/\/hotel96.com\/index.php\/wp-json\/wp\/v2\/pages\/1828"}],"wp:attachment":[{"href":"https:\/\/hotel96.com\/index.php\/wp-json\/wp\/v2\/media?parent=1843"}],"curies":[{"name":"wp","href":"https:\/\/api.w.org\/{rel}","templated":true}]}}