{"id":1831,"date":"2026-04-02T09:59:45","date_gmt":"2026-04-02T07:59:45","guid":{"rendered":"https:\/\/hotel.tribalt.agency\/?page_id=1831"},"modified":"2026-04-02T10:03:20","modified_gmt":"2026-04-02T08:03:20","slug":"desayunos","status":"publish","type":"page","link":"https:\/\/hotel96.com\/index.php\/es\/los-pequenos-extras\/desayunos\/","title":{"rendered":"Desayunos"},"content":{"rendered":"\t\t<div data-elementor-type=\"wp-page\" data-elementor-id=\"1831\" class=\"elementor elementor-1831\" data-elementor-post-type=\"page\">\n\t\t\t\t<div class=\"elementor-element elementor-element-22158a0c e-flex e-con-boxed e-con e-parent\" data-id=\"22158a0c\" data-element_type=\"container\" data-e-type=\"container\">\n\t\t\t\t\t<div class=\"e-con-inner\">\n\t\t\t\t<div class=\"elementor-element elementor-element-4f5c86e5 elementor-skin-carousel elementor-arrows-yes elementor-pagination-type-bullets elementor-pagination-position-outside elementor-widget elementor-widget-media-carousel\" data-id=\"4f5c86e5\" data-element_type=\"widget\" data-e-type=\"widget\" data-settings=\"{&quot;effect&quot;:&quot;fade&quot;,&quot;skin&quot;:&quot;carousel&quot;,&quot;show_arrows&quot;:&quot;yes&quot;,&quot;pagination&quot;:&quot;bullets&quot;,&quot;speed&quot;:500,&quot;autoplay&quot;:&quot;yes&quot;,&quot;autoplay_speed&quot;:5000,&quot;loop&quot;:&quot;yes&quot;,&quot;pause_on_hover&quot;:&quot;yes&quot;,&quot;pause_on_interaction&quot;:&quot;yes&quot;,&quot;space_between&quot;:{&quot;unit&quot;:&quot;px&quot;,&quot;size&quot;:10,&quot;sizes&quot;:[]},&quot;space_between_tablet&quot;:{&quot;unit&quot;:&quot;px&quot;,&quot;size&quot;:10,&quot;sizes&quot;:[]},&quot;space_between_mobile&quot;:{&quot;unit&quot;:&quot;px&quot;,&quot;size&quot;:10,&quot;sizes&quot;:[]}}\" data-widget_type=\"media-carousel.default\">\n\t\t\t\t\t\t\t\t\t\t<div class=\"elementor-main-swiper swiper\" role=\"region\" aria-roledescription=\"carousel\" aria-label=\"Slides\">\n\t\t\t\t<div class=\"swiper-wrapper\">\n\t\t\t\t\t\t\t\t\t\t\t<div class=\"swiper-slide\" role=\"group\" aria-roledescription=\"slide\">\n\t\t\t\t\t\t\t\t\t<div class=\"elementor-carousel-image\" role=\"img\" aria-label=\"petit-dejeuner01\" style=\"background-image: url(&#039;https:\/\/hotel96.com\/wp-content\/uploads\/2026\/03\/petit-dejeuner01.jpg&#039;)\">\n\n\t\t\t\n\t\t\t\t\t<\/div>\n\t\t\t\t\t\t\t\t<\/div>\n\t\t\t\t\t\t\t\t\t\t\t<div class=\"swiper-slide\" role=\"group\" aria-roledescription=\"slide\">\n\t\t\t\t\t\t\t\t\t<div class=\"elementor-carousel-image\" role=\"img\" aria-label=\"petit-dejeuner02-3\" style=\"background-image: url(&#039;https:\/\/hotel96.com\/wp-content\/uploads\/2026\/03\/petit-dejeuner02-3.jpg&#039;)\">\n\n\t\t\t\n\t\t\t\t\t<\/div>\n\t\t\t\t\t\t\t\t<\/div>\n\t\t\t\t\t\t\t\t\t\t\t<div class=\"swiper-slide\" role=\"group\" aria-roledescription=\"slide\">\n\t\t\t\t\t\t\t\t\t<div class=\"elementor-carousel-image\" role=\"img\" aria-label=\"petit-dejeuner03-2 (1)\" style=\"background-image: url(&#039;https:\/\/hotel96.com\/wp-content\/uploads\/2026\/03\/petit-dejeuner03-2-1.png&#039;)\">\n\n\t\t\t\n\t\t\t\t\t<\/div>\n\t\t\t\t\t\t\t\t<\/div>\n\t\t\t\t\t\t\t\t\t<\/div>\n\t\t\t\t\t\t\t\t\t\t\t\t\t\t\t<div class=\"elementor-swiper-button elementor-swiper-button-prev\" role=\"button\" tabindex=\"0\" aria-label=\"Anterior\">\n\t\t\t\t\t\t\t<svg aria-hidden=\"true\" class=\"e-font-icon-svg e-eicon-chevron-left\" viewBox=\"0 0 1000 1000\" xmlns=\"http:\/\/www.w3.org\/2000\/svg\"><path d=\"M646 125C629 125 613 133 604 142L308 442C296 454 292 471 292 487 292 504 296 521 308 533L604 854C617 867 629 875 646 875 663 875 679 871 692 858 704 846 713 829 713 812 713 796 708 779 692 767L438 487 692 225C700 217 708 204 708 187 708 171 704 154 692 142 675 129 663 125 646 125Z\"><\/path><\/svg>\t\t\t\t\t\t<\/div>\n\t\t\t\t\t\t<div class=\"elementor-swiper-button elementor-swiper-button-next\" role=\"button\" tabindex=\"0\" aria-label=\"Siguiente\">\n\t\t\t\t\t\t\t<svg aria-hidden=\"true\" class=\"e-font-icon-svg e-eicon-chevron-right\" viewBox=\"0 0 1000 1000\" xmlns=\"http:\/\/www.w3.org\/2000\/svg\"><path d=\"M696 533C708 521 713 504 713 487 713 471 708 454 696 446L400 146C388 133 375 125 354 125 338 125 325 129 313 142 300 154 292 171 292 187 292 204 296 221 308 233L563 492 304 771C292 783 288 800 288 817 288 833 296 850 308 863 321 871 338 875 354 875 371 875 388 867 400 854L696 533Z\"><\/path><\/svg>\t\t\t\t\t\t<\/div>\n\t\t\t\t\t\t\t\t\t\t\t\t\t\t\t\t<div class=\"swiper-pagination\"><\/div>\n\t\t\t\t\t\t\t\t\t\t\t\t<\/div>\n\t\t\t\t\t\t\t\t<\/div>\n\t\t\t\t\t<\/div>\n\t\t\t\t<\/div>\n\t\t<div class=\"elementor-element elementor-element-82c8c17 e-flex e-con-boxed e-con e-parent\" data-id=\"82c8c17\" data-element_type=\"container\" data-e-type=\"container\">\n\t\t\t\t\t<div class=\"e-con-inner\">\n\t\t\t\t<div class=\"elementor-element elementor-element-4022445f elementor-widget elementor-widget-heading\" data-id=\"4022445f\" data-element_type=\"widget\" data-e-type=\"widget\" data-widget_type=\"heading.default\">\n\t\t\t\t\t<h2 class=\"elementor-heading-title elementor-size-default\">Desayunos<\/h2>\t\t\t\t<\/div>\n\t\t\t\t\t<\/div>\n\t\t\t\t<\/div>\n\t\t<div class=\"elementor-element elementor-element-231451ab e-flex e-con-boxed e-con e-parent\" data-id=\"231451ab\" data-element_type=\"container\" data-e-type=\"container\">\n\t\t\t\t\t<div class=\"e-con-inner\">\n\t\t<div class=\"elementor-element elementor-element-60c41bc9 e-con-full e-flex e-con e-child\" data-id=\"60c41bc9\" data-element_type=\"container\" data-e-type=\"container\">\n\t\t\t\t<div class=\"elementor-element elementor-element-2e826498 elementor-widget elementor-widget-image\" data-id=\"2e826498\" data-element_type=\"widget\" data-e-type=\"widget\" data-widget_type=\"image.default\">\n\t\t\t\t\t\t\t\t\t\t\t\t\t\t\t<img fetchpriority=\"high\" decoding=\"async\" width=\"800\" height=\"800\" src=\"https:\/\/hotel96.com\/wp-content\/uploads\/2026\/03\/petit-dejeuner-1024x1024.jpg\" class=\"attachment-large size-large wp-image-791\" alt=\"\" srcset=\"https:\/\/hotel96.com\/wp-content\/uploads\/2026\/03\/petit-dejeuner-1024x1024.jpg 1024w, https:\/\/hotel96.com\/wp-content\/uploads\/2026\/03\/petit-dejeuner-300x300.jpg 300w, https:\/\/hotel96.com\/wp-content\/uploads\/2026\/03\/petit-dejeuner-150x150.jpg 150w, https:\/\/hotel96.com\/wp-content\/uploads\/2026\/03\/petit-dejeuner-768x768.jpg 768w, https:\/\/hotel96.com\/wp-content\/uploads\/2026\/03\/petit-dejeuner.jpg 1280w\" sizes=\"(max-width: 800px) 100vw, 800px\" \/>\t\t\t\t\t\t\t\t\t\t\t\t\t\t\t<\/div>\n\t\t\t\t<div class=\"elementor-element elementor-element-ba18357 elementor-mobile-align-center elementor-widget elementor-widget-button\" data-id=\"ba18357\" data-element_type=\"widget\" data-e-type=\"widget\" data-widget_type=\"button.default\">\n\t\t\t\t\t\t\t\t\t\t<a class=\"elementor-button elementor-button-link elementor-size-sm\" href=\"https:\/\/hotel96.com\/index.php\/es\/los-pequenos-extras\">\n\t\t\t\t\t\t<span class=\"elementor-button-content-wrapper\">\n\t\t\t\t\t\t\t\t\t<span class=\"elementor-button-text\">Atr\u00e1s<\/span>\n\t\t\t\t\t<\/span>\n\t\t\t\t\t<\/a>\n\t\t\t\t\t\t\t\t<\/div>\n\t\t\t\t<\/div>\n\t\t<div class=\"elementor-element elementor-element-756539e1 e-con-full e-flex e-con e-child\" data-id=\"756539e1\" data-element_type=\"container\" data-e-type=\"container\">\n\t\t\t\t<div class=\"elementor-element elementor-element-72ee48e3 elementor-widget elementor-widget-text-editor\" data-id=\"72ee48e3\" data-element_type=\"widget\" data-e-type=\"widget\" data-widget_type=\"text-editor.default\">\n\t\t\t\t\t\t\t\t\t<p>Nuestros deliciosos desayunos se sirven <strong>en el invernadero<\/strong> en las frescas ma\u00f1anas de invierno o <strong>en la terraza<\/strong> en los c\u00e1lidos d\u00edas de verano, de las 7:30 a las 10:30 entre semana y de las 8:00 a las 10:30 los fines de semana.<\/p><p><strong>Productos caseros, locales y ecol\u00f3gicos<\/strong>:<\/p><p>Mermeladas, yogures, compota de manzana, pasteles con nuevas recetas, <em>brioche perdue<\/em>&#8230; recetas que var\u00edan, elaboradas cada ma\u00f1ana, frutas de temporada, bebidas con hierbas del huerto, zumo de naranja para exprimir usted mismo en invierno&#8230; y pan fresco, brioches variados de nuestro panadero.<\/p>\t\t\t\t\t\t\t\t<\/div>\n\t\t\t\t<\/div>\n\t\t\t\t\t<\/div>\n\t\t\t\t<\/div>\n\t\t\t\t<\/div>\n\t\t","protected":false},"excerpt":{"rendered":"<p>Desayunos Atr\u00e1s Nuestros deliciosos desayunos se sirven en el invernadero en las frescas ma\u00f1anas de invierno o en la terraza en los c\u00e1lidos d\u00edas de verano, de las 7:30 a las 10:30 entre semana y de las 8:00 a las 10:30 los fines de semana. Productos caseros, locales y ecol\u00f3gicos: Mermeladas, yogures, compota de manzana, [&hellip;]<\/p>\n","protected":false},"author":1,"featured_media":0,"parent":1828,"menu_order":0,"comment_status":"closed","ping_status":"closed","template":"","meta":{"footnotes":""},"class_list":["post-1831","page","type-page","status-publish","hentry"],"yoast_head":"<!-- This site is optimized with the Yoast SEO plugin v27.3 - https:\/\/yoast.com\/product\/yoast-seo-wordpress\/ -->\n<title>Desayunos - H\u00f4tel 96<\/title>\n<meta name=\"robots\" content=\"index, follow, max-snippet:-1, max-image-preview:large, max-video-preview:-1\" \/>\n<link rel=\"canonical\" href=\"https:\/\/hotel96.com\/index.php\/es\/los-pequenos-extras\/desayunos\/\" \/>\n<meta property=\"og:locale\" content=\"fr_FR\" \/>\n<meta property=\"og:type\" content=\"article\" \/>\n<meta property=\"og:title\" content=\"Desayunos - H\u00f4tel 96\" \/>\n<meta property=\"og:description\" content=\"Desayunos Atr\u00e1s Nuestros deliciosos desayunos se sirven en el invernadero en las frescas ma\u00f1anas de invierno o en la terraza en los c\u00e1lidos d\u00edas de verano, de las 7:30 a las 10:30 entre semana y de las 8:00 a las 10:30 los fines de semana. Productos caseros, locales y ecol\u00f3gicos: Mermeladas, yogures, compota de manzana, [&hellip;]\" \/>\n<meta property=\"og:url\" content=\"https:\/\/hotel96.com\/index.php\/es\/los-pequenos-extras\/desayunos\/\" \/>\n<meta property=\"og:site_name\" content=\"H\u00f4tel 96\" \/>\n<meta property=\"article:publisher\" content=\"https:\/\/www.facebook.com\/Htel-96-301720049863669\/\" \/>\n<meta property=\"article:modified_time\" content=\"2026-04-02T08:03:20+00:00\" \/>\n<meta property=\"og:image\" content=\"https:\/\/hotel96.com\/wp-content\/uploads\/2026\/03\/petit-dejeuner-1024x1024.jpg\" \/>\n<meta name=\"twitter:card\" content=\"summary_large_image\" \/>\n<script type=\"application\/ld+json\" class=\"yoast-schema-graph\">{\"@context\":\"https:\\\/\\\/schema.org\",\"@graph\":[{\"@type\":\"WebPage\",\"@id\":\"https:\\\/\\\/hotel96.com\\\/index.php\\\/es\\\/los-pequenos-extras\\\/desayunos\\\/\",\"url\":\"https:\\\/\\\/hotel96.com\\\/index.php\\\/es\\\/los-pequenos-extras\\\/desayunos\\\/\",\"name\":\"Desayunos - H\u00f4tel 96\",\"isPartOf\":{\"@id\":\"https:\\\/\\\/hotel96.com\\\/#website\"},\"primaryImageOfPage\":{\"@id\":\"https:\\\/\\\/hotel96.com\\\/index.php\\\/es\\\/los-pequenos-extras\\\/desayunos\\\/#primaryimage\"},\"image\":{\"@id\":\"https:\\\/\\\/hotel96.com\\\/index.php\\\/es\\\/los-pequenos-extras\\\/desayunos\\\/#primaryimage\"},\"thumbnailUrl\":\"https:\\\/\\\/hotel96.com\\\/wp-content\\\/uploads\\\/2026\\\/03\\\/petit-dejeuner-1024x1024.jpg\",\"datePublished\":\"2026-04-02T07:59:45+00:00\",\"dateModified\":\"2026-04-02T08:03:20+00:00\",\"breadcrumb\":{\"@id\":\"https:\\\/\\\/hotel96.com\\\/index.php\\\/es\\\/los-pequenos-extras\\\/desayunos\\\/#breadcrumb\"},\"inLanguage\":\"fr-FR\",\"potentialAction\":[{\"@type\":\"ReadAction\",\"target\":[\"https:\\\/\\\/hotel96.com\\\/index.php\\\/es\\\/los-pequenos-extras\\\/desayunos\\\/\"]}]},{\"@type\":\"ImageObject\",\"inLanguage\":\"fr-FR\",\"@id\":\"https:\\\/\\\/hotel96.com\\\/index.php\\\/es\\\/los-pequenos-extras\\\/desayunos\\\/#primaryimage\",\"url\":\"https:\\\/\\\/hotel96.com\\\/wp-content\\\/uploads\\\/2026\\\/03\\\/petit-dejeuner.jpg\",\"contentUrl\":\"https:\\\/\\\/hotel96.com\\\/wp-content\\\/uploads\\\/2026\\\/03\\\/petit-dejeuner.jpg\",\"width\":1280,\"height\":1280},{\"@type\":\"BreadcrumbList\",\"@id\":\"https:\\\/\\\/hotel96.com\\\/index.php\\\/es\\\/los-pequenos-extras\\\/desayunos\\\/#breadcrumb\",\"itemListElement\":[{\"@type\":\"ListItem\",\"position\":1,\"name\":\"Accueil\",\"item\":\"https:\\\/\\\/hotel96.com\\\/index.php\\\/fr\\\/accueil\\\/\"},{\"@type\":\"ListItem\",\"position\":2,\"name\":\"LOS PEQUE\u00d1OS EXTRAS\",\"item\":\"https:\\\/\\\/hotel96.com\\\/index.php\\\/es\\\/los-pequenos-extras\\\/\"},{\"@type\":\"ListItem\",\"position\":3,\"name\":\"Desayunos\"}]},{\"@type\":\"WebSite\",\"@id\":\"https:\\\/\\\/hotel96.com\\\/#website\",\"url\":\"https:\\\/\\\/hotel96.com\\\/\",\"name\":\"H\u00f4tel 96 - Marseille\",\"description\":\"\",\"publisher\":{\"@id\":\"https:\\\/\\\/hotel96.com\\\/#organization\"},\"potentialAction\":[{\"@type\":\"SearchAction\",\"target\":{\"@type\":\"EntryPoint\",\"urlTemplate\":\"https:\\\/\\\/hotel96.com\\\/?s={search_term_string}\"},\"query-input\":{\"@type\":\"PropertyValueSpecification\",\"valueRequired\":true,\"valueName\":\"search_term_string\"}}],\"inLanguage\":\"fr-FR\"},{\"@type\":\"Organization\",\"@id\":\"https:\\\/\\\/hotel96.com\\\/#organization\",\"name\":\"H\u00f4tel 96 - Mareille\",\"url\":\"https:\\\/\\\/hotel96.com\\\/\",\"logo\":{\"@type\":\"ImageObject\",\"inLanguage\":\"fr-FR\",\"@id\":\"https:\\\/\\\/hotel96.com\\\/#\\\/schema\\\/logo\\\/image\\\/\",\"url\":\"https:\\\/\\\/hotel96.com\\\/wp-content\\\/uploads\\\/2025\\\/12\\\/logo.png\",\"contentUrl\":\"https:\\\/\\\/hotel96.com\\\/wp-content\\\/uploads\\\/2025\\\/12\\\/logo.png\",\"width\":278,\"height\":85,\"caption\":\"H\u00f4tel 96 - Mareille\"},\"image\":{\"@id\":\"https:\\\/\\\/hotel96.com\\\/#\\\/schema\\\/logo\\\/image\\\/\"},\"sameAs\":[\"https:\\\/\\\/www.facebook.com\\\/Htel-96-301720049863669\\\/\",\"https:\\\/\\\/www.instagram.com\\\/hotel_96\\\/\",\"https:\\\/\\\/www.tripadvisor.fr\\\/Hotel_Review-g187253-d3802131-Reviews-Hotel_96-Marseille_Bouches_du_Rhone_Provence_Alpes_Cote_d_Azur.html\",\"https:\\\/\\\/www.linkedin.com\\\/company\\\/hotel-96\\\/\"]}]}<\/script>\n<!-- \/ Yoast SEO plugin. -->","yoast_head_json":{"title":"Desayunos - H\u00f4tel 96","robots":{"index":"index","follow":"follow","max-snippet":"max-snippet:-1","max-image-preview":"max-image-preview:large","max-video-preview":"max-video-preview:-1"},"canonical":"https:\/\/hotel96.com\/index.php\/es\/los-pequenos-extras\/desayunos\/","og_locale":"fr_FR","og_type":"article","og_title":"Desayunos - H\u00f4tel 96","og_description":"Desayunos Atr\u00e1s Nuestros deliciosos desayunos se sirven en el invernadero en las frescas ma\u00f1anas de invierno o en la terraza en los c\u00e1lidos d\u00edas de verano, de las 7:30 a las 10:30 entre semana y de las 8:00 a las 10:30 los fines de semana. Productos caseros, locales y ecol\u00f3gicos: Mermeladas, yogures, compota de manzana, [&hellip;]","og_url":"https:\/\/hotel96.com\/index.php\/es\/los-pequenos-extras\/desayunos\/","og_site_name":"H\u00f4tel 96","article_publisher":"https:\/\/www.facebook.com\/Htel-96-301720049863669\/","article_modified_time":"2026-04-02T08:03:20+00:00","og_image":[{"url":"https:\/\/hotel96.com\/wp-content\/uploads\/2026\/03\/petit-dejeuner-1024x1024.jpg","type":"","width":"","height":""}],"twitter_card":"summary_large_image","schema":{"@context":"https:\/\/schema.org","@graph":[{"@type":"WebPage","@id":"https:\/\/hotel96.com\/index.php\/es\/los-pequenos-extras\/desayunos\/","url":"https:\/\/hotel96.com\/index.php\/es\/los-pequenos-extras\/desayunos\/","name":"Desayunos - H\u00f4tel 96","isPartOf":{"@id":"https:\/\/hotel96.com\/#website"},"primaryImageOfPage":{"@id":"https:\/\/hotel96.com\/index.php\/es\/los-pequenos-extras\/desayunos\/#primaryimage"},"image":{"@id":"https:\/\/hotel96.com\/index.php\/es\/los-pequenos-extras\/desayunos\/#primaryimage"},"thumbnailUrl":"https:\/\/hotel96.com\/wp-content\/uploads\/2026\/03\/petit-dejeuner-1024x1024.jpg","datePublished":"2026-04-02T07:59:45+00:00","dateModified":"2026-04-02T08:03:20+00:00","breadcrumb":{"@id":"https:\/\/hotel96.com\/index.php\/es\/los-pequenos-extras\/desayunos\/#breadcrumb"},"inLanguage":"fr-FR","potentialAction":[{"@type":"ReadAction","target":["https:\/\/hotel96.com\/index.php\/es\/los-pequenos-extras\/desayunos\/"]}]},{"@type":"ImageObject","inLanguage":"fr-FR","@id":"https:\/\/hotel96.com\/index.php\/es\/los-pequenos-extras\/desayunos\/#primaryimage","url":"https:\/\/hotel96.com\/wp-content\/uploads\/2026\/03\/petit-dejeuner.jpg","contentUrl":"https:\/\/hotel96.com\/wp-content\/uploads\/2026\/03\/petit-dejeuner.jpg","width":1280,"height":1280},{"@type":"BreadcrumbList","@id":"https:\/\/hotel96.com\/index.php\/es\/los-pequenos-extras\/desayunos\/#breadcrumb","itemListElement":[{"@type":"ListItem","position":1,"name":"Accueil","item":"https:\/\/hotel96.com\/index.php\/fr\/accueil\/"},{"@type":"ListItem","position":2,"name":"LOS PEQUE\u00d1OS EXTRAS","item":"https:\/\/hotel96.com\/index.php\/es\/los-pequenos-extras\/"},{"@type":"ListItem","position":3,"name":"Desayunos"}]},{"@type":"WebSite","@id":"https:\/\/hotel96.com\/#website","url":"https:\/\/hotel96.com\/","name":"H\u00f4tel 96 - Marseille","description":"","publisher":{"@id":"https:\/\/hotel96.com\/#organization"},"potentialAction":[{"@type":"SearchAction","target":{"@type":"EntryPoint","urlTemplate":"https:\/\/hotel96.com\/?s={search_term_string}"},"query-input":{"@type":"PropertyValueSpecification","valueRequired":true,"valueName":"search_term_string"}}],"inLanguage":"fr-FR"},{"@type":"Organization","@id":"https:\/\/hotel96.com\/#organization","name":"H\u00f4tel 96 - Mareille","url":"https:\/\/hotel96.com\/","logo":{"@type":"ImageObject","inLanguage":"fr-FR","@id":"https:\/\/hotel96.com\/#\/schema\/logo\/image\/","url":"https:\/\/hotel96.com\/wp-content\/uploads\/2025\/12\/logo.png","contentUrl":"https:\/\/hotel96.com\/wp-content\/uploads\/2025\/12\/logo.png","width":278,"height":85,"caption":"H\u00f4tel 96 - Mareille"},"image":{"@id":"https:\/\/hotel96.com\/#\/schema\/logo\/image\/"},"sameAs":["https:\/\/www.facebook.com\/Htel-96-301720049863669\/","https:\/\/www.instagram.com\/hotel_96\/","https:\/\/www.tripadvisor.fr\/Hotel_Review-g187253-d3802131-Reviews-Hotel_96-Marseille_Bouches_du_Rhone_Provence_Alpes_Cote_d_Azur.html","https:\/\/www.linkedin.com\/company\/hotel-96\/"]}]}},"_links":{"self":[{"href":"https:\/\/hotel96.com\/index.php\/wp-json\/wp\/v2\/pages\/1831","targetHints":{"allow":["GET"]}}],"collection":[{"href":"https:\/\/hotel96.com\/index.php\/wp-json\/wp\/v2\/pages"}],"about":[{"href":"https:\/\/hotel96.com\/index.php\/wp-json\/wp\/v2\/types\/page"}],"author":[{"embeddable":true,"href":"https:\/\/hotel96.com\/index.php\/wp-json\/wp\/v2\/users\/1"}],"replies":[{"embeddable":true,"href":"https:\/\/hotel96.com\/index.php\/wp-json\/wp\/v2\/comments?post=1831"}],"version-history":[{"count":4,"href":"https:\/\/hotel96.com\/index.php\/wp-json\/wp\/v2\/pages\/1831\/revisions"}],"predecessor-version":[{"id":1836,"href":"https:\/\/hotel96.com\/index.php\/wp-json\/wp\/v2\/pages\/1831\/revisions\/1836"}],"up":[{"embeddable":true,"href":"https:\/\/hotel96.com\/index.php\/wp-json\/wp\/v2\/pages\/1828"}],"wp:attachment":[{"href":"https:\/\/hotel96.com\/index.php\/wp-json\/wp\/v2\/media?parent=1831"}],"curies":[{"name":"wp","href":"https:\/\/api.w.org\/{rel}","templated":true}]}}