{"id":1032,"date":"2026-03-18T17:59:16","date_gmt":"2026-03-18T16:59:16","guid":{"rendered":"https:\/\/hotel.tribalt.agency\/?page_id=1032"},"modified":"2026-04-05T16:11:29","modified_gmt":"2026-04-05T14:11:29","slug":"autour-de-marseille","status":"publish","type":"page","link":"https:\/\/hotel96.com\/index.php\/c-marseille-bb\/autour-de-marseille\/","title":{"rendered":"Autour de Marseille"},"content":{"rendered":"\t\t<div data-elementor-type=\"wp-page\" data-elementor-id=\"1032\" class=\"elementor elementor-1032\" data-elementor-post-type=\"page\">\n\t\t\t\t<div class=\"elementor-element elementor-element-60d81e5 e-flex e-con-boxed e-con e-parent\" data-id=\"60d81e5\" data-element_type=\"container\" data-e-type=\"container\" data-settings=\"{&quot;background_background&quot;:&quot;classic&quot;}\">\n\t\t\t\t\t<div class=\"e-con-inner\">\n\t\t\t\t<div class=\"elementor-element elementor-element-11c4b96 elementor-widget elementor-widget-heading\" data-id=\"11c4b96\" data-element_type=\"widget\" data-e-type=\"widget\" data-widget_type=\"heading.default\">\n\t\t\t\t\t<h2 class=\"elementor-heading-title elementor-size-default\">Autour de Marseille<\/h2>\t\t\t\t<\/div>\n\t\t\t\t\t<\/div>\n\t\t\t\t<\/div>\n\t\t<div class=\"elementor-element elementor-element-61108238 e-flex e-con-boxed e-con e-parent\" data-id=\"61108238\" data-element_type=\"container\" data-e-type=\"container\" data-settings=\"{&quot;background_background&quot;:&quot;classic&quot;}\">\n\t\t\t\t\t<div class=\"e-con-inner\">\n\t\t<div class=\"elementor-element elementor-element-3af45f7f e-con-full e-flex e-con e-child\" data-id=\"3af45f7f\" data-element_type=\"container\" data-e-type=\"container\">\n\t\t\t\t<div class=\"elementor-element elementor-element-6b243426 elementor-widget elementor-widget-image\" data-id=\"6b243426\" data-element_type=\"widget\" data-e-type=\"widget\" data-widget_type=\"image.default\">\n\t\t\t\t\t\t\t\t\t\t\t\t\t\t\t<img fetchpriority=\"high\" decoding=\"async\" width=\"800\" height=\"485\" src=\"https:\/\/hotel96.com\/wp-content\/uploads\/2026\/03\/cassis-1024x621.png\" class=\"attachment-large size-large wp-image-1037\" alt=\"\" srcset=\"https:\/\/hotel96.com\/wp-content\/uploads\/2026\/03\/cassis-1024x621.png 1024w, https:\/\/hotel96.com\/wp-content\/uploads\/2026\/03\/cassis-300x182.png 300w, https:\/\/hotel96.com\/wp-content\/uploads\/2026\/03\/cassis-768x466.png 768w, https:\/\/hotel96.com\/wp-content\/uploads\/2026\/03\/cassis.png 1052w\" sizes=\"(max-width: 800px) 100vw, 800px\" \/>\t\t\t\t\t\t\t\t\t\t\t\t\t\t\t<\/div>\n\t\t\t\t<\/div>\n\t\t<div class=\"elementor-element elementor-element-6f545c99 e-con-full e-flex e-con e-child\" data-id=\"6f545c99\" data-element_type=\"container\" data-e-type=\"container\">\n\t\t\t\t<div class=\"elementor-element elementor-element-9098bc8 elementor-widget elementor-widget-heading\" data-id=\"9098bc8\" data-element_type=\"widget\" data-e-type=\"widget\" data-widget_type=\"heading.default\">\n\t\t\t\t\t<h2 class=\"elementor-heading-title elementor-size-default\">Cassis<\/h2>\t\t\t\t<\/div>\n\t\t\t\t<div class=\"elementor-element elementor-element-647124c1 elementor-widget elementor-widget-text-editor\" data-id=\"647124c1\" data-element_type=\"widget\" data-e-type=\"widget\" data-widget_type=\"text-editor.default\">\n\t\t\t\t\t\t\t\t\t<p>Le village de Cassis et son petit port charmant sont une v\u00e9ritable invitation \u00e0 la fl\u00e2nerie. Appr\u00e9ciez ses rues pav\u00e9es bord\u00e9es de maisons de p\u00eacheurs color\u00e9es, de boutiques et de terrasses chaleureuses de caf\u00e9s et restaurants. Au cours de votre balade dans le village, vous pourrez d\u00e9couvrir le four banal, datant du XVII\u00e8me si\u00e8cle et rappelant une activit\u00e9 aujourd\u2019hui r\u00e9volue. Les amateurs d\u2019art et d\u2019histoire pousseront les portes du mus\u00e9e municipal m\u00e9diterran\u00e9en d\u2019Arts et des Traditions populaires.<\/p>\t\t\t\t\t\t\t\t<\/div>\n\t\t\t\t<\/div>\n\t\t\t\t\t<\/div>\n\t\t\t\t<\/div>\n\t\t<div class=\"elementor-element elementor-element-129154ee e-con-full e-flex e-con e-parent\" data-id=\"129154ee\" data-element_type=\"container\" data-e-type=\"container\" data-settings=\"{&quot;background_background&quot;:&quot;classic&quot;}\">\n\t\t<div class=\"elementor-element elementor-element-1b288b7f e-con-full e-flex e-con e-child\" data-id=\"1b288b7f\" data-element_type=\"container\" data-e-type=\"container\">\n\t\t\t\t<div class=\"elementor-element elementor-element-1a011cee elementor-widget elementor-widget-heading\" data-id=\"1a011cee\" data-element_type=\"widget\" data-e-type=\"widget\" data-widget_type=\"heading.default\">\n\t\t\t\t\t<h2 class=\"elementor-heading-title elementor-size-default\">Allauch, la Treille<\/h2>\t\t\t\t<\/div>\n\t\t\t\t<div class=\"elementor-element elementor-element-55585829 elementor-widget elementor-widget-text-editor\" data-id=\"55585829\" data-element_type=\"widget\" data-e-type=\"widget\" data-widget_type=\"text-editor.default\">\n\t\t\t\t\t\t\t\t\t<p>Dans les collines, ch\u00e8res au c\u00e9l\u00e8bre \u00e9crivain Marcel Pagnol, mais aussi aux Allaudiens, ont \u00e9t\u00e9 retrouv\u00e9es des traces \u00e0 l\u2019image de fossiles attestant la pr\u00e9sence de l\u2019homme pr\u00e9historique. Le Montadien dont le nom est issu de la grotte de la Montade sur la commune voisine de Plan de Cuques aurait habit\u00e9 Allauch. En 600 avant J\u00e9sus-Christ, Marseille est n\u00e9e d\u2019un mariage entre Gyptis et Protis. Si le jeune homme \u00e9tait originaire de Phoc\u00e9e, la jeune et belle Gyptis \u00e9tait Allaudienne (gentil\u00e9 de la ville d\u2019Allauch).<\/p>\t\t\t\t\t\t\t\t<\/div>\n\t\t\t\t<\/div>\n\t\t<div class=\"elementor-element elementor-element-37c6caf e-con-full e-flex e-con e-child\" data-id=\"37c6caf\" data-element_type=\"container\" data-e-type=\"container\">\n\t\t\t\t<div class=\"elementor-element elementor-element-7efffd38 elementor-widget elementor-widget-image\" data-id=\"7efffd38\" data-element_type=\"widget\" data-e-type=\"widget\" data-widget_type=\"image.default\">\n\t\t\t\t\t\t\t\t\t\t\t\t\t\t\t<img decoding=\"async\" width=\"800\" height=\"465\" src=\"https:\/\/hotel96.com\/wp-content\/uploads\/2026\/03\/allauch-1024x595.png\" class=\"attachment-large size-large wp-image-1036\" alt=\"\" srcset=\"https:\/\/hotel96.com\/wp-content\/uploads\/2026\/03\/allauch-1024x595.png 1024w, https:\/\/hotel96.com\/wp-content\/uploads\/2026\/03\/allauch-300x174.png 300w, https:\/\/hotel96.com\/wp-content\/uploads\/2026\/03\/allauch-768x446.png 768w, https:\/\/hotel96.com\/wp-content\/uploads\/2026\/03\/allauch.png 1052w\" sizes=\"(max-width: 800px) 100vw, 800px\" \/>\t\t\t\t\t\t\t\t\t\t\t\t\t\t\t<\/div>\n\t\t\t\t<\/div>\n\t\t\t\t<\/div>\n\t\t<div class=\"elementor-element elementor-element-2a228dbf e-flex e-con-boxed e-con e-parent\" data-id=\"2a228dbf\" data-element_type=\"container\" data-e-type=\"container\" data-settings=\"{&quot;background_background&quot;:&quot;classic&quot;}\">\n\t\t\t\t\t<div class=\"e-con-inner\">\n\t\t<div class=\"elementor-element elementor-element-4b4edcee e-con-full e-flex e-con e-child\" data-id=\"4b4edcee\" data-element_type=\"container\" data-e-type=\"container\">\n\t\t\t\t<div class=\"elementor-element elementor-element-16453d9a elementor-widget elementor-widget-image\" data-id=\"16453d9a\" data-element_type=\"widget\" data-e-type=\"widget\" data-widget_type=\"image.default\">\n\t\t\t\t\t\t\t\t\t\t\t\t\t\t\t<img decoding=\"async\" width=\"800\" height=\"486\" src=\"https:\/\/hotel96.com\/wp-content\/uploads\/2026\/03\/aix-en-provence-1-1024x622.png\" class=\"attachment-large size-large wp-image-1035\" alt=\"\" srcset=\"https:\/\/hotel96.com\/wp-content\/uploads\/2026\/03\/aix-en-provence-1-1024x622.png 1024w, https:\/\/hotel96.com\/wp-content\/uploads\/2026\/03\/aix-en-provence-1-300x182.png 300w, https:\/\/hotel96.com\/wp-content\/uploads\/2026\/03\/aix-en-provence-1-768x466.png 768w, https:\/\/hotel96.com\/wp-content\/uploads\/2026\/03\/aix-en-provence-1.png 1052w\" sizes=\"(max-width: 800px) 100vw, 800px\" \/>\t\t\t\t\t\t\t\t\t\t\t\t\t\t\t<\/div>\n\t\t\t\t<\/div>\n\t\t<div class=\"elementor-element elementor-element-1b1c78a1 e-con-full e-flex e-con e-child\" data-id=\"1b1c78a1\" data-element_type=\"container\" data-e-type=\"container\">\n\t\t\t\t<div class=\"elementor-element elementor-element-7521c811 elementor-widget elementor-widget-heading\" data-id=\"7521c811\" data-element_type=\"widget\" data-e-type=\"widget\" data-widget_type=\"heading.default\">\n\t\t\t\t\t<h2 class=\"elementor-heading-title elementor-size-default\">Aix en Provence<\/h2>\t\t\t\t<\/div>\n\t\t\t\t<div class=\"elementor-element elementor-element-245b95a2 elementor-widget elementor-widget-text-editor\" data-id=\"245b95a2\" data-element_type=\"widget\" data-e-type=\"widget\" data-widget_type=\"text-editor.default\">\n\t\t\t\t\t\t\t\t\t<p>Visitez la ville d\u2019Aix-en-Provence, r\u00e9put\u00e9e pour son charme distingu\u00e9 et aristocratique. Ses habitants vantent sa douceur de vivre. On s\u2019y prom\u00e8ne avec nonchalance dans une architecture qui \u00e9voque un d\u00e9cor de th\u00e9\u00e2tre. Ville des festivals, ville d\u2019eaux, ville chic, Aix-en-Provence est recherch\u00e9e par les \u00e9trangers et par les \u00e9tudiants. Dans la ville, faufilez-vous \u00e0 travers le quartier historique du Mazarin, le cours Mirabeau, ou encore d\u00e9couvrez ses nombreuses fontaines et places \u00e0 travers le centre-ville pi\u00e9tonnier.<\/p>\t\t\t\t\t\t\t\t<\/div>\n\t\t\t\t<\/div>\n\t\t\t\t\t<\/div>\n\t\t\t\t<\/div>\n\t\t<div class=\"elementor-element elementor-element-224ba696 e-con-full e-flex e-con e-parent\" data-id=\"224ba696\" data-element_type=\"container\" data-e-type=\"container\" data-settings=\"{&quot;background_background&quot;:&quot;classic&quot;}\">\n\t\t<div class=\"elementor-element elementor-element-6686203a e-con-full e-flex e-con e-child\" data-id=\"6686203a\" data-element_type=\"container\" data-e-type=\"container\">\n\t\t\t\t<div class=\"elementor-element elementor-element-7c0eb0a4 elementor-widget elementor-widget-heading\" data-id=\"7c0eb0a4\" data-element_type=\"widget\" data-e-type=\"widget\" data-widget_type=\"heading.default\">\n\t\t\t\t\t<h2 class=\"elementor-heading-title elementor-size-default\">La C\u00f4te Bleue<\/h2>\t\t\t\t<\/div>\n\t\t\t\t<div class=\"elementor-element elementor-element-6691dac5 elementor-widget elementor-widget-text-editor\" data-id=\"6691dac5\" data-element_type=\"widget\" data-e-type=\"widget\" data-widget_type=\"text-editor.default\">\n\t\t\t\t\t\t\t\t\t<p>La C\u00f4te bleue est la fa\u00e7ade maritime qui se situe au Nord de Marseille, apr\u00e8s le quartier de l\u2019Estaque, et se termine \u00e0 Martigues. Son nom fait r\u00e9f\u00e9rence \u00e0 la couleur de l\u2019eau. Plusieurs petites communes la jalonnent : Le Rove, Ensu\u00e8s-laRedonne, Carry-le-Rouet, Sausset-les-Pins, La Couronne, Carro\u2026 La C\u00f4te Bleue est constitu\u00e9e d\u2019une succession de petits ports, de plages ou criques bord\u00e9s de pins, parfois difficiles d\u2019acc\u00e8s mais c\u2019est ce qui en fait tout son charme. D\u2019ailleurs, pour sa beaut\u00e9 sauvage, des cin\u00e9astes comme Marcel Pagnol et Robert Gu\u00e9diguian l\u2019ont choisie comme d\u00e9cor pour leurs films. Les traces arch\u00e9ologiques de l\u2019abri de M\u00e9jean attestent de la pr\u00e9sence de l\u2019homme pr\u00e9historique sur ses rivages. Par la suite, les hameaux du littoral sont habit\u00e9s par des agriculteurs et des p\u00eacheurs. C\u2019est la cr\u00e9ation de la ligne de chemin de fer Marseille-Miramas en 1915 qui d\u00e9senclave les villages du littoral Pour se baigner dans ses criques, mieux vaut \u00eatre chauss\u00e9 de sandales adapt\u00e9es pour marcher sur les plages car elles sont souvent constitu\u00e9es de gros galets, et pour \u00e9viter de se blesser sous l\u2019eau avec les oursins qui pars\u00e8ment les fonds rocheux. Oursins, que vous pouvez d\u2019ailleurs d\u00e9guster les dimanches de f\u00e9vrier aux Oursinades de Carry le rouet et Sausset les Pins.<\/p>\t\t\t\t\t\t\t\t<\/div>\n\t\t\t\t<\/div>\n\t\t<div class=\"elementor-element elementor-element-57d34ed6 e-con-full e-flex e-con e-child\" data-id=\"57d34ed6\" data-element_type=\"container\" data-e-type=\"container\">\n\t\t\t\t<div class=\"elementor-element elementor-element-74948fa9 elementor-widget elementor-widget-image\" data-id=\"74948fa9\" data-element_type=\"widget\" data-e-type=\"widget\" data-widget_type=\"image.default\">\n\t\t\t\t\t\t\t\t\t\t\t\t\t\t\t<img loading=\"lazy\" decoding=\"async\" width=\"800\" height=\"590\" src=\"https:\/\/hotel96.com\/wp-content\/uploads\/2026\/03\/la-cote-bleue-1024x755.png\" class=\"attachment-large size-large wp-image-1038\" alt=\"\" srcset=\"https:\/\/hotel96.com\/wp-content\/uploads\/2026\/03\/la-cote-bleue-1024x755.png 1024w, https:\/\/hotel96.com\/wp-content\/uploads\/2026\/03\/la-cote-bleue-300x221.png 300w, https:\/\/hotel96.com\/wp-content\/uploads\/2026\/03\/la-cote-bleue-768x567.png 768w, https:\/\/hotel96.com\/wp-content\/uploads\/2026\/03\/la-cote-bleue.png 1052w\" sizes=\"(max-width: 800px) 100vw, 800px\" \/>\t\t\t\t\t\t\t\t\t\t\t\t\t\t\t<\/div>\n\t\t\t\t<\/div>\n\t\t\t\t<\/div>\n\t\t<div class=\"elementor-element elementor-element-dd91399 e-flex e-con-boxed e-con e-parent\" data-id=\"dd91399\" data-element_type=\"container\" data-e-type=\"container\" data-settings=\"{&quot;background_background&quot;:&quot;classic&quot;}\">\n\t\t\t\t\t<div class=\"e-con-inner\">\n\t\t\t\t<div class=\"elementor-element elementor-element-ceed919 elementor-mobile-align-center elementor-align-center elementor-widget elementor-widget-global elementor-global-1319 elementor-widget-button\" data-id=\"ceed919\" data-element_type=\"widget\" data-e-type=\"widget\" data-widget_type=\"button.default\">\n\t\t\t\t\t\t\t\t\t\t<a class=\"elementor-button elementor-button-link elementor-size-sm\" href=\"https:\/\/hotel96.com\/index.php\/c-marseille-bb\/\">\n\t\t\t\t\t\t<span class=\"elementor-button-content-wrapper\">\n\t\t\t\t\t\t\t\t\t<span class=\"elementor-button-text\">Retour<\/span>\n\t\t\t\t\t<\/span>\n\t\t\t\t\t<\/a>\n\t\t\t\t\t\t\t\t<\/div>\n\t\t\t\t\t<\/div>\n\t\t\t\t<\/div>\n\t\t\t\t<\/div>\n\t\t","protected":false},"excerpt":{"rendered":"<p>Autour de Marseille Cassis Le village de Cassis et son petit port charmant sont une v\u00e9ritable invitation \u00e0 la fl\u00e2nerie. Appr\u00e9ciez ses rues pav\u00e9es bord\u00e9es de maisons de p\u00eacheurs color\u00e9es, de boutiques et de terrasses chaleureuses de caf\u00e9s et restaurants. Au cours de votre balade dans le village, vous pourrez d\u00e9couvrir le four banal, datant [&hellip;]<\/p>\n","protected":false},"author":1,"featured_media":0,"parent":89,"menu_order":0,"comment_status":"closed","ping_status":"closed","template":"","meta":{"footnotes":""},"class_list":["post-1032","page","type-page","status-publish","hentry"],"yoast_head":"<!-- This site is optimized with the Yoast SEO plugin v27.3 - https:\/\/yoast.com\/product\/yoast-seo-wordpress\/ -->\n<title>Autour de Marseille - H\u00f4tel 96<\/title>\n<meta name=\"robots\" content=\"index, follow, max-snippet:-1, max-image-preview:large, max-video-preview:-1\" \/>\n<link rel=\"canonical\" href=\"https:\/\/hotel96.com\/index.php\/c-marseille-bb\/autour-de-marseille\/\" \/>\n<meta property=\"og:locale\" content=\"fr_FR\" \/>\n<meta property=\"og:type\" content=\"article\" \/>\n<meta property=\"og:title\" content=\"Autour de Marseille - H\u00f4tel 96\" \/>\n<meta property=\"og:description\" content=\"Autour de Marseille Cassis Le village de Cassis et son petit port charmant sont une v\u00e9ritable invitation \u00e0 la fl\u00e2nerie. Appr\u00e9ciez ses rues pav\u00e9es bord\u00e9es de maisons de p\u00eacheurs color\u00e9es, de boutiques et de terrasses chaleureuses de caf\u00e9s et restaurants. Au cours de votre balade dans le village, vous pourrez d\u00e9couvrir le four banal, datant [&hellip;]\" \/>\n<meta property=\"og:url\" content=\"https:\/\/hotel96.com\/index.php\/c-marseille-bb\/autour-de-marseille\/\" \/>\n<meta property=\"og:site_name\" content=\"H\u00f4tel 96\" \/>\n<meta property=\"article:publisher\" content=\"https:\/\/www.facebook.com\/Htel-96-301720049863669\/\" \/>\n<meta property=\"article:modified_time\" content=\"2026-04-05T14:11:29+00:00\" \/>\n<meta property=\"og:image\" content=\"https:\/\/hotel96.com\/wp-content\/uploads\/2026\/03\/cassis-1024x621.png\" \/>\n<meta name=\"twitter:card\" content=\"summary_large_image\" \/>\n<meta name=\"twitter:label1\" content=\"Dur\u00e9e de lecture estim\u00e9e\" \/>\n\t<meta name=\"twitter:data1\" content=\"3 minutes\" \/>\n<script type=\"application\/ld+json\" class=\"yoast-schema-graph\">{\"@context\":\"https:\\\/\\\/schema.org\",\"@graph\":[{\"@type\":\"WebPage\",\"@id\":\"https:\\\/\\\/hotel96.com\\\/index.php\\\/c-marseille-bb\\\/autour-de-marseille\\\/\",\"url\":\"https:\\\/\\\/hotel96.com\\\/index.php\\\/c-marseille-bb\\\/autour-de-marseille\\\/\",\"name\":\"Autour de Marseille - H\u00f4tel 96\",\"isPartOf\":{\"@id\":\"https:\\\/\\\/hotel96.com\\\/#website\"},\"primaryImageOfPage\":{\"@id\":\"https:\\\/\\\/hotel96.com\\\/index.php\\\/c-marseille-bb\\\/autour-de-marseille\\\/#primaryimage\"},\"image\":{\"@id\":\"https:\\\/\\\/hotel96.com\\\/index.php\\\/c-marseille-bb\\\/autour-de-marseille\\\/#primaryimage\"},\"thumbnailUrl\":\"https:\\\/\\\/hotel96.com\\\/wp-content\\\/uploads\\\/2026\\\/03\\\/cassis-1024x621.png\",\"datePublished\":\"2026-03-18T16:59:16+00:00\",\"dateModified\":\"2026-04-05T14:11:29+00:00\",\"breadcrumb\":{\"@id\":\"https:\\\/\\\/hotel96.com\\\/index.php\\\/c-marseille-bb\\\/autour-de-marseille\\\/#breadcrumb\"},\"inLanguage\":\"fr-FR\",\"potentialAction\":[{\"@type\":\"ReadAction\",\"target\":[\"https:\\\/\\\/hotel96.com\\\/index.php\\\/c-marseille-bb\\\/autour-de-marseille\\\/\"]}]},{\"@type\":\"ImageObject\",\"inLanguage\":\"fr-FR\",\"@id\":\"https:\\\/\\\/hotel96.com\\\/index.php\\\/c-marseille-bb\\\/autour-de-marseille\\\/#primaryimage\",\"url\":\"https:\\\/\\\/hotel96.com\\\/wp-content\\\/uploads\\\/2026\\\/03\\\/cassis.png\",\"contentUrl\":\"https:\\\/\\\/hotel96.com\\\/wp-content\\\/uploads\\\/2026\\\/03\\\/cassis.png\",\"width\":1052,\"height\":638},{\"@type\":\"BreadcrumbList\",\"@id\":\"https:\\\/\\\/hotel96.com\\\/index.php\\\/c-marseille-bb\\\/autour-de-marseille\\\/#breadcrumb\",\"itemListElement\":[{\"@type\":\"ListItem\",\"position\":1,\"name\":\"Accueil\",\"item\":\"https:\\\/\\\/hotel96.com\\\/index.php\\\/fr\\\/accueil\\\/\"},{\"@type\":\"ListItem\",\"position\":2,\"name\":\"C \u00a0MARSEILLE \u00a0BB !!\",\"item\":\"https:\\\/\\\/hotel96.com\\\/index.php\\\/fr\\\/c-marseille-bb\\\/\"},{\"@type\":\"ListItem\",\"position\":3,\"name\":\"Autour de Marseille\"}]},{\"@type\":\"WebSite\",\"@id\":\"https:\\\/\\\/hotel96.com\\\/#website\",\"url\":\"https:\\\/\\\/hotel96.com\\\/\",\"name\":\"H\u00f4tel 96 - Marseille\",\"description\":\"\",\"publisher\":{\"@id\":\"https:\\\/\\\/hotel96.com\\\/#organization\"},\"potentialAction\":[{\"@type\":\"SearchAction\",\"target\":{\"@type\":\"EntryPoint\",\"urlTemplate\":\"https:\\\/\\\/hotel96.com\\\/?s={search_term_string}\"},\"query-input\":{\"@type\":\"PropertyValueSpecification\",\"valueRequired\":true,\"valueName\":\"search_term_string\"}}],\"inLanguage\":\"fr-FR\"},{\"@type\":\"Organization\",\"@id\":\"https:\\\/\\\/hotel96.com\\\/#organization\",\"name\":\"H\u00f4tel 96 - Mareille\",\"url\":\"https:\\\/\\\/hotel96.com\\\/\",\"logo\":{\"@type\":\"ImageObject\",\"inLanguage\":\"fr-FR\",\"@id\":\"https:\\\/\\\/hotel96.com\\\/#\\\/schema\\\/logo\\\/image\\\/\",\"url\":\"https:\\\/\\\/hotel96.com\\\/wp-content\\\/uploads\\\/2025\\\/12\\\/logo.png\",\"contentUrl\":\"https:\\\/\\\/hotel96.com\\\/wp-content\\\/uploads\\\/2025\\\/12\\\/logo.png\",\"width\":278,\"height\":85,\"caption\":\"H\u00f4tel 96 - Mareille\"},\"image\":{\"@id\":\"https:\\\/\\\/hotel96.com\\\/#\\\/schema\\\/logo\\\/image\\\/\"},\"sameAs\":[\"https:\\\/\\\/www.facebook.com\\\/Htel-96-301720049863669\\\/\",\"https:\\\/\\\/www.instagram.com\\\/hotel_96\\\/\",\"https:\\\/\\\/www.tripadvisor.fr\\\/Hotel_Review-g187253-d3802131-Reviews-Hotel_96-Marseille_Bouches_du_Rhone_Provence_Alpes_Cote_d_Azur.html\",\"https:\\\/\\\/www.linkedin.com\\\/company\\\/hotel-96\\\/\"]}]}<\/script>\n<!-- \/ Yoast SEO plugin. -->","yoast_head_json":{"title":"Autour de Marseille - H\u00f4tel 96","robots":{"index":"index","follow":"follow","max-snippet":"max-snippet:-1","max-image-preview":"max-image-preview:large","max-video-preview":"max-video-preview:-1"},"canonical":"https:\/\/hotel96.com\/index.php\/c-marseille-bb\/autour-de-marseille\/","og_locale":"fr_FR","og_type":"article","og_title":"Autour de Marseille - H\u00f4tel 96","og_description":"Autour de Marseille Cassis Le village de Cassis et son petit port charmant sont une v\u00e9ritable invitation \u00e0 la fl\u00e2nerie. Appr\u00e9ciez ses rues pav\u00e9es bord\u00e9es de maisons de p\u00eacheurs color\u00e9es, de boutiques et de terrasses chaleureuses de caf\u00e9s et restaurants. Au cours de votre balade dans le village, vous pourrez d\u00e9couvrir le four banal, datant [&hellip;]","og_url":"https:\/\/hotel96.com\/index.php\/c-marseille-bb\/autour-de-marseille\/","og_site_name":"H\u00f4tel 96","article_publisher":"https:\/\/www.facebook.com\/Htel-96-301720049863669\/","article_modified_time":"2026-04-05T14:11:29+00:00","og_image":[{"url":"https:\/\/hotel96.com\/wp-content\/uploads\/2026\/03\/cassis-1024x621.png","type":"","width":"","height":""}],"twitter_card":"summary_large_image","twitter_misc":{"Dur\u00e9e de lecture estim\u00e9e":"3 minutes"},"schema":{"@context":"https:\/\/schema.org","@graph":[{"@type":"WebPage","@id":"https:\/\/hotel96.com\/index.php\/c-marseille-bb\/autour-de-marseille\/","url":"https:\/\/hotel96.com\/index.php\/c-marseille-bb\/autour-de-marseille\/","name":"Autour de Marseille - H\u00f4tel 96","isPartOf":{"@id":"https:\/\/hotel96.com\/#website"},"primaryImageOfPage":{"@id":"https:\/\/hotel96.com\/index.php\/c-marseille-bb\/autour-de-marseille\/#primaryimage"},"image":{"@id":"https:\/\/hotel96.com\/index.php\/c-marseille-bb\/autour-de-marseille\/#primaryimage"},"thumbnailUrl":"https:\/\/hotel96.com\/wp-content\/uploads\/2026\/03\/cassis-1024x621.png","datePublished":"2026-03-18T16:59:16+00:00","dateModified":"2026-04-05T14:11:29+00:00","breadcrumb":{"@id":"https:\/\/hotel96.com\/index.php\/c-marseille-bb\/autour-de-marseille\/#breadcrumb"},"inLanguage":"fr-FR","potentialAction":[{"@type":"ReadAction","target":["https:\/\/hotel96.com\/index.php\/c-marseille-bb\/autour-de-marseille\/"]}]},{"@type":"ImageObject","inLanguage":"fr-FR","@id":"https:\/\/hotel96.com\/index.php\/c-marseille-bb\/autour-de-marseille\/#primaryimage","url":"https:\/\/hotel96.com\/wp-content\/uploads\/2026\/03\/cassis.png","contentUrl":"https:\/\/hotel96.com\/wp-content\/uploads\/2026\/03\/cassis.png","width":1052,"height":638},{"@type":"BreadcrumbList","@id":"https:\/\/hotel96.com\/index.php\/c-marseille-bb\/autour-de-marseille\/#breadcrumb","itemListElement":[{"@type":"ListItem","position":1,"name":"Accueil","item":"https:\/\/hotel96.com\/index.php\/fr\/accueil\/"},{"@type":"ListItem","position":2,"name":"C \u00a0MARSEILLE \u00a0BB !!","item":"https:\/\/hotel96.com\/index.php\/fr\/c-marseille-bb\/"},{"@type":"ListItem","position":3,"name":"Autour de Marseille"}]},{"@type":"WebSite","@id":"https:\/\/hotel96.com\/#website","url":"https:\/\/hotel96.com\/","name":"H\u00f4tel 96 - Marseille","description":"","publisher":{"@id":"https:\/\/hotel96.com\/#organization"},"potentialAction":[{"@type":"SearchAction","target":{"@type":"EntryPoint","urlTemplate":"https:\/\/hotel96.com\/?s={search_term_string}"},"query-input":{"@type":"PropertyValueSpecification","valueRequired":true,"valueName":"search_term_string"}}],"inLanguage":"fr-FR"},{"@type":"Organization","@id":"https:\/\/hotel96.com\/#organization","name":"H\u00f4tel 96 - Mareille","url":"https:\/\/hotel96.com\/","logo":{"@type":"ImageObject","inLanguage":"fr-FR","@id":"https:\/\/hotel96.com\/#\/schema\/logo\/image\/","url":"https:\/\/hotel96.com\/wp-content\/uploads\/2025\/12\/logo.png","contentUrl":"https:\/\/hotel96.com\/wp-content\/uploads\/2025\/12\/logo.png","width":278,"height":85,"caption":"H\u00f4tel 96 - Mareille"},"image":{"@id":"https:\/\/hotel96.com\/#\/schema\/logo\/image\/"},"sameAs":["https:\/\/www.facebook.com\/Htel-96-301720049863669\/","https:\/\/www.instagram.com\/hotel_96\/","https:\/\/www.tripadvisor.fr\/Hotel_Review-g187253-d3802131-Reviews-Hotel_96-Marseille_Bouches_du_Rhone_Provence_Alpes_Cote_d_Azur.html","https:\/\/www.linkedin.com\/company\/hotel-96\/"]}]}},"_links":{"self":[{"href":"https:\/\/hotel96.com\/index.php\/wp-json\/wp\/v2\/pages\/1032","targetHints":{"allow":["GET"]}}],"collection":[{"href":"https:\/\/hotel96.com\/index.php\/wp-json\/wp\/v2\/pages"}],"about":[{"href":"https:\/\/hotel96.com\/index.php\/wp-json\/wp\/v2\/types\/page"}],"author":[{"embeddable":true,"href":"https:\/\/hotel96.com\/index.php\/wp-json\/wp\/v2\/users\/1"}],"replies":[{"embeddable":true,"href":"https:\/\/hotel96.com\/index.php\/wp-json\/wp\/v2\/comments?post=1032"}],"version-history":[{"count":18,"href":"https:\/\/hotel96.com\/index.php\/wp-json\/wp\/v2\/pages\/1032\/revisions"}],"predecessor-version":[{"id":2198,"href":"https:\/\/hotel96.com\/index.php\/wp-json\/wp\/v2\/pages\/1032\/revisions\/2198"}],"up":[{"embeddable":true,"href":"https:\/\/hotel96.com\/index.php\/wp-json\/wp\/v2\/pages\/89"}],"wp:attachment":[{"href":"https:\/\/hotel96.com\/index.php\/wp-json\/wp\/v2\/media?parent=1032"}],"curies":[{"name":"wp","href":"https:\/\/api.w.org\/{rel}","templated":true}]}}