{"id":1019,"date":"2026-03-18T17:52:09","date_gmt":"2026-03-18T16:52:09","guid":{"rendered":"https:\/\/hotel.tribalt.agency\/?page_id=1019"},"modified":"2026-04-05T16:10:02","modified_gmt":"2026-04-05T14:10:02","slug":"escapade-dans-le-centre-ville","status":"publish","type":"page","link":"https:\/\/hotel96.com\/index.php\/c-marseille-bb\/escapade-dans-le-centre-ville\/","title":{"rendered":"Escapade dans le centre-ville"},"content":{"rendered":"\t\t<div data-elementor-type=\"wp-page\" data-elementor-id=\"1019\" class=\"elementor elementor-1019\" data-elementor-post-type=\"page\">\n\t\t\t\t<div class=\"elementor-element elementor-element-5527b901 e-flex e-con-boxed e-con e-parent\" data-id=\"5527b901\" data-element_type=\"container\" data-e-type=\"container\" data-settings=\"{&quot;background_background&quot;:&quot;classic&quot;}\">\n\t\t\t\t\t<div class=\"e-con-inner\">\n\t\t\t\t<div class=\"elementor-element elementor-element-13bb7bf0 elementor-widget elementor-widget-heading\" data-id=\"13bb7bf0\" data-element_type=\"widget\" data-e-type=\"widget\" data-widget_type=\"heading.default\">\n\t\t\t\t\t<h2 class=\"elementor-heading-title elementor-size-default\">Escapade dans le centre-ville<\/h2>\t\t\t\t<\/div>\n\t\t\t\t\t<\/div>\n\t\t\t\t<\/div>\n\t\t<div class=\"elementor-element elementor-element-136927fb e-flex e-con-boxed e-con e-parent\" data-id=\"136927fb\" data-element_type=\"container\" data-e-type=\"container\" data-settings=\"{&quot;background_background&quot;:&quot;classic&quot;}\">\n\t\t\t\t\t<div class=\"e-con-inner\">\n\t\t<div class=\"elementor-element elementor-element-7650dfc6 e-con-full e-flex e-con e-child\" data-id=\"7650dfc6\" data-element_type=\"container\" data-e-type=\"container\">\n\t\t\t\t<div class=\"elementor-element elementor-element-267588c elementor-widget elementor-widget-image\" data-id=\"267588c\" data-element_type=\"widget\" data-e-type=\"widget\" data-widget_type=\"image.default\">\n\t\t\t\t\t\t\t\t\t\t\t\t\t\t\t<img fetchpriority=\"high\" decoding=\"async\" width=\"800\" height=\"445\" src=\"https:\/\/hotel96.com\/wp-content\/uploads\/2026\/03\/panier-1024x570.png\" class=\"attachment-large size-large wp-image-1026\" alt=\"\" srcset=\"https:\/\/hotel96.com\/wp-content\/uploads\/2026\/03\/panier-1024x570.png 1024w, https:\/\/hotel96.com\/wp-content\/uploads\/2026\/03\/panier-300x167.png 300w, https:\/\/hotel96.com\/wp-content\/uploads\/2026\/03\/panier-768x428.png 768w, https:\/\/hotel96.com\/wp-content\/uploads\/2026\/03\/panier.png 1052w\" sizes=\"(max-width: 800px) 100vw, 800px\" \/>\t\t\t\t\t\t\t\t\t\t\t\t\t\t\t<\/div>\n\t\t\t\t<\/div>\n\t\t\t\t\t<\/div>\n\t\t\t\t<\/div>\n\t\t<div class=\"elementor-element elementor-element-4da3eb07 e-con-full e-flex e-con e-parent\" data-id=\"4da3eb07\" data-element_type=\"container\" data-e-type=\"container\" data-settings=\"{&quot;background_background&quot;:&quot;classic&quot;}\">\n\t\t<div class=\"elementor-element elementor-element-7286c22b e-con-full e-flex e-con e-child\" data-id=\"7286c22b\" data-element_type=\"container\" data-e-type=\"container\">\n\t\t\t\t<div class=\"elementor-element elementor-element-625edfec elementor-widget elementor-widget-text-editor\" data-id=\"625edfec\" data-element_type=\"widget\" data-e-type=\"widget\" data-widget_type=\"text-editor.default\">\n\t\t\t\t\t\t\t\t\t<p><strong>Rejoindre le centre-ville <\/strong><\/p><p>Lors de votre s\u00e9jour au 96, vous pourrez partir pour une escapade en ville apr\u00e8s avoir pris votre petit d\u00e9jeuner dans notre jardin, berc\u00e9 par le chant des oiseaux.<\/p><p>Si vous \u00eates v\u00e9hicul\u00e9s, le centre-ville se situe \u00e0 20-30 minutes de l\u2019h\u00f4tel, selon le trafic. Vous pourrez vous garer dans l\u2019un des parkings s\u00e9curis\u00e9s du Vieux Port puis vous d\u00e9placer \u00e0 pied. Vous pouvez \u00e9galement acc\u00e9der au centre-ville par les transports en commun. Les arr\u00eats de bus 22 et 23 se situent \u00e0 moins de 400 m\u00e8tres de l\u2019h\u00f4tel et vous conduiront au rond-point du Prado. A partir de l\u00e0, vous pourrez opter pour le m\u00e9tro pour arriver rapidement dans le centre, ou bien prendre le bus 83 pour rejoindre le Vieux port par la route panoramique de la Corniche.<\/p><p><strong>Balade du Mucem \u00e0 la Bonne M\u00e8re en passant par le Panier <\/strong><\/p><p>Le Mucem est un incontournable, pour ses points de vue sur le Vieux Port et sur la rade de Marseille, ainsi que pour son architecture. Vous pourrez y d\u00e9couvrir de belles expos rendant souvent hommage aux cultures m\u00e9diterran\u00e9enne. L\u2019acc\u00e8s au mus\u00e9e est gratuit si vous souhaitez simplement vous balader sur ses terrasses et passerelles permettant d\u2019appr\u00e9cier le contraste de styles architecturaux entre le Mucem et le fort Saint Jean.<\/p><p>Juste \u00e0 c\u00f4t\u00e9, se trouve la grotte la r\u00e9plique de la Grotte Cosquer, une grotte sous-marine pal\u00e9olithique situ\u00e9e pr\u00e8s du Cap Morgiou. La visite de la grotte Cosquer est une activit\u00e9 id\u00e9ale pour les (rares) journ\u00e9es pluvieuses \u00e0 Marseille. Cette activit\u00e9 est tout \u00e0 fait adapt\u00e9e avec des enfants car la visite se fait \u00e0 bord d\u2019un wagon.<\/p><p>Au d\u00e9part du Mucem, vous pouvez vous balader dans le Panier, le quartier le plus ancien de Marseille. Pour profiter de ce quartier mythique, le meilleur moyen est de fl\u00e2ner jusqu\u2019\u00e0 se perdre dans les ruelles \u00e9troites. La convivialit\u00e9 et la douce ambiance qui y r\u00e8gnent sont agr\u00e9ables. Entre petites terrasses de caf\u00e9, fa\u00e7ades color\u00e9es de street-art, et petites boutiques de cr\u00e9ateurs, vous ne saurez plus o\u00f9 donner de la t\u00eate : c\u2019est un vrai mus\u00e9e \u00e0 ciel ouvert ! S\u2019il faut une bonne forme physique pour monter et descendre les escaliers, l\u2019effort sera r\u00e9compens\u00e9 par la spontan\u00e9it\u00e9 m\u00e9diterran\u00e9enne des habitants de ce quartier populaire, et la vue imprenable sur la grande Bleue.<\/p><p>En sortant du Panier, nous aimons fl\u00e2ner sur le Vieux Port. Pour rejoindre l\u2019autre rive et monter jusqu\u2019\u00e0 la Bonne M\u00e8re, il est possible de prendre le Ferry Boat, qui va d\u2019une rive \u00e0 l\u2019autre.<\/p><p>Le bus n\u00b060 va du Mucem jusqu\u2019\u00e0 la Bonne M\u00e8re.<\/p><p>Le petit train part de l\u2019h\u00f4tel de Ville pour faire un circuit sur la Corniche et monter jusqu\u2019\u00e0 la Bonne M\u00e8re.<\/p><p><strong>Visite du Mus\u00e9e Cantini et balade au Cours Julien <\/strong><\/p><p>Si vous aimez l\u2019art moderne, vous allez adorer le mus\u00e9e Cantini, situ\u00e9 en plein centre-ville\u00a0! Il s\u2019agit d\u2019un petit mus\u00e9e avec de belles \u0153uvres permanentes et des expositions temporaires toujours int\u00e9ressantes. De passage dans le centre, nous vous recommandons de d\u00e9guster une bonne glace de chez Vanille Noire, face \u00e0 l\u2019op\u00e9ra.<\/p><p>En sortant du Mus\u00e9e Cantini, vous serez \u00e0 quelques minutes \u00e0 pied du cours Julien, le quartier \u00ab bobo \u00bb, qui vous permettra de chiner tout en profitant du calme ! Ce quartier est le plus grand quartier en France d\u00e9di\u00e9 au street art. Laissez-vous porter par les rues de ce quartier haut en couleurs. C\u2019est un v\u00e9ritable esprit de quartier, une atmosph\u00e8re que l\u2019on appr\u00e9cie, tr\u00e8s atypique, surtout lorsque l\u2019on tombe sur les fameux march\u00e9s du quartier : march\u00e9 de la plaine, march\u00e9 paysan, march\u00e9 des cr\u00e9ateurs, march\u00e9 bio, etc.<\/p>\t\t\t\t\t\t\t\t<\/div>\n\t\t\t\t<\/div>\n\t\t\t\t<\/div>\n\t\t<div class=\"elementor-element elementor-element-96e5e61 e-flex e-con-boxed e-con e-parent\" data-id=\"96e5e61\" data-element_type=\"container\" data-e-type=\"container\" data-settings=\"{&quot;background_background&quot;:&quot;classic&quot;}\">\n\t\t\t\t\t<div class=\"e-con-inner\">\n\t\t\t\t<div class=\"elementor-element elementor-element-38e081c elementor-mobile-align-center elementor-align-center elementor-widget elementor-widget-global elementor-global-1319 elementor-widget-button\" data-id=\"38e081c\" data-element_type=\"widget\" data-e-type=\"widget\" data-widget_type=\"button.default\">\n\t\t\t\t\t\t\t\t\t\t<a class=\"elementor-button elementor-button-link elementor-size-sm\" href=\"https:\/\/hotel96.com\/index.php\/c-marseille-bb\/\">\n\t\t\t\t\t\t<span class=\"elementor-button-content-wrapper\">\n\t\t\t\t\t\t\t\t\t<span class=\"elementor-button-text\">Retour<\/span>\n\t\t\t\t\t<\/span>\n\t\t\t\t\t<\/a>\n\t\t\t\t\t\t\t\t<\/div>\n\t\t\t\t\t<\/div>\n\t\t\t\t<\/div>\n\t\t\t\t<\/div>\n\t\t","protected":false},"excerpt":{"rendered":"<p>Escapade dans le centre-ville Rejoindre le centre-ville Lors de votre s\u00e9jour au 96, vous pourrez partir pour une escapade en ville apr\u00e8s avoir pris votre petit d\u00e9jeuner dans notre jardin, berc\u00e9 par le chant des oiseaux. Si vous \u00eates v\u00e9hicul\u00e9s, le centre-ville se situe \u00e0 20-30 minutes de l\u2019h\u00f4tel, selon le trafic. Vous pourrez vous [&hellip;]<\/p>\n","protected":false},"author":1,"featured_media":0,"parent":89,"menu_order":0,"comment_status":"closed","ping_status":"closed","template":"","meta":{"footnotes":""},"class_list":["post-1019","page","type-page","status-publish","hentry"],"yoast_head":"<!-- This site is optimized with the Yoast SEO plugin v27.3 - https:\/\/yoast.com\/product\/yoast-seo-wordpress\/ -->\n<title>Escapade dans le centre-ville - H\u00f4tel 96<\/title>\n<meta name=\"robots\" content=\"index, follow, max-snippet:-1, max-image-preview:large, max-video-preview:-1\" \/>\n<link rel=\"canonical\" href=\"https:\/\/hotel96.com\/index.php\/c-marseille-bb\/escapade-dans-le-centre-ville\/\" \/>\n<meta property=\"og:locale\" content=\"fr_FR\" \/>\n<meta property=\"og:type\" content=\"article\" \/>\n<meta property=\"og:title\" content=\"Escapade dans le centre-ville - H\u00f4tel 96\" \/>\n<meta property=\"og:description\" content=\"Escapade dans le centre-ville Rejoindre le centre-ville Lors de votre s\u00e9jour au 96, vous pourrez partir pour une escapade en ville apr\u00e8s avoir pris votre petit d\u00e9jeuner dans notre jardin, berc\u00e9 par le chant des oiseaux. Si vous \u00eates v\u00e9hicul\u00e9s, le centre-ville se situe \u00e0 20-30 minutes de l\u2019h\u00f4tel, selon le trafic. Vous pourrez vous [&hellip;]\" \/>\n<meta property=\"og:url\" content=\"https:\/\/hotel96.com\/index.php\/c-marseille-bb\/escapade-dans-le-centre-ville\/\" \/>\n<meta property=\"og:site_name\" content=\"H\u00f4tel 96\" \/>\n<meta property=\"article:publisher\" content=\"https:\/\/www.facebook.com\/Htel-96-301720049863669\/\" \/>\n<meta property=\"article:modified_time\" content=\"2026-04-05T14:10:02+00:00\" \/>\n<meta property=\"og:image\" content=\"https:\/\/hotel96.com\/wp-content\/uploads\/2026\/03\/panier-1024x570.png\" \/>\n<meta name=\"twitter:card\" content=\"summary_large_image\" \/>\n<meta name=\"twitter:label1\" content=\"Dur\u00e9e de lecture estim\u00e9e\" \/>\n\t<meta name=\"twitter:data1\" content=\"3 minutes\" \/>\n<script type=\"application\/ld+json\" class=\"yoast-schema-graph\">{\"@context\":\"https:\\\/\\\/schema.org\",\"@graph\":[{\"@type\":\"WebPage\",\"@id\":\"https:\\\/\\\/hotel96.com\\\/index.php\\\/c-marseille-bb\\\/escapade-dans-le-centre-ville\\\/\",\"url\":\"https:\\\/\\\/hotel96.com\\\/index.php\\\/c-marseille-bb\\\/escapade-dans-le-centre-ville\\\/\",\"name\":\"Escapade dans le centre-ville - H\u00f4tel 96\",\"isPartOf\":{\"@id\":\"https:\\\/\\\/hotel96.com\\\/#website\"},\"primaryImageOfPage\":{\"@id\":\"https:\\\/\\\/hotel96.com\\\/index.php\\\/c-marseille-bb\\\/escapade-dans-le-centre-ville\\\/#primaryimage\"},\"image\":{\"@id\":\"https:\\\/\\\/hotel96.com\\\/index.php\\\/c-marseille-bb\\\/escapade-dans-le-centre-ville\\\/#primaryimage\"},\"thumbnailUrl\":\"https:\\\/\\\/hotel96.com\\\/wp-content\\\/uploads\\\/2026\\\/03\\\/panier-1024x570.png\",\"datePublished\":\"2026-03-18T16:52:09+00:00\",\"dateModified\":\"2026-04-05T14:10:02+00:00\",\"breadcrumb\":{\"@id\":\"https:\\\/\\\/hotel96.com\\\/index.php\\\/c-marseille-bb\\\/escapade-dans-le-centre-ville\\\/#breadcrumb\"},\"inLanguage\":\"fr-FR\",\"potentialAction\":[{\"@type\":\"ReadAction\",\"target\":[\"https:\\\/\\\/hotel96.com\\\/index.php\\\/c-marseille-bb\\\/escapade-dans-le-centre-ville\\\/\"]}]},{\"@type\":\"ImageObject\",\"inLanguage\":\"fr-FR\",\"@id\":\"https:\\\/\\\/hotel96.com\\\/index.php\\\/c-marseille-bb\\\/escapade-dans-le-centre-ville\\\/#primaryimage\",\"url\":\"https:\\\/\\\/hotel96.com\\\/wp-content\\\/uploads\\\/2026\\\/03\\\/panier.png\",\"contentUrl\":\"https:\\\/\\\/hotel96.com\\\/wp-content\\\/uploads\\\/2026\\\/03\\\/panier.png\",\"width\":1052,\"height\":586},{\"@type\":\"BreadcrumbList\",\"@id\":\"https:\\\/\\\/hotel96.com\\\/index.php\\\/c-marseille-bb\\\/escapade-dans-le-centre-ville\\\/#breadcrumb\",\"itemListElement\":[{\"@type\":\"ListItem\",\"position\":1,\"name\":\"Accueil\",\"item\":\"https:\\\/\\\/hotel96.com\\\/index.php\\\/fr\\\/accueil\\\/\"},{\"@type\":\"ListItem\",\"position\":2,\"name\":\"C \u00a0MARSEILLE \u00a0BB !!\",\"item\":\"https:\\\/\\\/hotel96.com\\\/index.php\\\/fr\\\/c-marseille-bb\\\/\"},{\"@type\":\"ListItem\",\"position\":3,\"name\":\"Escapade dans le centre-ville\"}]},{\"@type\":\"WebSite\",\"@id\":\"https:\\\/\\\/hotel96.com\\\/#website\",\"url\":\"https:\\\/\\\/hotel96.com\\\/\",\"name\":\"H\u00f4tel 96 - Marseille\",\"description\":\"\",\"publisher\":{\"@id\":\"https:\\\/\\\/hotel96.com\\\/#organization\"},\"potentialAction\":[{\"@type\":\"SearchAction\",\"target\":{\"@type\":\"EntryPoint\",\"urlTemplate\":\"https:\\\/\\\/hotel96.com\\\/?s={search_term_string}\"},\"query-input\":{\"@type\":\"PropertyValueSpecification\",\"valueRequired\":true,\"valueName\":\"search_term_string\"}}],\"inLanguage\":\"fr-FR\"},{\"@type\":\"Organization\",\"@id\":\"https:\\\/\\\/hotel96.com\\\/#organization\",\"name\":\"H\u00f4tel 96 - Mareille\",\"url\":\"https:\\\/\\\/hotel96.com\\\/\",\"logo\":{\"@type\":\"ImageObject\",\"inLanguage\":\"fr-FR\",\"@id\":\"https:\\\/\\\/hotel96.com\\\/#\\\/schema\\\/logo\\\/image\\\/\",\"url\":\"https:\\\/\\\/hotel96.com\\\/wp-content\\\/uploads\\\/2025\\\/12\\\/logo.png\",\"contentUrl\":\"https:\\\/\\\/hotel96.com\\\/wp-content\\\/uploads\\\/2025\\\/12\\\/logo.png\",\"width\":278,\"height\":85,\"caption\":\"H\u00f4tel 96 - Mareille\"},\"image\":{\"@id\":\"https:\\\/\\\/hotel96.com\\\/#\\\/schema\\\/logo\\\/image\\\/\"},\"sameAs\":[\"https:\\\/\\\/www.facebook.com\\\/Htel-96-301720049863669\\\/\",\"https:\\\/\\\/www.instagram.com\\\/hotel_96\\\/\",\"https:\\\/\\\/www.tripadvisor.fr\\\/Hotel_Review-g187253-d3802131-Reviews-Hotel_96-Marseille_Bouches_du_Rhone_Provence_Alpes_Cote_d_Azur.html\",\"https:\\\/\\\/www.linkedin.com\\\/company\\\/hotel-96\\\/\"]}]}<\/script>\n<!-- \/ Yoast SEO plugin. -->","yoast_head_json":{"title":"Escapade dans le centre-ville - H\u00f4tel 96","robots":{"index":"index","follow":"follow","max-snippet":"max-snippet:-1","max-image-preview":"max-image-preview:large","max-video-preview":"max-video-preview:-1"},"canonical":"https:\/\/hotel96.com\/index.php\/c-marseille-bb\/escapade-dans-le-centre-ville\/","og_locale":"fr_FR","og_type":"article","og_title":"Escapade dans le centre-ville - H\u00f4tel 96","og_description":"Escapade dans le centre-ville Rejoindre le centre-ville Lors de votre s\u00e9jour au 96, vous pourrez partir pour une escapade en ville apr\u00e8s avoir pris votre petit d\u00e9jeuner dans notre jardin, berc\u00e9 par le chant des oiseaux. Si vous \u00eates v\u00e9hicul\u00e9s, le centre-ville se situe \u00e0 20-30 minutes de l\u2019h\u00f4tel, selon le trafic. Vous pourrez vous [&hellip;]","og_url":"https:\/\/hotel96.com\/index.php\/c-marseille-bb\/escapade-dans-le-centre-ville\/","og_site_name":"H\u00f4tel 96","article_publisher":"https:\/\/www.facebook.com\/Htel-96-301720049863669\/","article_modified_time":"2026-04-05T14:10:02+00:00","og_image":[{"url":"https:\/\/hotel96.com\/wp-content\/uploads\/2026\/03\/panier-1024x570.png","type":"","width":"","height":""}],"twitter_card":"summary_large_image","twitter_misc":{"Dur\u00e9e de lecture estim\u00e9e":"3 minutes"},"schema":{"@context":"https:\/\/schema.org","@graph":[{"@type":"WebPage","@id":"https:\/\/hotel96.com\/index.php\/c-marseille-bb\/escapade-dans-le-centre-ville\/","url":"https:\/\/hotel96.com\/index.php\/c-marseille-bb\/escapade-dans-le-centre-ville\/","name":"Escapade dans le centre-ville - H\u00f4tel 96","isPartOf":{"@id":"https:\/\/hotel96.com\/#website"},"primaryImageOfPage":{"@id":"https:\/\/hotel96.com\/index.php\/c-marseille-bb\/escapade-dans-le-centre-ville\/#primaryimage"},"image":{"@id":"https:\/\/hotel96.com\/index.php\/c-marseille-bb\/escapade-dans-le-centre-ville\/#primaryimage"},"thumbnailUrl":"https:\/\/hotel96.com\/wp-content\/uploads\/2026\/03\/panier-1024x570.png","datePublished":"2026-03-18T16:52:09+00:00","dateModified":"2026-04-05T14:10:02+00:00","breadcrumb":{"@id":"https:\/\/hotel96.com\/index.php\/c-marseille-bb\/escapade-dans-le-centre-ville\/#breadcrumb"},"inLanguage":"fr-FR","potentialAction":[{"@type":"ReadAction","target":["https:\/\/hotel96.com\/index.php\/c-marseille-bb\/escapade-dans-le-centre-ville\/"]}]},{"@type":"ImageObject","inLanguage":"fr-FR","@id":"https:\/\/hotel96.com\/index.php\/c-marseille-bb\/escapade-dans-le-centre-ville\/#primaryimage","url":"https:\/\/hotel96.com\/wp-content\/uploads\/2026\/03\/panier.png","contentUrl":"https:\/\/hotel96.com\/wp-content\/uploads\/2026\/03\/panier.png","width":1052,"height":586},{"@type":"BreadcrumbList","@id":"https:\/\/hotel96.com\/index.php\/c-marseille-bb\/escapade-dans-le-centre-ville\/#breadcrumb","itemListElement":[{"@type":"ListItem","position":1,"name":"Accueil","item":"https:\/\/hotel96.com\/index.php\/fr\/accueil\/"},{"@type":"ListItem","position":2,"name":"C \u00a0MARSEILLE \u00a0BB !!","item":"https:\/\/hotel96.com\/index.php\/fr\/c-marseille-bb\/"},{"@type":"ListItem","position":3,"name":"Escapade dans le centre-ville"}]},{"@type":"WebSite","@id":"https:\/\/hotel96.com\/#website","url":"https:\/\/hotel96.com\/","name":"H\u00f4tel 96 - Marseille","description":"","publisher":{"@id":"https:\/\/hotel96.com\/#organization"},"potentialAction":[{"@type":"SearchAction","target":{"@type":"EntryPoint","urlTemplate":"https:\/\/hotel96.com\/?s={search_term_string}"},"query-input":{"@type":"PropertyValueSpecification","valueRequired":true,"valueName":"search_term_string"}}],"inLanguage":"fr-FR"},{"@type":"Organization","@id":"https:\/\/hotel96.com\/#organization","name":"H\u00f4tel 96 - Mareille","url":"https:\/\/hotel96.com\/","logo":{"@type":"ImageObject","inLanguage":"fr-FR","@id":"https:\/\/hotel96.com\/#\/schema\/logo\/image\/","url":"https:\/\/hotel96.com\/wp-content\/uploads\/2025\/12\/logo.png","contentUrl":"https:\/\/hotel96.com\/wp-content\/uploads\/2025\/12\/logo.png","width":278,"height":85,"caption":"H\u00f4tel 96 - Mareille"},"image":{"@id":"https:\/\/hotel96.com\/#\/schema\/logo\/image\/"},"sameAs":["https:\/\/www.facebook.com\/Htel-96-301720049863669\/","https:\/\/www.instagram.com\/hotel_96\/","https:\/\/www.tripadvisor.fr\/Hotel_Review-g187253-d3802131-Reviews-Hotel_96-Marseille_Bouches_du_Rhone_Provence_Alpes_Cote_d_Azur.html","https:\/\/www.linkedin.com\/company\/hotel-96\/"]}]}},"_links":{"self":[{"href":"https:\/\/hotel96.com\/index.php\/wp-json\/wp\/v2\/pages\/1019","targetHints":{"allow":["GET"]}}],"collection":[{"href":"https:\/\/hotel96.com\/index.php\/wp-json\/wp\/v2\/pages"}],"about":[{"href":"https:\/\/hotel96.com\/index.php\/wp-json\/wp\/v2\/types\/page"}],"author":[{"embeddable":true,"href":"https:\/\/hotel96.com\/index.php\/wp-json\/wp\/v2\/users\/1"}],"replies":[{"embeddable":true,"href":"https:\/\/hotel96.com\/index.php\/wp-json\/wp\/v2\/comments?post=1019"}],"version-history":[{"count":20,"href":"https:\/\/hotel96.com\/index.php\/wp-json\/wp\/v2\/pages\/1019\/revisions"}],"predecessor-version":[{"id":2195,"href":"https:\/\/hotel96.com\/index.php\/wp-json\/wp\/v2\/pages\/1019\/revisions\/2195"}],"up":[{"embeddable":true,"href":"https:\/\/hotel96.com\/index.php\/wp-json\/wp\/v2\/pages\/89"}],"wp:attachment":[{"href":"https:\/\/hotel96.com\/index.php\/wp-json\/wp\/v2\/media?parent=1019"}],"curies":[{"name":"wp","href":"https:\/\/api.w.org\/{rel}","templated":true}]}}