{"id":1004,"date":"2026-03-18T16:10:25","date_gmt":"2026-03-18T15:10:25","guid":{"rendered":"https:\/\/hotel.tribalt.agency\/?page_id=1004"},"modified":"2026-04-05T16:00:27","modified_gmt":"2026-04-05T14:00:27","slug":"marseille-cote-mer","status":"publish","type":"page","link":"https:\/\/hotel96.com\/index.php\/c-marseille-bb\/marseille-cote-mer\/","title":{"rendered":"Marseille c\u00f4t\u00e9 mer"},"content":{"rendered":"\t\t<div data-elementor-type=\"wp-page\" data-elementor-id=\"1004\" class=\"elementor elementor-1004\" data-elementor-post-type=\"page\">\n\t\t\t\t<div class=\"elementor-element elementor-element-664d810c e-flex e-con-boxed e-con e-parent\" data-id=\"664d810c\" data-element_type=\"container\" data-e-type=\"container\" data-settings=\"{&quot;background_background&quot;:&quot;classic&quot;}\">\n\t\t\t\t\t<div class=\"e-con-inner\">\n\t\t\t\t<div class=\"elementor-element elementor-element-14caaa71 elementor-widget elementor-widget-heading\" data-id=\"14caaa71\" data-element_type=\"widget\" data-e-type=\"widget\" data-widget_type=\"heading.default\">\n\t\t\t\t\t<h2 class=\"elementor-heading-title elementor-size-default\">Marseille c\u00f4t\u00e9 mer  <\/h2>\t\t\t\t<\/div>\n\t\t\t\t\t<\/div>\n\t\t\t\t<\/div>\n\t\t<div class=\"elementor-element elementor-element-6e3b7829 e-con-full e-flex e-con e-parent\" data-id=\"6e3b7829\" data-element_type=\"container\" data-e-type=\"container\" data-settings=\"{&quot;background_background&quot;:&quot;classic&quot;}\">\n\t\t<div class=\"elementor-element elementor-element-2ab3febf e-con-full e-flex e-con e-child\" data-id=\"2ab3febf\" data-element_type=\"container\" data-e-type=\"container\">\n\t\t\t\t<div class=\"elementor-element elementor-element-3d727415 elementor-widget elementor-widget-image\" data-id=\"3d727415\" data-element_type=\"widget\" data-e-type=\"widget\" data-widget_type=\"image.default\">\n\t\t\t\t\t\t\t\t\t\t\t\t\t\t\t<img fetchpriority=\"high\" decoding=\"async\" width=\"800\" height=\"591\" src=\"https:\/\/hotel96.com\/wp-content\/uploads\/2026\/03\/voile-1024x756.png\" class=\"attachment-large size-large wp-image-1012\" alt=\"\" srcset=\"https:\/\/hotel96.com\/wp-content\/uploads\/2026\/03\/voile-1024x756.png 1024w, https:\/\/hotel96.com\/wp-content\/uploads\/2026\/03\/voile-300x221.png 300w, https:\/\/hotel96.com\/wp-content\/uploads\/2026\/03\/voile-768x567.png 768w, https:\/\/hotel96.com\/wp-content\/uploads\/2026\/03\/voile.png 1134w\" sizes=\"(max-width: 800px) 100vw, 800px\" \/>\t\t\t\t\t\t\t\t\t\t\t\t\t\t\t<\/div>\n\t\t\t\t<div class=\"elementor-element elementor-element-67e52770 elementor-widget elementor-widget-text-editor\" data-id=\"67e52770\" data-element_type=\"widget\" data-e-type=\"widget\" data-widget_type=\"text-editor.default\">\n\t\t\t\t\t\t\t\t\t<p><strong>Marcher dans les calanques <\/strong><\/p><p>Les calanques les plus proches de l\u2019h\u00f4tel sont celles de Sormiou et de Morgiou (rendez-vous dans notre rubrique \u00ab\u00a0autour du 96\u00a0\u00bb pour des id\u00e9es de rando de ce c\u00f4t\u00e9 du parc).<\/p><p>Nous vous recommandons \u00e9galement celles de Sugiton et de Marseilleveyre, puis du c\u00f4t\u00e9 de Cassis, celles de Port Pin et En-Vau.<\/p><p>L\u2019acc\u00e8s \u00e0 la calanque de Sugiton est d\u00e9sormais r\u00e9glement\u00e9 en saison\u00a0estivale, il faut s\u2019inscrire en ligne et le nombre de personnes par jour est limit\u00e9.<\/p><p>De mani\u00e8re g\u00e9n\u00e9rale, nous vous recommandons de marcher dans les calanques t\u00f4t le matin, surtout si vous y allez le week-end. Les paysages sont encore plus beaux et il y a moins de monde.\u00a0<\/p><p>Si vous souhaitez combiner votre balade dans les calanques avec la d\u00e9couverte de la flore, nous vous recommandons les services de Philippe, un guide naturaliste d\u2019exception.<\/p><p><strong>D\u00e9jeuner Chez le Belge <\/strong><\/p><p>Si vous vous rendez \u00e0 la calanque de Marseilleveyre, vous pourrez d\u00e9jeuner chez Le Belge\u00a0! Un restaurant compl\u00e8tement insolite, sans \u00e9lectricit\u00e9 ni eau courante, avec 2\/3 plats \u00e0 la carte. L\u00e0-bas, on prend son temps, on mange \u00e0 la bonne franquette dans un lieu tout simplement hors du temps.\u00a0<\/p><p><strong>Prendre un pot au 20.000 lieues sous la bi\u00e8re <\/strong><\/p><p>Au retour d\u2019une balade \u00e0 la calanque de Marseilleveyre ou d\u2019une portion du GR finissant \u00e0 Callelongue, nous vous recommandons grandement de faire un petit stop au 20,000 lieues sous la bi\u00e8re. Vous pourrez y d\u00e9guster une bonne bi\u00e8re dans une ambiance sympathique. Magnifiques couch\u00e9s de soleil.<\/p><p><strong>Explorer les calanques par la mer en mobilit\u00e9 douce <\/strong>\u00a0<\/p><p>Si vous \u00eates plut\u00f4t team mer que randonn\u00e9e, vous pouvez vous rendre dans les calanques en naviguant\u00a0! Les prestataire \u00ab\u00a0Destination Calanques\u00a0\u00bb et \u00ab\u00a0Raskas Kayak\u00a0\u00bb proposent des randonn\u00e9es en Kayak inoubliables sur une demi-journ\u00e9e ou sur la journ\u00e9e compl\u00e8te.<\/p><p>Pour les sorties en catamaran, vous pouvez contacter Bleu Evasion.\u00a0<\/p><p><strong>Profiter des activit\u00e9s nautiques sur la c\u00f4te <\/strong><\/p><p>Le Yachting Club de la Pointe Rouge propose des initiations et excursions en voilier, planche \u00e0 voile, hobie cat et kitesurf.\u00a0<\/p><p>Vous pouvez aussi explorer les fonds marins en plong\u00e9e avec Dune plong\u00e9e, situ\u00e9 sur le port de la Pointe Rouge.<\/p>\t\t\t\t\t\t\t\t<\/div>\n\t\t\t\t<\/div>\n\t\t\t\t<\/div>\n\t\t<div class=\"elementor-element elementor-element-a81ee3f e-flex e-con-boxed e-con e-parent\" data-id=\"a81ee3f\" data-element_type=\"container\" data-e-type=\"container\" data-settings=\"{&quot;background_background&quot;:&quot;classic&quot;}\">\n\t\t\t\t\t<div class=\"e-con-inner\">\n\t\t\t\t<div class=\"elementor-element elementor-element-523f21c elementor-mobile-align-center elementor-align-center elementor-widget elementor-widget-global elementor-global-1319 elementor-widget-button\" data-id=\"523f21c\" data-element_type=\"widget\" data-e-type=\"widget\" data-widget_type=\"button.default\">\n\t\t\t\t\t\t\t\t\t\t<a class=\"elementor-button elementor-button-link elementor-size-sm\" href=\"https:\/\/hotel96.com\/index.php\/c-marseille-bb\/\">\n\t\t\t\t\t\t<span class=\"elementor-button-content-wrapper\">\n\t\t\t\t\t\t\t\t\t<span class=\"elementor-button-text\">Retour<\/span>\n\t\t\t\t\t<\/span>\n\t\t\t\t\t<\/a>\n\t\t\t\t\t\t\t\t<\/div>\n\t\t\t\t\t<\/div>\n\t\t\t\t<\/div>\n\t\t\t\t<\/div>\n\t\t","protected":false},"excerpt":{"rendered":"<p>Marseille c\u00f4t\u00e9 mer Marcher dans les calanques Les calanques les plus proches de l\u2019h\u00f4tel sont celles de Sormiou et de Morgiou (rendez-vous dans notre rubrique \u00ab\u00a0autour du 96\u00a0\u00bb pour des id\u00e9es de rando de ce c\u00f4t\u00e9 du parc). Nous vous recommandons \u00e9galement celles de Sugiton et de Marseilleveyre, puis du c\u00f4t\u00e9 de Cassis, celles de [&hellip;]<\/p>\n","protected":false},"author":1,"featured_media":0,"parent":89,"menu_order":0,"comment_status":"closed","ping_status":"closed","template":"","meta":{"footnotes":""},"class_list":["post-1004","page","type-page","status-publish","hentry"],"yoast_head":"<!-- This site is optimized with the Yoast SEO plugin v27.3 - https:\/\/yoast.com\/product\/yoast-seo-wordpress\/ -->\n<title>Marseille c\u00f4t\u00e9 mer - H\u00f4tel 96<\/title>\n<meta name=\"robots\" content=\"index, follow, max-snippet:-1, max-image-preview:large, max-video-preview:-1\" \/>\n<link rel=\"canonical\" href=\"https:\/\/hotel96.com\/index.php\/c-marseille-bb\/marseille-cote-mer\/\" \/>\n<meta property=\"og:locale\" content=\"fr_FR\" \/>\n<meta property=\"og:type\" content=\"article\" \/>\n<meta property=\"og:title\" content=\"Marseille c\u00f4t\u00e9 mer - H\u00f4tel 96\" \/>\n<meta property=\"og:description\" content=\"Marseille c\u00f4t\u00e9 mer Marcher dans les calanques Les calanques les plus proches de l\u2019h\u00f4tel sont celles de Sormiou et de Morgiou (rendez-vous dans notre rubrique \u00ab\u00a0autour du 96\u00a0\u00bb pour des id\u00e9es de rando de ce c\u00f4t\u00e9 du parc). Nous vous recommandons \u00e9galement celles de Sugiton et de Marseilleveyre, puis du c\u00f4t\u00e9 de Cassis, celles de [&hellip;]\" \/>\n<meta property=\"og:url\" content=\"https:\/\/hotel96.com\/index.php\/c-marseille-bb\/marseille-cote-mer\/\" \/>\n<meta property=\"og:site_name\" content=\"H\u00f4tel 96\" \/>\n<meta property=\"article:publisher\" content=\"https:\/\/www.facebook.com\/Htel-96-301720049863669\/\" \/>\n<meta property=\"article:modified_time\" content=\"2026-04-05T14:00:27+00:00\" \/>\n<meta property=\"og:image\" content=\"https:\/\/hotel96.com\/wp-content\/uploads\/2026\/03\/voile-1024x756.png\" \/>\n<meta name=\"twitter:card\" content=\"summary_large_image\" \/>\n<meta name=\"twitter:label1\" content=\"Dur\u00e9e de lecture estim\u00e9e\" \/>\n\t<meta name=\"twitter:data1\" content=\"2 minutes\" \/>\n<script type=\"application\/ld+json\" class=\"yoast-schema-graph\">{\"@context\":\"https:\\\/\\\/schema.org\",\"@graph\":[{\"@type\":\"WebPage\",\"@id\":\"https:\\\/\\\/hotel96.com\\\/index.php\\\/c-marseille-bb\\\/marseille-cote-mer\\\/\",\"url\":\"https:\\\/\\\/hotel96.com\\\/index.php\\\/c-marseille-bb\\\/marseille-cote-mer\\\/\",\"name\":\"Marseille c\u00f4t\u00e9 mer - H\u00f4tel 96\",\"isPartOf\":{\"@id\":\"https:\\\/\\\/hotel96.com\\\/#website\"},\"primaryImageOfPage\":{\"@id\":\"https:\\\/\\\/hotel96.com\\\/index.php\\\/c-marseille-bb\\\/marseille-cote-mer\\\/#primaryimage\"},\"image\":{\"@id\":\"https:\\\/\\\/hotel96.com\\\/index.php\\\/c-marseille-bb\\\/marseille-cote-mer\\\/#primaryimage\"},\"thumbnailUrl\":\"https:\\\/\\\/hotel96.com\\\/wp-content\\\/uploads\\\/2026\\\/03\\\/voile-1024x756.png\",\"datePublished\":\"2026-03-18T15:10:25+00:00\",\"dateModified\":\"2026-04-05T14:00:27+00:00\",\"breadcrumb\":{\"@id\":\"https:\\\/\\\/hotel96.com\\\/index.php\\\/c-marseille-bb\\\/marseille-cote-mer\\\/#breadcrumb\"},\"inLanguage\":\"fr-FR\",\"potentialAction\":[{\"@type\":\"ReadAction\",\"target\":[\"https:\\\/\\\/hotel96.com\\\/index.php\\\/c-marseille-bb\\\/marseille-cote-mer\\\/\"]}]},{\"@type\":\"ImageObject\",\"inLanguage\":\"fr-FR\",\"@id\":\"https:\\\/\\\/hotel96.com\\\/index.php\\\/c-marseille-bb\\\/marseille-cote-mer\\\/#primaryimage\",\"url\":\"https:\\\/\\\/hotel96.com\\\/wp-content\\\/uploads\\\/2026\\\/03\\\/voile.png\",\"contentUrl\":\"https:\\\/\\\/hotel96.com\\\/wp-content\\\/uploads\\\/2026\\\/03\\\/voile.png\",\"width\":1134,\"height\":837},{\"@type\":\"BreadcrumbList\",\"@id\":\"https:\\\/\\\/hotel96.com\\\/index.php\\\/c-marseille-bb\\\/marseille-cote-mer\\\/#breadcrumb\",\"itemListElement\":[{\"@type\":\"ListItem\",\"position\":1,\"name\":\"Accueil\",\"item\":\"https:\\\/\\\/hotel96.com\\\/index.php\\\/fr\\\/accueil\\\/\"},{\"@type\":\"ListItem\",\"position\":2,\"name\":\"C \u00a0MARSEILLE \u00a0BB !!\",\"item\":\"https:\\\/\\\/hotel96.com\\\/index.php\\\/fr\\\/c-marseille-bb\\\/\"},{\"@type\":\"ListItem\",\"position\":3,\"name\":\"Marseille c\u00f4t\u00e9 mer\"}]},{\"@type\":\"WebSite\",\"@id\":\"https:\\\/\\\/hotel96.com\\\/#website\",\"url\":\"https:\\\/\\\/hotel96.com\\\/\",\"name\":\"H\u00f4tel 96 - Marseille\",\"description\":\"\",\"publisher\":{\"@id\":\"https:\\\/\\\/hotel96.com\\\/#organization\"},\"potentialAction\":[{\"@type\":\"SearchAction\",\"target\":{\"@type\":\"EntryPoint\",\"urlTemplate\":\"https:\\\/\\\/hotel96.com\\\/?s={search_term_string}\"},\"query-input\":{\"@type\":\"PropertyValueSpecification\",\"valueRequired\":true,\"valueName\":\"search_term_string\"}}],\"inLanguage\":\"fr-FR\"},{\"@type\":\"Organization\",\"@id\":\"https:\\\/\\\/hotel96.com\\\/#organization\",\"name\":\"H\u00f4tel 96 - Mareille\",\"url\":\"https:\\\/\\\/hotel96.com\\\/\",\"logo\":{\"@type\":\"ImageObject\",\"inLanguage\":\"fr-FR\",\"@id\":\"https:\\\/\\\/hotel96.com\\\/#\\\/schema\\\/logo\\\/image\\\/\",\"url\":\"https:\\\/\\\/hotel96.com\\\/wp-content\\\/uploads\\\/2025\\\/12\\\/logo.png\",\"contentUrl\":\"https:\\\/\\\/hotel96.com\\\/wp-content\\\/uploads\\\/2025\\\/12\\\/logo.png\",\"width\":278,\"height\":85,\"caption\":\"H\u00f4tel 96 - Mareille\"},\"image\":{\"@id\":\"https:\\\/\\\/hotel96.com\\\/#\\\/schema\\\/logo\\\/image\\\/\"},\"sameAs\":[\"https:\\\/\\\/www.facebook.com\\\/Htel-96-301720049863669\\\/\",\"https:\\\/\\\/www.instagram.com\\\/hotel_96\\\/\",\"https:\\\/\\\/www.tripadvisor.fr\\\/Hotel_Review-g187253-d3802131-Reviews-Hotel_96-Marseille_Bouches_du_Rhone_Provence_Alpes_Cote_d_Azur.html\",\"https:\\\/\\\/www.linkedin.com\\\/company\\\/hotel-96\\\/\"]}]}<\/script>\n<!-- \/ Yoast SEO plugin. -->","yoast_head_json":{"title":"Marseille c\u00f4t\u00e9 mer - H\u00f4tel 96","robots":{"index":"index","follow":"follow","max-snippet":"max-snippet:-1","max-image-preview":"max-image-preview:large","max-video-preview":"max-video-preview:-1"},"canonical":"https:\/\/hotel96.com\/index.php\/c-marseille-bb\/marseille-cote-mer\/","og_locale":"fr_FR","og_type":"article","og_title":"Marseille c\u00f4t\u00e9 mer - H\u00f4tel 96","og_description":"Marseille c\u00f4t\u00e9 mer Marcher dans les calanques Les calanques les plus proches de l\u2019h\u00f4tel sont celles de Sormiou et de Morgiou (rendez-vous dans notre rubrique \u00ab\u00a0autour du 96\u00a0\u00bb pour des id\u00e9es de rando de ce c\u00f4t\u00e9 du parc). Nous vous recommandons \u00e9galement celles de Sugiton et de Marseilleveyre, puis du c\u00f4t\u00e9 de Cassis, celles de [&hellip;]","og_url":"https:\/\/hotel96.com\/index.php\/c-marseille-bb\/marseille-cote-mer\/","og_site_name":"H\u00f4tel 96","article_publisher":"https:\/\/www.facebook.com\/Htel-96-301720049863669\/","article_modified_time":"2026-04-05T14:00:27+00:00","og_image":[{"url":"https:\/\/hotel96.com\/wp-content\/uploads\/2026\/03\/voile-1024x756.png","type":"","width":"","height":""}],"twitter_card":"summary_large_image","twitter_misc":{"Dur\u00e9e de lecture estim\u00e9e":"2 minutes"},"schema":{"@context":"https:\/\/schema.org","@graph":[{"@type":"WebPage","@id":"https:\/\/hotel96.com\/index.php\/c-marseille-bb\/marseille-cote-mer\/","url":"https:\/\/hotel96.com\/index.php\/c-marseille-bb\/marseille-cote-mer\/","name":"Marseille c\u00f4t\u00e9 mer - H\u00f4tel 96","isPartOf":{"@id":"https:\/\/hotel96.com\/#website"},"primaryImageOfPage":{"@id":"https:\/\/hotel96.com\/index.php\/c-marseille-bb\/marseille-cote-mer\/#primaryimage"},"image":{"@id":"https:\/\/hotel96.com\/index.php\/c-marseille-bb\/marseille-cote-mer\/#primaryimage"},"thumbnailUrl":"https:\/\/hotel96.com\/wp-content\/uploads\/2026\/03\/voile-1024x756.png","datePublished":"2026-03-18T15:10:25+00:00","dateModified":"2026-04-05T14:00:27+00:00","breadcrumb":{"@id":"https:\/\/hotel96.com\/index.php\/c-marseille-bb\/marseille-cote-mer\/#breadcrumb"},"inLanguage":"fr-FR","potentialAction":[{"@type":"ReadAction","target":["https:\/\/hotel96.com\/index.php\/c-marseille-bb\/marseille-cote-mer\/"]}]},{"@type":"ImageObject","inLanguage":"fr-FR","@id":"https:\/\/hotel96.com\/index.php\/c-marseille-bb\/marseille-cote-mer\/#primaryimage","url":"https:\/\/hotel96.com\/wp-content\/uploads\/2026\/03\/voile.png","contentUrl":"https:\/\/hotel96.com\/wp-content\/uploads\/2026\/03\/voile.png","width":1134,"height":837},{"@type":"BreadcrumbList","@id":"https:\/\/hotel96.com\/index.php\/c-marseille-bb\/marseille-cote-mer\/#breadcrumb","itemListElement":[{"@type":"ListItem","position":1,"name":"Accueil","item":"https:\/\/hotel96.com\/index.php\/fr\/accueil\/"},{"@type":"ListItem","position":2,"name":"C \u00a0MARSEILLE \u00a0BB !!","item":"https:\/\/hotel96.com\/index.php\/fr\/c-marseille-bb\/"},{"@type":"ListItem","position":3,"name":"Marseille c\u00f4t\u00e9 mer"}]},{"@type":"WebSite","@id":"https:\/\/hotel96.com\/#website","url":"https:\/\/hotel96.com\/","name":"H\u00f4tel 96 - Marseille","description":"","publisher":{"@id":"https:\/\/hotel96.com\/#organization"},"potentialAction":[{"@type":"SearchAction","target":{"@type":"EntryPoint","urlTemplate":"https:\/\/hotel96.com\/?s={search_term_string}"},"query-input":{"@type":"PropertyValueSpecification","valueRequired":true,"valueName":"search_term_string"}}],"inLanguage":"fr-FR"},{"@type":"Organization","@id":"https:\/\/hotel96.com\/#organization","name":"H\u00f4tel 96 - Mareille","url":"https:\/\/hotel96.com\/","logo":{"@type":"ImageObject","inLanguage":"fr-FR","@id":"https:\/\/hotel96.com\/#\/schema\/logo\/image\/","url":"https:\/\/hotel96.com\/wp-content\/uploads\/2025\/12\/logo.png","contentUrl":"https:\/\/hotel96.com\/wp-content\/uploads\/2025\/12\/logo.png","width":278,"height":85,"caption":"H\u00f4tel 96 - Mareille"},"image":{"@id":"https:\/\/hotel96.com\/#\/schema\/logo\/image\/"},"sameAs":["https:\/\/www.facebook.com\/Htel-96-301720049863669\/","https:\/\/www.instagram.com\/hotel_96\/","https:\/\/www.tripadvisor.fr\/Hotel_Review-g187253-d3802131-Reviews-Hotel_96-Marseille_Bouches_du_Rhone_Provence_Alpes_Cote_d_Azur.html","https:\/\/www.linkedin.com\/company\/hotel-96\/"]}]}},"_links":{"self":[{"href":"https:\/\/hotel96.com\/index.php\/wp-json\/wp\/v2\/pages\/1004","targetHints":{"allow":["GET"]}}],"collection":[{"href":"https:\/\/hotel96.com\/index.php\/wp-json\/wp\/v2\/pages"}],"about":[{"href":"https:\/\/hotel96.com\/index.php\/wp-json\/wp\/v2\/types\/page"}],"author":[{"embeddable":true,"href":"https:\/\/hotel96.com\/index.php\/wp-json\/wp\/v2\/users\/1"}],"replies":[{"embeddable":true,"href":"https:\/\/hotel96.com\/index.php\/wp-json\/wp\/v2\/comments?post=1004"}],"version-history":[{"count":30,"href":"https:\/\/hotel96.com\/index.php\/wp-json\/wp\/v2\/pages\/1004\/revisions"}],"predecessor-version":[{"id":2191,"href":"https:\/\/hotel96.com\/index.php\/wp-json\/wp\/v2\/pages\/1004\/revisions\/2191"}],"up":[{"embeddable":true,"href":"https:\/\/hotel96.com\/index.php\/wp-json\/wp\/v2\/pages\/89"}],"wp:attachment":[{"href":"https:\/\/hotel96.com\/index.php\/wp-json\/wp\/v2\/media?parent=1004"}],"curies":[{"name":"wp","href":"https:\/\/api.w.org\/{rel}","templated":true}]}}